{"id":7445,"date":"2025-07-30T11:25:11","date_gmt":"2025-07-30T09:25:11","guid":{"rendered":"https:\/\/spartangym.microweb.cz\/skupinove-lekce\/hiit-copy\/"},"modified":"2025-07-31T14:06:24","modified_gmt":"2025-07-31T12:06:24","slug":"tabata","status":"publish","type":"page","link":"http:\/\/spartangym.microweb.cz\/en\/skupinove-lekce\/tabata\/","title":{"rendered":"Tabata"},"content":{"rendered":"<p><\/p>\n\n<!--themify_builder_content-->\n<div id=\"themify_builder_content-7445\" data-postid=\"7445\" class=\"themify_builder_content themify_builder_content-7445 themify_builder tf_clear\">\n                    <div  data-lazy=\"1\" class=\"module_row themify_builder_row tb_mru7102 tb_first tf_w\">\n            <span  class=\"builder_row_cover tf_abs\" data-lazy=\"1\"><\/span>            <div class=\"row_inner col_align_top tb_col_count_1 tf_box tf_rel\">\n                        <div  data-lazy=\"1\" class=\"module_column tb-column col-full tb_8o4a069 first\">\n                            <div  data-lazy=\"1\" class=\"module_subrow themify_builder_sub_row tf_w col_align_top tb_col_count_1 tb_4ikt951\">\n                <div  data-lazy=\"1\" class=\"module_column sub_column col-full tb_ijxb809 first\">\n                    <!-- module text -->\n<div  class=\"module module-text tb_uf40960 moving\" data-lazy=\"1\">\n        <div  class=\"tb_text_wrap\">\n        <h1 style=\"text-align: left;\">Tabata<\/h1>    <\/div>\n<\/div>\n<!-- \/module text -->        <\/div>\n                    <\/div>\n                <div  data-lazy=\"1\" class=\"module_subrow themify_builder_sub_row tf_w col_align_top gutter-none tb_col_count_2 tb_hcel095\">\n                <div  data-lazy=\"1\" class=\"module_column sub_column col4-2 tb_bw52095 first\">\n                    <!-- module text -->\n<div  class=\"module module-text tb_fny3666\" data-lazy=\"1\">\n        <div  class=\"tb_text_wrap\">\n        <h2>Sm\u00edchov<\/h2>\n<p data-start=\"68\" data-end=\"505\">Tabata is a form of high-intensity interval training that combines 20 seconds of maximum effort with 10 seconds of rest over several rounds. In 45 minutes, you\u2019ll experience dynamic exercises using your own bodyweight and equipment, rapid exercise changes without boredom, muscle strengthening, improved fitness, and a solid dose of endorphins. Under the guidance of an experienced coach, everyone can adjust the pace to their abilities \u2013 making the class suitable for both beginners and advanced participants.<\/p>    <\/div>\n<\/div>\n<!-- \/module text --><!-- module buttons -->\n<div  class=\"module module-buttons tb_7ams907 buttons-horizontal solid  small circle\" data-lazy=\"1\">\n        <div class=\"module-buttons-item tf_in_flx\">\n                        <a href=\"http:\/\/spartangym.microweb.cz\/en\/rozvrh\/#smichov\" class=\"ui builder_button tf_in_flx red\" >\n                                    <em><svg  class=\"tf_fa tf-fas-calendar-alt\" aria-hidden=\"true\"><use href=\"#tf-fas-calendar-alt\"><\/use><\/svg><\/em>                                        schedule                                        <\/a>\n                <\/div>\n                    <div class=\"module-buttons-item tf_in_flx\">\n                        <a href=\"http:\/\/spartangym.microweb.cz\/en\/skupinove-lekce\/\" class=\"ui builder_button tf_in_flx tb_default_color\" >\n                                    <em><svg  class=\"tf_fa tf-fas-people-group\" aria-hidden=\"true\"><use href=\"#tf-fas-people-group\"><\/use><\/svg><\/em>                                        Group classes                                        <\/a>\n                <\/div>\n            <\/div>\n<!-- \/module buttons -->\n        <\/div>\n                    <div  data-lazy=\"1\" class=\"module_column sub_column col4-2 tb_iusv095 last\">\n                            <\/div>\n                    <\/div>\n                <\/div>\n                        <\/div>\n        <\/div>\n                        <div  data-lazy=\"1\" class=\"module_row themify_builder_row tb_ease995 tf_w\">\n            <span  class=\"builder_row_cover tf_abs\" data-lazy=\"1\"><\/span>            <div class=\"row_inner col_align_middle tb_col_count_2 tf_box tf_rel\">\n                        <div  data-lazy=\"1\" class=\"module_column tb-column col4-2 tb_sejz365 first\">\n                    <!-- module image -->\n<div  class=\"module module-image tb_y9z1538 image-top   auto_fullwidth tf_mw\" data-lazy=\"1\" data-lax-translate-y=\"(vh*1) 0,(vh*0) -70\" data-lax=\"true\">\n        <div class=\"image-wrap tf_rel tf_mw\">\n            <img loading=\"lazy\" decoding=\"async\" src=\"https:\/\/spartangym.microweb.cz\/wp-content\/uploads\/2025\/06\/pripravujeme-1.jpg\" width=\"2000\" height=\"1200\" title=\"Tabata\" alt=\"Tabata\">    \n        <\/div>\n    <!-- \/image-wrap -->\n    \n        <\/div>\n<!-- \/module image --><!-- module image -->\n<div  class=\"module module-image tb_x99x630 image-right   auto_fullwidth tf_mw tb_gs525d7\" data-lazy=\"1\" data-lax-translate-y=\"(vh*1) 0,(vh*0) -140\" data-lax=\"true\">\n        <div class=\"image-wrap tf_rel tf_mw\">\n            <img loading=\"lazy\" decoding=\"async\" src=\"https:\/\/spartangym.microweb.cz\/wp-content\/uploads\/2025\/06\/pripravujeme-1.jpg\" width=\"2000\" height=\"1200\" title=\"Tabata\" alt=\"Tabata\">    \n        <\/div>\n    <!-- \/image-wrap -->\n    \n        <\/div>\n<!-- \/module image -->        <\/div>\n                    <div  data-lazy=\"1\" class=\"module_column tb-column col4-2 tb_dfmw908 last\">\n                            <div  data-lazy=\"1\" class=\"module_subrow themify_builder_sub_row tf_w col_align_top tb_col_count_1 tb_ak3i939\">\n                <div  data-lazy=\"1\" class=\"module_column sub_column col-full tb_qrln058 first\">\n                    <!-- module feature -->\n<div  class=\"module module-feature tb_736y805 no-chart layout-icon-left size-custom\" data-layout-mobile=\"icon-left\" data-layout-desktop=\"icon-left\" data-lazy=\"1\">\n        <div class=\"module-feature-image tf_textc tf_rel\">\n                            <span class=\"module-feature-chart-html5 tf_box tf_rel tf_inline_b\" style=\"width:80px;height:80px;background-color:#c41215\">\n                                <span class=\"chart-html5-circle tf_w tf_h\">\n                                            <em class=\"module-feature-icon tf_rel\" style=\"color:#ffffff\"><svg  class=\"tf_fa tf-fas-bolt\" aria-hidden=\"true\"><use href=\"#tf-fas-bolt\"><\/use><\/svg><\/em>\n                                    <\/span>\n\n                \n            <\/span>\n                <\/div>\n    <div class=\"module-feature-content tf_textc\">\n                    <h3 class=\"module-feature-title\">\n                            Fast and effective workout                        <\/h3>\n                    <div class=\"tb_text_wrap\">\n            <p>45 minutes of intense training using bodyweight or equipment.<\/p>        <\/div>\n    <\/div>\n<\/div>\n<!-- \/module feature -->\n<!-- module feature -->\n<div  class=\"module module-feature tb_b3x5081 no-chart layout-icon-left size-custom\" data-layout-mobile=\"icon-left\" data-layout-desktop=\"icon-left\" data-lazy=\"1\">\n        <div class=\"module-feature-image tf_textc tf_rel\">\n                            <span class=\"module-feature-chart-html5 tf_box tf_rel tf_inline_b\" style=\"width:80px;height:80px;background-color:#c41215\">\n                                <span class=\"chart-html5-circle tf_w tf_h\">\n                                            <em class=\"module-feature-icon tf_rel\" style=\"color:#ffffff\"><svg  class=\"tf_fa tf-fas-shuffle\" aria-hidden=\"true\"><use href=\"#tf-fas-shuffle\"><\/use><\/svg><\/em>\n                                    <\/span>\n\n                \n            <\/span>\n                <\/div>\n    <div class=\"module-feature-content tf_textc\">\n                    <h3 class=\"module-feature-title\">\n                            Rapid exercise changes                        <\/h3>\n                    <div class=\"tb_text_wrap\">\n            <p data-start=\"521\" data-end=\"586\">Boredom is definitely not an option.<\/p>        <\/div>\n    <\/div>\n<\/div>\n<!-- \/module feature -->\n<!-- module feature -->\n<div  class=\"module module-feature tb_4xdi902 no-chart layout-icon-left size-custom\" data-layout-mobile=\"icon-left\" data-layout-desktop=\"icon-left\" data-lazy=\"1\">\n        <div class=\"module-feature-image tf_textc tf_rel\">\n                            <span class=\"module-feature-chart-html5 tf_box tf_rel tf_inline_b\" style=\"width:80px;height:80px;background-color:#c41215\">\n                                <span class=\"chart-html5-circle tf_w tf_h\">\n                                            <em class=\"module-feature-icon tf_rel\" style=\"color:#ffffff\"><svg  class=\"tf_fa tf-fas-fire\" aria-hidden=\"true\"><use href=\"#tf-fas-fire\"><\/use><\/svg><\/em>\n                                    <\/span>\n\n                \n            <\/span>\n                <\/div>\n    <div class=\"module-feature-content tf_textc\">\n                    <h3 class=\"module-feature-title\">\n                            Burning calories and fat                        <\/h3>\n                    <div class=\"tb_text_wrap\">\n            <p>Muscle strengthening, improved fitness, and a solid dose of endorphins.<\/p>        <\/div>\n    <\/div>\n<\/div>\n<!-- \/module feature -->\n<!-- module feature -->\n<div  class=\"module module-feature tb_gqkz564 no-chart layout-icon-left size-custom\" data-layout-mobile=\"icon-left\" data-layout-desktop=\"icon-left\" data-lazy=\"1\">\n        <div class=\"module-feature-image tf_textc tf_rel\">\n                            <span class=\"module-feature-chart-html5 tf_box tf_rel tf_inline_b\" style=\"width:80px;height:80px;background-color:#c41215\">\n                                <span class=\"chart-html5-circle tf_w tf_h\">\n                                            <em class=\"module-feature-icon tf_rel\" style=\"color:#ffffff\"><svg  class=\"tf_fa tf-fas-user\" aria-hidden=\"true\"><use href=\"#tf-fas-user\"><\/use><\/svg><\/em>\n                                    <\/span>\n\n                \n            <\/span>\n                <\/div>\n    <div class=\"module-feature-content tf_textc\">\n                    <h3 class=\"module-feature-title\">\n                            Individual approach                        <\/h3>\n                    <div class=\"tb_text_wrap\">\n            <p>Under the guidance of an experienced coach, everyone trains at their own pace.<\/p>        <\/div>\n    <\/div>\n<\/div>\n<!-- \/module feature -->\n        <\/div>\n                    <\/div>\n                <\/div>\n                        <\/div>\n        <\/div>\n                        <div  data-lazy=\"1\" class=\"module_row themify_builder_row tb_jwmb404 tf_w\">\n                        <div class=\"row_inner col_align_top tb_col_count_1 tf_box tf_rel\">\n                        <div  data-lazy=\"1\" class=\"module_column tb-column col-full tb_bep9004 first\">\n                    <!-- module text -->\n<div  class=\"module module-text tb_qi31048\" data-lazy=\"1\">\n        <div  class=\"tb_text_wrap\">\n        <h2>Tabata coaches<\/h2>\n<p data-start=\"109\" data-end=\"323\">The class is led by an experienced coach who will guide you through each interval, ensure proper technique, and motivate you to perform at your best \u2013 always tailored to your level.<\/p>    <\/div>\n<\/div>\n<!-- \/module text -->        <\/div>\n                        <\/div>\n        <\/div>\n                        <div  data-lazy=\"1\" class=\"module_row themify_builder_row tb_q7pg096 tf_w\">\n                        <div class=\"row_inner col_align_top tb_col_count_1 tf_box tf_rel\">\n                        <div  data-lazy=\"1\" class=\"module_column tb-column col-full tb_a9i0964 first\">\n                            <div  data-lazy=\"1\" class=\"module_subrow themify_builder_sub_row tf_w col_align_top tb_col_count_3 tb_5jhb059\">\n                <div  data-lazy=\"1\" class=\"module_column sub_column col3-1 tb_2va2958 first\">\n        <span  class=\"builder_row_cover tf_abs\" data-lazy=\"1\"><\/span>                    <div  data-lazy=\"1\" class=\"module_subrow themify_builder_sub_row tf_w col_align_top tb_col_count_1 tb_7543978\">\n                <div  data-lazy=\"1\" class=\"module_column sub_column col-full tb_kme7978 first\">\n                    <!-- module text -->\n<div  class=\"module module-text tb_xz95978\" data-lazy=\"1\">\n        <div  class=\"tb_text_wrap\">\n        <h3 style=\"text-align: left;\">Lucia Vantrubov\u00e1<\/h3>    <\/div>\n<\/div>\n<!-- \/module text --><!-- module icon -->\n<div  class=\"module module-icon tb_ovrs978    icon_vertical\" data-lazy=\"1\">\n            <div class=\"module-icon-item\">\n                            <a href=\"https:\/\/www.instagram.com\/lu_cy_in_the_sky\" rel=\"noopener\" target=\"_blank\">\n                                                                    <em class=\"tf_box\" style=\"background-color:rgba(0,0,0, 0);color:#ffffff\"><svg  class=\"tf_fa tf-fab-instagram\" aria-hidden=\"true\"><use href=\"#tf-fab-instagram\"><\/use><\/svg><\/em>\n                                                                            <span>lu_cy_in_the_sky<\/span>\n                                                                    <\/a>\n                    <\/div>\n            <div class=\"module-icon-item\">\n                            <a href=\"mailto:lucia.vantrubova@gmail.com\" rel=\"noopener\" target=\"_blank\">\n                                                                    <em class=\"tf_box\" style=\"background-color:rgba(0,0,0, 0);color:#ffffff\"><svg  class=\"tf_fa tf-fas-envelope\" aria-hidden=\"true\"><use href=\"#tf-fas-envelope\"><\/use><\/svg><\/em>\n                                                                            <span>lucia.vantrubova@gmail.com<\/span>\n                                                                    <\/a>\n                    <\/div>\n    <\/div>\n<!-- \/module icon -->\n        <\/div>\n                    <\/div>\n                <\/div>\n                    <div  data-lazy=\"1\" class=\"module_column sub_column col3-1 tb_jyhb855\">\n                            <\/div>\n                    <div  data-lazy=\"1\" class=\"module_column sub_column col3-1 tb_rsn2905 last\">\n                            <\/div>\n                    <\/div>\n                <\/div>\n                        <\/div>\n        <\/div>\n        <\/div>\n<!--\/themify_builder_content-->","protected":false},"excerpt":{"rendered":"","protected":false},"author":1,"featured_media":0,"parent":4408,"menu_order":0,"comment_status":"closed","ping_status":"closed","template":"","meta":{"footnotes":""},"class_list":["post-7445","page","type-page","status-publish","hentry","has-post-title","has-post-date","has-post-category","has-post-tag","has-post-comment","has-post-author",""],"builder_content":"<h1 style=\"text-align: left;\">Tabata<\/h1>\n<h2>Sm\u00edchov<\/h2> <p data-start=\"68\" data-end=\"505\">Tabata je forma intenzivn\u00edho intervalov\u00e9ho tr\u00e9ninku, kter\u00e1 kombinuje 20 sekund maxim\u00e1ln\u00edho v\u00fdkonu s 10 sekundami odpo\u010dinku v n\u011bkolika kolech. B\u011bhem 45 minut t\u011b \u010dek\u00e1 dynamick\u00e9 cvi\u010den\u00ed s vlastn\u00edm t\u011blem i pom\u016fckami, rychl\u00e9 st\u0159\u00edd\u00e1n\u00ed cvik\u016f bez nudy, pos\u00edlen\u00ed sval\u016f, zlep\u0161en\u00ed kondice a po\u0159\u00e1dn\u00e1 d\u00e1vka endorfin\u016f. Pod dohledem zku\u0161en\u00e9ho tren\u00e9ra si ka\u017ed\u00fd p\u0159izp\u016fsob\u00ed tempo sv\u00fdm mo\u017enostem \u2013 lekce je tak vhodn\u00e1 pro za\u010d\u00e1te\u010dn\u00edky i pokro\u010dil\u00e9.<\/p>\n<a href=\"\/rozvrh\/#smichov\" > <em><svg aria-hidden=\"true\"><use href=\"#tf-fas-calendar-alt\"><\/use><\/svg><\/em> rozvrh <\/a> <a href=\"\/skupinove-lekce\" > <em><svg aria-hidden=\"true\"><use href=\"#tf-fas-people-group\"><\/use><\/svg><\/em> Skupinov\u00e9 lekce <\/a>\n<img src=\"https:\/\/spartangym.microweb.cz\/wp-content\/uploads\/2025\/06\/pripravujeme-1.jpg\" width=\"2000\" height=\"1200\" title=\"Tabata\" alt=\"Tabata\">\n<img src=\"https:\/\/spartangym.microweb.cz\/wp-content\/uploads\/2025\/06\/pripravujeme-1.jpg\" width=\"2000\" height=\"1200\" title=\"Tabata\" alt=\"Tabata\">\n<em style=\"color:#ffffff\"><svg aria-hidden=\"true\"><use href=\"#tf-fas-bolt\"><\/use><\/svg><\/em> \n <h3> Rychl\u00e9 a efektivn\u00ed cvi\u010den\u00ed <\/h3> <p>45 minut intenzivn\u00edho tr\u00e9ninku s vlastn\u00edm t\u011blem nebo pom\u016fckami.<\/p>\n<em style=\"color:#ffffff\"><svg aria-hidden=\"true\"><use href=\"#tf-fas-shuffle\"><\/use><\/svg><\/em> \n <h3> Rychl\u00e9 st\u0159\u00edd\u00e1n\u00ed cvik\u016f <\/h3> <p data-start=\"521\" data-end=\"586\">Nuda rozhodn\u011b nehroz\u00ed.<\/p>\n<em style=\"color:#ffffff\"><svg aria-hidden=\"true\"><use href=\"#tf-fas-fire\"><\/use><\/svg><\/em> \n <h3> Spalov\u00e1n\u00ed kalori\u00ed a tuk\u016f <\/h3> <p>Pos\u00edlen\u00ed sval\u016f, zlep\u0161en\u00ed kondice a po\u0159\u00e1dn\u00e1 d\u00e1vka endorfin\u016f.<\/p>\n<em style=\"color:#ffffff\"><svg aria-hidden=\"true\"><use href=\"#tf-fas-user\"><\/use><\/svg><\/em> \n <h3> Individu\u00e1ln\u00ed p\u0159\u00edstup <\/h3> <p>Pod dohledem zku\u0161en\u00e9ho tren\u00e9ra, ka\u017ed\u00fd cvi\u010d\u00ed sv\u00fdm tempem.<\/p>\n<h2>Tabata tren\u00e9\u0159i<\/h2> <p data-start=\"109\" data-end=\"323\">Lekci vede zku\u0161en\u00fd tren\u00e9r, kter\u00fd t\u011b provede jednotliv\u00fdmi intervaly, pohl\u00edd\u00e1 spr\u00e1vnou techniku a motivuje t\u011b k maxim\u00e1ln\u00edmu v\u00fdkonu \u2013 v\u017edy p\u0159izp\u016fsoben\u00e9mu tv\u00e9 \u00farovni.<\/p>\n<h3 style=\"text-align: left;\">Lucia Vantrubov\u00e1<\/h3>\n<a href=\"https:\/\/www.instagram.com\/lu_cy_in_the_sky\" rel=\"noopener\" target=\"_blank\"> <em style=\"background-color:rgba(0,0,0, 0);color:#ffffff\"><svg aria-hidden=\"true\"><use href=\"#tf-fab-instagram\"><\/use><\/svg><\/em> lu_cy_in_the_sky <\/a> <a href=\"mailto:lucia.vantrubova@gmail.com\" rel=\"noopener\" target=\"_blank\"> <em style=\"background-color:rgba(0,0,0, 0);color:#ffffff\"><svg aria-hidden=\"true\"><use href=\"#tf-fas-envelope\"><\/use><\/svg><\/em> lucia.vantrubova@gmail.com <\/a>","_links":{"self":[{"href":"http:\/\/spartangym.microweb.cz\/en\/wp-json\/wp\/v2\/pages\/7445","targetHints":{"allow":["GET"]}}],"collection":[{"href":"http:\/\/spartangym.microweb.cz\/en\/wp-json\/wp\/v2\/pages"}],"about":[{"href":"http:\/\/spartangym.microweb.cz\/en\/wp-json\/wp\/v2\/types\/page"}],"author":[{"embeddable":true,"href":"http:\/\/spartangym.microweb.cz\/en\/wp-json\/wp\/v2\/users\/1"}],"replies":[{"embeddable":true,"href":"http:\/\/spartangym.microweb.cz\/en\/wp-json\/wp\/v2\/comments?post=7445"}],"version-history":[{"count":15,"href":"http:\/\/spartangym.microweb.cz\/en\/wp-json\/wp\/v2\/pages\/7445\/revisions"}],"predecessor-version":[{"id":7669,"href":"http:\/\/spartangym.microweb.cz\/en\/wp-json\/wp\/v2\/pages\/7445\/revisions\/7669"}],"up":[{"embeddable":true,"href":"http:\/\/spartangym.microweb.cz\/en\/wp-json\/wp\/v2\/pages\/4408"}],"wp:attachment":[{"href":"http:\/\/spartangym.microweb.cz\/en\/wp-json\/wp\/v2\/media?parent=7445"}],"curies":[{"name":"wp","href":"https:\/\/api.w.org\/{rel}","templated":true}]}}