{"id":7212,"date":"2025-07-16T13:52:22","date_gmt":"2025-07-16T11:52:22","guid":{"rendered":"https:\/\/spartangym.microweb.cz\/skupinove-lekce\/bodystyling-copy\/"},"modified":"2025-07-31T12:58:58","modified_gmt":"2025-07-31T10:58:58","slug":"grappling","status":"publish","type":"page","link":"http:\/\/spartangym.microweb.cz\/en\/skupinove-lekce\/grappling\/","title":{"rendered":"Grappling"},"content":{"rendered":"<p><\/p>\n\n<!--themify_builder_content-->\n<div id=\"themify_builder_content-7212\" data-postid=\"7212\" class=\"themify_builder_content themify_builder_content-7212 themify_builder tf_clear\">\n                    <div  data-lazy=\"1\" class=\"module_row themify_builder_row tb_44sc964 tb_first tf_w\">\n            <span  class=\"builder_row_cover tf_abs\" data-lazy=\"1\"><\/span>            <div class=\"row_inner col_align_top tb_col_count_1 tf_box tf_rel\">\n                        <div  data-lazy=\"1\" class=\"module_column tb-column col-full tb_k1hz964 first\">\n                            <div  data-lazy=\"1\" class=\"module_subrow themify_builder_sub_row tf_w col_align_top tb_col_count_1 tb_7xt9964\">\n                <div  data-lazy=\"1\" class=\"module_column sub_column col-full tb_1iqj964 first\">\n                    <!-- module text -->\n<div  class=\"module module-text tb_v9j0964 moving\" data-lazy=\"1\">\n        <div  class=\"tb_text_wrap\">\n        <h1 style=\"text-align: left;\">Grappling<\/h1>    <\/div>\n<\/div>\n<!-- \/module text -->        <\/div>\n                    <\/div>\n                <div  data-lazy=\"1\" class=\"module_subrow themify_builder_sub_row tf_w col_align_top gutter-none tb_col_count_2 tb_vcuq964\">\n                <div  data-lazy=\"1\" class=\"module_column sub_column col4-2 tb_jclh964 first\">\n                    <!-- module text -->\n<div  class=\"module module-text tb_6hoj964\" data-lazy=\"1\">\n        <div  class=\"tb_text_wrap\">\n        <h2>Sm\u00edchov<\/h2>\n<p><span class=\"x193iq5w xeuugli x13faqbe x1vvkbs xlh3980 xvmahel x1n0sxbx x1lliihq x1s928wv xhkezso x1gmr53x x1cpjm7i x1fgarty x1943h6x xudqn12 x3x7a5m x6prxxf xvq8zen xo1l8bm xzsf02u\" dir=\"auto\">Grappling classes are suitable for both beginners and advanced athletes, focusing on the complete development of a fighter. Each session starts with a warm-up and basic gymnastics, followed by practicing wrestling and ground techniques. Positional and free sparring adapted to participants\u2019 skill levels is also part of the class. The lessons further develop movement skills, coordination, and body awareness.<\/span><\/p>    <\/div>\n<\/div>\n<!-- \/module text --><!-- module buttons -->\n<div  class=\"module module-buttons tb_sqew964 buttons-horizontal solid  small circle\" data-lazy=\"1\">\n        <div class=\"module-buttons-item tf_in_flx\">\n                        <a href=\"http:\/\/spartangym.microweb.cz\/en\/skupinove-lekce\/\" class=\"ui builder_button tf_in_flx tb_default_color\" >\n                                    <em><svg  class=\"tf_fa tf-fas-people-group\" aria-hidden=\"true\"><use href=\"#tf-fas-people-group\"><\/use><\/svg><\/em>                                        Group classes                                        <\/a>\n                <\/div>\n            <\/div>\n<!-- \/module buttons -->\n        <\/div>\n                    <div  data-lazy=\"1\" class=\"module_column sub_column col4-2 tb_nij0964 last\">\n                            <\/div>\n                    <\/div>\n                <\/div>\n                        <\/div>\n        <\/div>\n                        <div  data-lazy=\"1\" class=\"module_row themify_builder_row tb_bp37674 tf_w\">\n            <span  class=\"builder_row_cover tf_abs\" data-lazy=\"1\"><\/span>            <div class=\"row_inner col_align_middle tb_col_count_2 tf_box tf_rel\">\n                        <div  data-lazy=\"1\" class=\"module_column tb-column col4-2 tb_o2u0674 first\">\n                    <!-- module image -->\n<div  class=\"module module-image tb_92hf674 image-top   auto_fullwidth tf_mw\" data-lazy=\"1\" data-lax-translate-y=\"(vh*1) 0,(vh*0) -70\" data-lax=\"true\">\n        <div class=\"image-wrap tf_rel tf_mw\">\n            <img loading=\"lazy\" decoding=\"async\" src=\"https:\/\/spartangym.microweb.cz\/wp-content\/uploads\/2025\/07\/grappling2.jpeg\" width=\"2000\" height=\"1200\" title=\"Grappling\" alt=\"Grappling\">    \n        <\/div>\n    <!-- \/image-wrap -->\n    \n        <\/div>\n<!-- \/module image --><!-- module image -->\n<div  class=\"module module-image tb_gr6t674 image-right   auto_fullwidth tf_mw tb_gs525d7\" data-lazy=\"1\" data-lax-translate-y=\"(vh*1) 0,(vh*0) -140\" data-lax=\"true\">\n        <div class=\"image-wrap tf_rel tf_mw\">\n            <img loading=\"lazy\" decoding=\"async\" src=\"https:\/\/spartangym.microweb.cz\/wp-content\/uploads\/2025\/07\/grappling1.jpeg\" width=\"2000\" height=\"1200\" title=\"Grappling\" alt=\"Grappling\">    \n        <\/div>\n    <!-- \/image-wrap -->\n    \n        <\/div>\n<!-- \/module image -->        <\/div>\n                    <div  data-lazy=\"1\" class=\"module_column tb-column col4-2 tb_bl0b674 last\">\n                            <div  data-lazy=\"1\" class=\"module_subrow themify_builder_sub_row tf_w col_align_top tb_col_count_1 tb_crfj674\">\n                <div  data-lazy=\"1\" class=\"module_column sub_column col-full tb_0wob674 first\">\n                    <!-- module feature -->\n<div  class=\"module module-feature tb_fz0d674 no-chart layout-icon-left size-custom\" data-layout-mobile=\"icon-left\" data-layout-desktop=\"icon-left\" data-lazy=\"1\">\n        <div class=\"module-feature-image tf_textc tf_rel\">\n                            <span class=\"module-feature-chart-html5 tf_box tf_rel tf_inline_b\" style=\"width:80px;height:80px;background-color:#c41215\">\n                                <span class=\"chart-html5-circle tf_w tf_h\">\n                                            <em class=\"module-feature-icon tf_rel\" style=\"color:#ffffff\"><svg  class=\"tf_fa tf-fas-calendar-alt\" aria-hidden=\"true\"><use href=\"#tf-fas-calendar-alt\"><\/use><\/svg><\/em>\n                                    <\/span>\n\n                \n            <\/span>\n                <\/div>\n    <div class=\"module-feature-content tf_textc\">\n                    <h3 class=\"module-feature-title\">\n                            Sunday 10:00\u201311:30 AM                        <\/h3>\n                    <div class=\"tb_text_wrap\">\n            <p>The class takes place every Sunday, no registration needed \u2014 just show up. All you need is sportswear and a mouthguard.<\/p>        <\/div>\n    <\/div>\n<\/div>\n<!-- \/module feature -->\n<!-- module feature -->\n<div  class=\"module module-feature tb_3vly674 no-chart layout-icon-left size-custom\" data-layout-mobile=\"icon-left\" data-layout-desktop=\"icon-left\" data-lazy=\"1\">\n        <div class=\"module-feature-image tf_textc tf_rel\">\n                            <span class=\"module-feature-chart-html5 tf_box tf_rel tf_inline_b\" style=\"width:80px;height:80px;background-color:#c41215\">\n                                <span class=\"chart-html5-circle tf_w tf_h\">\n                                            <em class=\"module-feature-icon tf_rel\" style=\"color:#ffffff\"><svg  class=\"tf_fa tf-fas-child-reaching\" aria-hidden=\"true\"><use href=\"#tf-fas-child-reaching\"><\/use><\/svg><\/em>\n                                    <\/span>\n\n                \n            <\/span>\n                <\/div>\n    <div class=\"module-feature-content tf_textc\">\n                    <h3 class=\"module-feature-title\">\n                            Physical strength and fitness                        <\/h3>\n                    <div class=\"tb_text_wrap\">\n            <p class=\"p1\">You\u2019ll improve physical fitness, overall strength, and body control. Training will push you further in mobility, coordination, and fighting technique.<\/p>        <\/div>\n    <\/div>\n<\/div>\n<!-- \/module feature -->\n<!-- module feature -->\n<div  class=\"module module-feature tb_p6x4674 no-chart layout-icon-left size-custom\" data-layout-mobile=\"icon-left\" data-layout-desktop=\"icon-left\" data-lazy=\"1\">\n        <div class=\"module-feature-image tf_textc tf_rel\">\n                            <span class=\"module-feature-chart-html5 tf_box tf_rel tf_inline_b\" style=\"width:80px;height:80px;background-color:#c41215\">\n                                <span class=\"chart-html5-circle tf_w tf_h\">\n                                            <em class=\"module-feature-icon tf_rel\" style=\"color:#ffffff\"><svg  class=\"tf_fa tf-fas-brain\" aria-hidden=\"true\"><use href=\"#tf-fas-brain\"><\/use><\/svg><\/em>\n                                    <\/span>\n\n                \n            <\/span>\n                <\/div>\n    <div class=\"module-feature-content tf_textc\">\n                    <h3 class=\"module-feature-title\">\n                            Mental resilience                        <\/h3>\n                    <div class=\"tb_text_wrap\">\n            <p class=\"p1\">You\u2019ll build inner strength, improve your ability to h<span class=\"x193iq5w xeuugli x13faqbe x1vvkbs xlh3980 xvmahel x1n0sxbx x1lliihq x1s928wv xhkezso x1gmr53x x1cpjm7i x1fgarty x1943h6x xudqn12 x3x7a5m x6prxxf xvq8zen xo1l8bm xzsf02u\" dir=\"auto\">andle stressful situations<\/span> , and gain skills useful not only in sports but also in everyday life.<\/p>        <\/div>\n    <\/div>\n<\/div>\n<!-- \/module feature -->\n<!-- module feature -->\n<div  class=\"module module-feature tb_xrvu674 no-chart layout-icon-left size-custom\" data-layout-mobile=\"icon-left\" data-layout-desktop=\"icon-left\" data-lazy=\"1\">\n        <div class=\"module-feature-image tf_textc tf_rel\">\n                            <span class=\"module-feature-chart-html5 tf_box tf_rel tf_inline_b\" style=\"width:80px;height:80px;background-color:#c41215\">\n                                <span class=\"chart-html5-circle tf_w tf_h\">\n                                            <em class=\"module-feature-icon tf_rel\" style=\"color:#ffffff\"><svg  class=\"tf_fa tf-fas-shield-alt\" aria-hidden=\"true\"><use href=\"#tf-fas-shield-alt\"><\/use><\/svg><\/em>\n                                    <\/span>\n\n                \n            <\/span>\n                <\/div>\n    <div class=\"module-feature-content tf_textc\">\n                    <h3 class=\"module-feature-title\">\n                            Safe guidance for all levels                        <\/h3>\n                    <div class=\"tb_text_wrap\">\n            <p class=\"p1\">Beginners and advanced athletes train under supervision, s<span class=\"x193iq5w xeuugli x13faqbe x1vvkbs xlh3980 xvmahel x1n0sxbx x1lliihq x1s928wv xhkezso x1gmr53x x1cpjm7i x1fgarty x1943h6x xudqn12 x3x7a5m x6prxxf xvq8zen xo1l8bm xzsf02u\" dir=\"auto\">uitable as a complement to MMA, judo, BJJ, or as a stand-alone sport.<\/span><\/p>        <\/div>\n    <\/div>\n<\/div>\n<!-- \/module feature -->\n<!-- module feature -->\n<div  class=\"module module-feature tb_yfdu674 no-chart layout-icon-left size-custom\" data-layout-mobile=\"icon-left\" data-layout-desktop=\"icon-left\" data-lazy=\"1\">\n        <div class=\"module-feature-image tf_textc tf_rel\">\n                            <span class=\"module-feature-chart-html5 tf_box tf_rel tf_inline_b\" style=\"width:80px;height:80px;background-color:#c41215\">\n                                <span class=\"chart-html5-circle tf_w tf_h\">\n                                            <em class=\"module-feature-icon tf_rel\" style=\"color:#ffffff\"><svg  class=\"tf_fa tf-fas-people-group\" aria-hidden=\"true\"><use href=\"#tf-fas-people-group\"><\/use><\/svg><\/em>\n                                    <\/span>\n\n                \n            <\/span>\n                <\/div>\n    <div class=\"module-feature-content tf_textc\">\n                    <h3 class=\"module-feature-title\">\n                             Community and team spirit                        <\/h3>\n                    <div class=\"tb_text_wrap\">\n            <p class=\"p1\">Training includes a strong community of people and mutual motivation that will keep pushing you forward.<\/p>        <\/div>\n    <\/div>\n<\/div>\n<!-- \/module feature -->\n        <\/div>\n                    <\/div>\n                <\/div>\n                        <\/div>\n        <\/div>\n                        <div  data-lazy=\"1\" class=\"module_row themify_builder_row tb_gnl3022 tf_w\">\n                        <div class=\"row_inner col_align_top tb_col_count_1 tf_box tf_rel\">\n                        <div  data-lazy=\"1\" class=\"module_column tb-column col-full tb_7twd800 first\">\n                    <!-- module text -->\n<div  class=\"module module-text tb_sbzm848\" data-lazy=\"1\">\n        <div  class=\"tb_text_wrap\">\n        <h2>Grappling coaches<\/h2>\n<p data-start=\"109\" data-end=\"323\">Grappling coaches motivate you to perform, even if you\u2019re a beginner. They conduct classes with a focus on proper technique and safety of every movement.<\/p>    <\/div>\n<\/div>\n<!-- \/module text -->        <\/div>\n                        <\/div>\n        <\/div>\n                        <div  data-lazy=\"1\" class=\"module_row themify_builder_row tb_83oq002 tf_w\">\n                        <div class=\"row_inner col_align_top tb_col_count_1 tf_box tf_rel\">\n                        <div  data-lazy=\"1\" class=\"module_column tb-column col-full tb_cgwt020 first\">\n                            <div  data-lazy=\"1\" class=\"module_subrow themify_builder_sub_row tf_w col_align_top tb_col_count_3 tb_dhnl511\">\n                <div  data-lazy=\"1\" class=\"module_column sub_column col3-1 tb_3c9n511 first\">\n        <span  class=\"builder_row_cover tf_abs\" data-lazy=\"1\"><\/span>                    <div  data-lazy=\"1\" class=\"module_subrow themify_builder_sub_row tf_w col_align_top tb_col_count_1 tb_f52t511\">\n                <div  data-lazy=\"1\" class=\"module_column sub_column col-full tb_oknn511 first\">\n                    <!-- module text -->\n<div  class=\"module module-text tb_kcci511\" data-lazy=\"1\">\n        <div  class=\"tb_text_wrap\">\n        <h3 style=\"text-align: left;\">Michal Vavrou\u0161ek<\/h3>    <\/div>\n<\/div>\n<!-- \/module text --><!-- module icon -->\n<div  class=\"module module-icon tb_6fdb511    icon_vertical\" data-lazy=\"1\">\n            <div class=\"module-icon-item\">\n                            <a href=\"https:\/\/www.instagram.com\/michal_vavrousek\/\" rel=\"noopener\" target=\"_blank\">\n                                                                    <em class=\"tf_box\" style=\"background-color:rgba(0,0,0, 0);color:#ffffff\"><svg  class=\"tf_fa tf-fab-instagram\" aria-hidden=\"true\"><use href=\"#tf-fab-instagram\"><\/use><\/svg><\/em>\n                                                                            <span>michal_vavrousek<\/span>\n                                                                    <\/a>\n                    <\/div>\n            <div class=\"module-icon-item\">\n                            <a href=\"tel: 420 771 171 219\" rel=\"noopener\" target=\"_blank\">\n                                                                    <em class=\"tf_box\" style=\"background-color:rgba(0,0,0, 0);color:#ffffff\"><svg  class=\"tf_fa tf-fas-phone-alt\" aria-hidden=\"true\"><use href=\"#tf-fas-phone-alt\"><\/use><\/svg><\/em>\n                                                                            <span>+420 771 171 219<\/span>\n                                                                    <\/a>\n                    <\/div>\n    <\/div>\n<!-- \/module icon -->\n        <\/div>\n                    <\/div>\n                <\/div>\n                    <div  data-lazy=\"1\" class=\"module_column sub_column col3-1 tb_00r6511\">\n                            <\/div>\n                    <div  data-lazy=\"1\" class=\"module_column sub_column col3-1 tb_6hpy511 last\">\n                            <\/div>\n                    <\/div>\n                <\/div>\n                        <\/div>\n        <\/div>\n        <\/div>\n<!--\/themify_builder_content-->","protected":false},"excerpt":{"rendered":"","protected":false},"author":1,"featured_media":0,"parent":4408,"menu_order":0,"comment_status":"closed","ping_status":"closed","template":"","meta":{"footnotes":""},"class_list":["post-7212","page","type-page","status-publish","hentry","has-post-title","has-post-date","has-post-category","has-post-tag","has-post-comment","has-post-author",""],"builder_content":"<h1 style=\"text-align: left;\">Grappling<\/h1>\n<h2>Sm\u00edchov<\/h2> <p>Lekce grapplingu jsou vhodn\u00e9 pro za\u010d\u00e1te\u010dn\u00edky i pokro\u010dil\u00e9 a zam\u011b\u0159uj\u00ed se na komplexn\u00ed rozvoj bojovn\u00edka. Za\u010d\u00edn\u00e1me rozcvi\u010dkou a z\u00e1kladn\u00ed gymnastikou, n\u00e1sleduje n\u00e1cvik technik ve wrestlingu i na zemi. Sou\u010d\u00e1st\u00ed jsou tak\u00e9 pozi\u010dn\u00ed i voln\u00e9 sparingy p\u0159izp\u016fsoben\u00e9 \u00farovni \u00fa\u010dastn\u00edk\u016f. Lekce nav\u00edc rozv\u00edjej\u00ed pohybov\u00e9 dovednosti, koordinaci a vn\u00edm\u00e1n\u00ed vlastn\u00edho t\u011bla.<\/p>\n<a href=\"\/skupinove-lekce\" > <em><svg aria-hidden=\"true\"><use href=\"#tf-fas-people-group\"><\/use><\/svg><\/em> Skupinov\u00e9 lekce <\/a>\n<img src=\"https:\/\/spartangym.microweb.cz\/wp-content\/uploads\/2025\/07\/grappling2.jpeg\" width=\"2000\" height=\"1200\" title=\"Grappling\" alt=\"Grappling\">\n<img src=\"https:\/\/spartangym.microweb.cz\/wp-content\/uploads\/2025\/07\/grappling1.jpeg\" width=\"2000\" height=\"1200\" title=\"Grappling\" alt=\"Grappling\">\n<em style=\"color:#ffffff\"><svg aria-hidden=\"true\"><use href=\"#tf-fas-calendar-alt\"><\/use><\/svg><\/em> \n <h3> Ned\u011ble 10:00\u201311:30 <\/h3> <p>Lekce je ka\u017edou ned\u011bli, nemus\u00ed\u0161 se nikam hl\u00e1sit \u2013 sta\u010d\u00ed dorazit. Sta\u010d\u00ed ti sportovn\u00ed oble\u010den\u00ed a chr\u00e1ni\u010d na zuby.<\/p>\n<em style=\"color:#ffffff\"><svg aria-hidden=\"true\"><use href=\"#tf-fas-child-reaching\"><\/use><\/svg><\/em> \n <h3> Fyzick\u00e1 s\u00edla a kondice <\/h3> <p>Zlep\u0161\u00ed\u0161 fyzickou kondici, celkovou s\u00edlu a t\u011blesnou kontrolu. Tr\u00e9nink t\u011b posune d\u00e1l v mobilit\u011b, koordinaci i technice boje.<\/p>\n<em style=\"color:#ffffff\"><svg aria-hidden=\"true\"><use href=\"#tf-fas-brain\"><\/use><\/svg><\/em> \n <h3> Ment\u00e1ln\u00ed odolnost <\/h3> <p>Vybuduje\u0161 vnit\u0159n\u00ed s\u00edlu, zlep\u0161\u00ed\u0161 si schopnosti \u0159e\u0161it stresov\u00e9 situace a z\u00edsk\u00e1\u0161 dovednosti u\u017eite\u010dn\u00e9 nejen p\u0159i sportu, ale i v b\u011b\u017en\u00e9m \u017eivot\u011b.<\/p>\n<em style=\"color:#ffffff\"><svg aria-hidden=\"true\"><use href=\"#tf-fas-shield-alt\"><\/use><\/svg><\/em> \n <h3> Bezpe\u010dn\u00e9 veden\u00ed pro v\u0161echny \u00farovn\u011b <\/h3> <p>Za\u010d\u00e1te\u010dn\u00edci i pokro\u010dil\u00ed tr\u00e9nuj\u00ed pod dohledem, vhodn\u00e9 jako dopln\u011bk k MMA, judu, BJJ i jako samostatn\u00fd sport.<\/p>\n<em style=\"color:#ffffff\"><svg aria-hidden=\"true\"><use href=\"#tf-fas-people-group\"><\/use><\/svg><\/em> \n <h3> Komunita a t\u00fdmov\u00fd duch <\/h3> <p>Sou\u010d\u00e1st\u00ed tr\u00e9ninku je siln\u00e1 komunita lid\u00ed a vz\u00e1jemn\u00e1 motivace t\u011b budou posouvat d\u00e1l.<\/p>\n<h2>Tren\u00e9\u0159i Grapplingu<\/h2> <p data-start=\"109\" data-end=\"323\">Tren\u00e9\u0159i Grapplingu t\u011b motivuj\u00ed k v\u00fdkonu, i kdy\u017e jsi za\u010d\u00e1te\u010dn\u00edk. Vedou lekce s d\u016frazem na spr\u00e1vnou techniku a bezpe\u010dnost.<\/p>\n<h3 style=\"text-align: left;\">Michal Vavrou\u0161ek<\/h3>\n<a href=\"https:\/\/www.instagram.com\/michal_vavrousek\/\" rel=\"noopener\" target=\"_blank\"> <em style=\"background-color:rgba(0,0,0, 0);color:#ffffff\"><svg aria-hidden=\"true\"><use href=\"#tf-fab-instagram\"><\/use><\/svg><\/em> michal_vavrousek <\/a> <a href=\"tel:+420 771 171 219\" rel=\"noopener\" target=\"_blank\"> <em style=\"background-color:rgba(0,0,0, 0);color:#ffffff\"><svg aria-hidden=\"true\"><use href=\"#tf-fas-phone-alt\"><\/use><\/svg><\/em> +420 771 171 219 <\/a>","_links":{"self":[{"href":"http:\/\/spartangym.microweb.cz\/en\/wp-json\/wp\/v2\/pages\/7212","targetHints":{"allow":["GET"]}}],"collection":[{"href":"http:\/\/spartangym.microweb.cz\/en\/wp-json\/wp\/v2\/pages"}],"about":[{"href":"http:\/\/spartangym.microweb.cz\/en\/wp-json\/wp\/v2\/types\/page"}],"author":[{"embeddable":true,"href":"http:\/\/spartangym.microweb.cz\/en\/wp-json\/wp\/v2\/users\/1"}],"replies":[{"embeddable":true,"href":"http:\/\/spartangym.microweb.cz\/en\/wp-json\/wp\/v2\/comments?post=7212"}],"version-history":[{"count":15,"href":"http:\/\/spartangym.microweb.cz\/en\/wp-json\/wp\/v2\/pages\/7212\/revisions"}],"predecessor-version":[{"id":7629,"href":"http:\/\/spartangym.microweb.cz\/en\/wp-json\/wp\/v2\/pages\/7212\/revisions\/7629"}],"up":[{"embeddable":true,"href":"http:\/\/spartangym.microweb.cz\/en\/wp-json\/wp\/v2\/pages\/4408"}],"wp:attachment":[{"href":"http:\/\/spartangym.microweb.cz\/en\/wp-json\/wp\/v2\/media?parent=7212"}],"curies":[{"name":"wp","href":"https:\/\/api.w.org\/{rel}","templated":true}]}}