{"id":6721,"date":"2025-07-07T17:00:20","date_gmt":"2025-07-07T15:00:20","guid":{"rendered":"https:\/\/spartangym.microweb.cz\/3d-pump-copy\/"},"modified":"2025-07-31T15:39:42","modified_gmt":"2025-07-31T13:39:42","slug":"dnb-ocr-trenink","status":"publish","type":"page","link":"http:\/\/spartangym.microweb.cz\/en\/skupinove-lekce\/dnb-ocr-trenink\/","title":{"rendered":"DnB &#038; OCR tr\u00e9nink"},"content":{"rendered":"<p><\/p>\n\n<!--themify_builder_content-->\n<div id=\"themify_builder_content-6721\" data-postid=\"6721\" class=\"themify_builder_content themify_builder_content-6721 themify_builder tf_clear\">\n                    <div  data-lazy=\"1\" class=\"module_row themify_builder_row tb_v2gm623 tb_first tf_w\">\n            <span  class=\"builder_row_cover tf_abs\" data-lazy=\"1\"><\/span>            <div class=\"row_inner col_align_top tb_col_count_1 tf_box tf_rel\">\n                        <div  data-lazy=\"1\" class=\"module_column tb-column col-full tb_qura131 first\">\n                            <div  data-lazy=\"1\" class=\"module_subrow themify_builder_sub_row tf_w col_align_top tb_col_count_1 tb_nx0c021\">\n                <div  data-lazy=\"1\" class=\"module_column sub_column col-full tb_nw23000 first\">\n                    <!-- module text -->\n<div  class=\"module module-text tb_3pry231 moving\" data-lazy=\"1\">\n        <div  class=\"tb_text_wrap\">\n        <h1 style=\"text-align: left;\">DnB &amp; OCR training<\/h1>    <\/div>\n<\/div>\n<!-- \/module text -->        <\/div>\n                    <\/div>\n                <div  data-lazy=\"1\" class=\"module_subrow themify_builder_sub_row tf_w col_align_top gutter-none tb_col_count_2 tb_dgdf022\">\n                <div  data-lazy=\"1\" class=\"module_column sub_column col4-2 tb_y9p0010 first\">\n                    <!-- module text -->\n<div  class=\"module module-text tb_u1o2101\" data-lazy=\"1\">\n        <div  class=\"tb_text_wrap\">\n        <h2>Vinohrady<\/h2>\n<p>Creative circuit trainings for everyone who wants to sweat, boost fitness, and push their limits \u2014 whether you enjoy overcoming obstacles, lifting your mood with music, or are just starting with strength training.\nThese aren\u2019t boring circuits \u2014 here it\u2019s all about flow, movement, and that Drum &amp; Bass vibe. Every workout is different and tailored to your level and goals.<\/p>    <\/div>\n<\/div>\n<!-- \/module text --><!-- module buttons -->\n<div  class=\"module module-buttons tb_oif8102 buttons-horizontal solid  small circle\" data-lazy=\"1\">\n        <div class=\"module-buttons-item tf_in_flx\">\n                        <a href=\"http:\/\/spartangym.microweb.cz\/en\/rozvrh\/#vinohrady\" class=\"ui builder_button tf_in_flx red\" >\n                                    <em><svg  class=\"tf_fa tf-fas-calendar-alt\" aria-hidden=\"true\"><use href=\"#tf-fas-calendar-alt\"><\/use><\/svg><\/em>                                        schedule                                        <\/a>\n                <\/div>\n                    <div class=\"module-buttons-item tf_in_flx\">\n                        <a href=\"http:\/\/spartangym.microweb.cz\/en\/skupinove-lekce\/#tab-tb_7o86331-2\" class=\"ui builder_button tf_in_flx tb_default_color\" >\n                                    <em><svg  class=\"tf_fa tf-fas-people-group\" aria-hidden=\"true\"><use href=\"#tf-fas-people-group\"><\/use><\/svg><\/em>                                        Group classes                                        <\/a>\n                <\/div>\n            <\/div>\n<!-- \/module buttons -->\n        <\/div>\n                    <div  data-lazy=\"1\" class=\"module_column sub_column col4-2 tb_nx3t230 last\">\n                            <\/div>\n                    <\/div>\n                <\/div>\n                        <\/div>\n        <\/div>\n                        <div  data-lazy=\"1\" class=\"module_row themify_builder_row tb_a3oc232 tf_w\">\n            <span  class=\"builder_row_cover tf_abs\" data-lazy=\"1\"><\/span>            <div class=\"row_inner col_align_middle tb_col_count_2 tf_box tf_rel\">\n                        <div  data-lazy=\"1\" class=\"module_column tb-column col4-2 tb_bcdp233 first\">\n                    <!-- module image -->\n<div  class=\"module module-image tb_3p6l133 image-top   auto_fullwidth tf_mw\" data-lazy=\"1\" data-lax-translate-y=\"(vh*1) 0,(vh*0) -70\" data-lax=\"true\">\n        <div class=\"image-wrap tf_rel tf_mw\">\n            <img loading=\"lazy\" decoding=\"async\" src=\"https:\/\/spartangym.microweb.cz\/wp-content\/uploads\/2025\/07\/ocrdnb4.jpeg\" width=\"2000\" height=\"1200\" title=\"DnB &#038; OCR tr\u00e9nink\" alt=\"DnB &#038; OCR tr\u00e9nink\">    \n        <\/div>\n    <!-- \/image-wrap -->\n    \n        <\/div>\n<!-- \/module image --><!-- module image -->\n<div  class=\"module module-image tb_g6uz020 image-right   auto_fullwidth tf_mw tb_gs525d7\" data-lazy=\"1\" data-lax-translate-y=\"(vh*1) 0,(vh*0) -140\" data-lax=\"true\">\n        <div class=\"image-wrap tf_rel tf_mw\">\n            <img loading=\"lazy\" decoding=\"async\" src=\"https:\/\/spartangym.microweb.cz\/wp-content\/uploads\/2025\/07\/ocrdnb3.jpg\" width=\"2000\" height=\"1200\" title=\"DnB &#038; OCR tr\u00e9nink\" alt=\"DnB &#038; OCR tr\u00e9nink\">    \n        <\/div>\n    <!-- \/image-wrap -->\n    \n        <\/div>\n<!-- \/module image -->        <\/div>\n                    <div  data-lazy=\"1\" class=\"module_column tb-column col4-2 tb_8rk8320 last\">\n                            <div  data-lazy=\"1\" class=\"module_subrow themify_builder_sub_row tf_w col_align_top tb_col_count_1 tb_0h70403\">\n                <div  data-lazy=\"1\" class=\"module_column sub_column col-full tb_74cl234 first\">\n                    <!-- module feature -->\n<div  class=\"module module-feature tb_sso1330 no-chart layout-icon-left size-custom\" data-layout-mobile=\"icon-left\" data-layout-desktop=\"icon-left\" data-lazy=\"1\">\n        <div class=\"module-feature-image tf_textc tf_rel\">\n                            <span class=\"module-feature-chart-html5 tf_box tf_rel tf_inline_b\" style=\"width:80px;height:80px;background-color:#c41215\">\n                                <span class=\"chart-html5-circle tf_w tf_h\">\n                                            <em class=\"module-feature-icon tf_rel\" style=\"color:#ffffff\"><svg  class=\"tf_fa tf-fas-mountain\" aria-hidden=\"true\"><use href=\"#tf-fas-mountain\"><\/use><\/svg><\/em>\n                                    <\/span>\n\n                \n            <\/span>\n                <\/div>\n    <div class=\"module-feature-content tf_textc\">\n                    <h3 class=\"module-feature-title\">\n                             Wednesday \u2013 OCR\/Obstacle training                        <\/h3>\n                    <div class=\"tb_text_wrap\">\n            <p>Circuit training focused on jumps, box jumps, rope climbing, ring hangs, and other elements inspired by OCR races. Ideal for anyone looking to improve movement, strength, and coordination \u2014 all set to a Drum and Bass beat.<\/p>        <\/div>\n    <\/div>\n<\/div>\n<!-- \/module feature -->\n<!-- module feature -->\n<div  class=\"module module-feature tb_hzkl444 no-chart layout-icon-left size-custom\" data-layout-mobile=\"icon-left\" data-layout-desktop=\"icon-left\" data-lazy=\"1\">\n        <div class=\"module-feature-image tf_textc tf_rel\">\n                            <span class=\"module-feature-chart-html5 tf_box tf_rel tf_inline_b\" style=\"width:80px;height:80px;background-color:#c41215\">\n                                <span class=\"chart-html5-circle tf_w tf_h\">\n                                            <em class=\"module-feature-icon tf_rel\" style=\"color:#ffffff\"><svg  class=\"tf_fa tf-fas-sun\" aria-hidden=\"true\"><use href=\"#tf-fas-sun\"><\/use><\/svg><\/em>\n                                    <\/span>\n\n                \n            <\/span>\n                <\/div>\n    <div class=\"module-feature-content tf_textc\">\n                    <h3 class=\"module-feature-title\">\n                            Friday \u2013 light morning circuit                        <\/h3>\n                    <div class=\"tb_text_wrap\">\n            <p>A morning session focused on mobility, glute activation, and problem areas. Light weights, calisthenics, and a few pump exercises to get you ready for a night out. Perfect for anyone wanting to start the day moving without overdoing it.<\/p>        <\/div>\n    <\/div>\n<\/div>\n<!-- \/module feature -->\n<!-- module feature -->\n<div  class=\"module module-feature tb_5u8p041 no-chart layout-icon-left size-custom\" data-layout-mobile=\"icon-left\" data-layout-desktop=\"icon-left\" data-lazy=\"1\">\n        <div class=\"module-feature-image tf_textc tf_rel\">\n                            <span class=\"module-feature-chart-html5 tf_box tf_rel tf_inline_b\" style=\"width:80px;height:80px;background-color:#c41215\">\n                                <span class=\"chart-html5-circle tf_w tf_h\">\n                                            <em class=\"module-feature-icon tf_rel\" style=\"color:#ffffff\"><svg  class=\"tf_fa tf-fas-bolt\" aria-hidden=\"true\"><use href=\"#tf-fas-bolt\"><\/use><\/svg><\/em>\n                                    <\/span>\n\n                \n            <\/span>\n                <\/div>\n    <div class=\"module-feature-content tf_textc\">\n                    <h3 class=\"module-feature-title\">\n                            Friday \u2013 afternoon circuit                        <\/h3>\n                    <div class=\"tb_text_wrap\">\n            <p>A stronger and more intense workout that engages your entire body. Each circuit is different, with varied exercises, music setting the pace, and the goal to sweat hard, tone up, and push your limits.<\/p>        <\/div>\n    <\/div>\n<\/div>\n<!-- \/module feature -->\n        <\/div>\n                    <\/div>\n                <\/div>\n                        <\/div>\n        <\/div>\n                        <div  data-lazy=\"1\" class=\"module_row themify_builder_row tb_0c8w008 tf_w\">\n                        <div class=\"row_inner col_align_top tb_col_count_1 tf_box tf_rel\">\n                        <div  data-lazy=\"1\" class=\"module_column tb-column col-full tb_i7h8301 first\">\n                    <!-- module text -->\n<div  class=\"module module-text tb_mwnd003\" data-lazy=\"1\">\n        <div  class=\"tb_text_wrap\">\n        <h2>DnB &amp; OCR training coaches<\/h2>\n<p data-start=\"109\" data-end=\"323\">The training sessions are led by an experienced coach who guides you through every phase \u2014 from obstacle techniques to rhythmic exercise combinations. They tailor the workout to your fitness level and ensure proper form. This way, the entire training is safe, effective, and full of energy.<\/p>    <\/div>\n<\/div>\n<!-- \/module text -->        <\/div>\n                        <\/div>\n        <\/div>\n                        <div  data-lazy=\"1\" class=\"module_row themify_builder_row tb_n87h323 tf_w\">\n                        <div class=\"row_inner col_align_top tb_col_count_1 tf_box tf_rel\">\n                        <div  data-lazy=\"1\" class=\"module_column tb-column col-full tb_mfp5202 first\">\n                            <div  data-lazy=\"1\" class=\"module_subrow themify_builder_sub_row tf_w col_align_top tb_col_count_3 tb_v3d9020\">\n                <div  data-lazy=\"1\" class=\"module_column sub_column col3-1 tb_04oa350 first\">\n        <span  class=\"builder_row_cover tf_abs\" data-lazy=\"1\"><\/span>                    <div  data-lazy=\"1\" class=\"module_subrow themify_builder_sub_row tf_w col_align_top tb_col_count_1 tb_ca1n263\">\n                <div  data-lazy=\"1\" class=\"module_column sub_column col-full tb_dd5y263 first\">\n                    <!-- module text -->\n<div  class=\"module module-text tb_a0p4263\" data-lazy=\"1\">\n        <div  class=\"tb_text_wrap\">\n        <h3 style=\"text-align: left;\">Zden\u011bk \u0160t\u011bp\u00e1nek<\/h3>    <\/div>\n<\/div>\n<!-- \/module text --><!-- module icon -->\n<div  class=\"module module-icon tb_cji4263    icon_vertical\" data-lazy=\"1\">\n            <div class=\"module-icon-item\">\n                                                                <em class=\"tf_box\" style=\"background-color:rgba(0,0,0, 0);color:#ffffff\"><svg  class=\"tf_fa tf-fas-user-tag\" aria-hidden=\"true\"><use href=\"#tf-fas-user-tag\"><\/use><\/svg><\/em>\n                                                                            <span>Conditioning coach<\/span>\n                                                            <\/div>\n            <div class=\"module-icon-item\">\n                            <a href=\"tel: 420 728 193 640\" rel=\"noopener\" target=\"_blank\">\n                                                                    <em class=\"tf_box\" style=\"background-color:rgba(0,0,0, 0);color:#ffffff\"><svg  class=\"tf_fa tf-fas-phone-alt\" aria-hidden=\"true\"><use href=\"#tf-fas-phone-alt\"><\/use><\/svg><\/em>\n                                                                            <span>+420 728 193 640<\/span>\n                                                                    <\/a>\n                    <\/div>\n            <div class=\"module-icon-item\">\n                            <a href=\"mailto:zstepanek23@gmail.com\" rel=\"noopener\" target=\"_blank\">\n                                                                    <em class=\"tf_box\" style=\"background-color:rgba(0,0,0, 0);color:#ffffff\"><svg  class=\"tf_fa tf-fas-envelope\" aria-hidden=\"true\"><use href=\"#tf-fas-envelope\"><\/use><\/svg><\/em>\n                                                                            <span>zstepanek23@gmail.com<\/span>\n                                                                    <\/a>\n                    <\/div>\n    <\/div>\n<!-- \/module icon -->\n        <\/div>\n                    <\/div>\n                <\/div>\n                    <div  data-lazy=\"1\" class=\"module_column sub_column col3-1 tb_b17b206\">\n                            <\/div>\n                    <div  data-lazy=\"1\" class=\"module_column sub_column col3-1 tb_u6yy824 last\">\n                            <\/div>\n                    <\/div>\n                <\/div>\n                        <\/div>\n        <\/div>\n        <\/div>\n<!--\/themify_builder_content-->","protected":false},"excerpt":{"rendered":"","protected":false},"author":1,"featured_media":0,"parent":4408,"menu_order":0,"comment_status":"closed","ping_status":"closed","template":"","meta":{"footnotes":""},"class_list":["post-6721","page","type-page","status-publish","hentry","has-post-title","has-post-date","has-post-category","has-post-tag","has-post-comment","has-post-author",""],"builder_content":"<h1 style=\"text-align: left;\">DnB &amp; OCR tr\u00e9nink<\/h1>\n<h2>Vinohrady<\/h2> <p>Kreativn\u00ed kruhov\u00e9 tr\u00e9ninky pro v\u0161echny, kdo se cht\u011bj\u00ed zpotit, zlep\u0161it fyzi\u010dku a posunout limity \u2013 a\u0165 u\u017e t\u011b bav\u00ed p\u0159ekon\u00e1vat p\u0159ek\u00e1\u017eky, zvedat n\u00e1ladu hudbou nebo za\u010d\u00edn\u00e1\u0161 s posilov\u00e1n\u00edm. Tohle nejsou nudn\u00e9 kruh\u00e1\u010de \u2013 tady jede flow, pohyb a DnB vibe. Ka\u017ed\u00fd tr\u00e9nink je jin\u00fd a p\u0159izp\u016fsoben\u00fd \u00farovni i c\u00edli.<\/p>\n<a href=\"\/rozvrh\/#vinohrady\" > <em><svg aria-hidden=\"true\"><use href=\"#tf-fas-calendar-alt\"><\/use><\/svg><\/em> rozvrh <\/a> <a href=\"\/skupinove-lekce\/#tab-tb_7o86331-2\" > <em><svg aria-hidden=\"true\"><use href=\"#tf-fas-people-group\"><\/use><\/svg><\/em> Skupinov\u00e9 lekce <\/a>\n<img src=\"https:\/\/spartangym.microweb.cz\/wp-content\/uploads\/2025\/07\/ocrdnb4.jpeg\" width=\"2000\" height=\"1200\" title=\"DnB &#038; OCR tr\u00e9nink\" alt=\"DnB &#038; OCR tr\u00e9nink\">\n<img src=\"https:\/\/spartangym.microweb.cz\/wp-content\/uploads\/2025\/07\/ocrdnb3.jpg\" width=\"2000\" height=\"1200\" title=\"DnB &#038; OCR tr\u00e9nink\" alt=\"DnB &#038; OCR tr\u00e9nink\">\n<em style=\"color:#ffffff\"><svg aria-hidden=\"true\"><use href=\"#tf-fas-mountain\"><\/use><\/svg><\/em> \n <h3> St\u0159eda \u2013 OCR\/P\u0159ek\u00e1\u017ek\u00e1\u010d <\/h3> <p>Kruhov\u00fd tr\u00e9nink zam\u011b\u0159en\u00fd na p\u0159eskoky, v\u00fdskoky na bednu, lezen\u00ed po lan\u011b, visen\u00ed na kruh\u00e1ch a dal\u0161\u00ed prvky inspirovan\u00e9 OCR z\u00e1vody. Ide\u00e1ln\u00ed pro ka\u017ed\u00e9ho, kdo se chce zlep\u0161it v pohybu, s\u00edle i koordinaci. To v\u0161echno za rytmu drumm and bass.<\/p>\n<em style=\"color:#ffffff\"><svg aria-hidden=\"true\"><use href=\"#tf-fas-sun\"><\/use><\/svg><\/em> \n <h3> P\u00e1tek \u2013 leh\u010d\u00ed rann\u00ed kruh\u00e1\u010d <\/h3> <p>Rann\u00ed verze zam\u011b\u0159en\u00e1 na mobilitu, aktivaci h\u00fd\u017ed\u00ed a probl\u00e9mov\u00fdch parti\u00ed. Lehk\u00e9 v\u00e1hy, kalistenika, p\u00e1r pumpova\u010dek na ve\u010der do klubu. Pro v\u0161echny, kdo cht\u011bj\u00ed za\u010d\u00edt den v pohybu, ale bez p\u0159et\u00ed\u017een\u00ed.<\/p>\n<em style=\"color:#ffffff\"><svg aria-hidden=\"true\"><use href=\"#tf-fas-bolt\"><\/use><\/svg><\/em> \n <h3> P\u00e1tek \u2013 odpoledn\u00ed kruh\u00e1\u010d <\/h3> <p>Silov\u011bj\u0161\u00ed a intenzivn\u011bj\u0161\u00ed tr\u00e9nink, kde zapoj\u00ed\u0161 cel\u00e9 t\u011blo. Ka\u017ed\u00fd kruh\u00e1\u010d je jin\u00fd, hraje se s variabilitou, tempo dr\u017e\u00ed hudba a c\u00edlem je po\u0159\u00e1dn\u011b se zapotit, zpevnit a posunout d\u00e1l.<\/p>\n<h2>Tren\u00e9\u0159i DnB &amp; OCR tr\u00e9ninku<\/h2> <p data-start=\"109\" data-end=\"323\">Tr\u00e9ninky vede zku\u0161en\u00fd tren\u00e9r, kter\u00fd t\u011b provede ka\u017edou f\u00e1z\u00ed tr\u00e9ninku \u2013 od techniky p\u0159ek\u00e1\u017eek a\u017e po rytmick\u00e9 kombinace cvik\u016f. Cvi\u010den\u00ed p\u0159izp\u016fsob\u00ed tv\u00e9 fyzi\u010dce a dohl\u00e9dne na spr\u00e1vn\u00e9 proveden\u00ed. D\u00edky tomu bude cel\u00fd tr\u00e9nink bezpe\u010dn\u00fd, efektivn\u00ed a nabit\u00fd energi\u00ed.<\/p>\n<h3 style=\"text-align: left;\">Zden\u011bk \u0160t\u011bp\u00e1nek<\/h3>\n<em style=\"background-color:rgba(0,0,0, 0);color:#ffffff\"><svg aria-hidden=\"true\"><use href=\"#tf-fas-user-tag\"><\/use><\/svg><\/em> Kondi\u010dn\u00ed tren\u00e9r <a href=\"tel:+420 728 193 640\" rel=\"noopener\" target=\"_blank\"> <em style=\"background-color:rgba(0,0,0, 0);color:#ffffff\"><svg aria-hidden=\"true\"><use href=\"#tf-fas-phone-alt\"><\/use><\/svg><\/em> +420 728 193 640 <\/a> <a href=\"mailto:zstepanek23@gmail.com\" rel=\"noopener\" target=\"_blank\"> <em style=\"background-color:rgba(0,0,0, 0);color:#ffffff\"><svg aria-hidden=\"true\"><use href=\"#tf-fas-envelope\"><\/use><\/svg><\/em> zstepanek23@gmail.com <\/a>","_links":{"self":[{"href":"http:\/\/spartangym.microweb.cz\/en\/wp-json\/wp\/v2\/pages\/6721","targetHints":{"allow":["GET"]}}],"collection":[{"href":"http:\/\/spartangym.microweb.cz\/en\/wp-json\/wp\/v2\/pages"}],"about":[{"href":"http:\/\/spartangym.microweb.cz\/en\/wp-json\/wp\/v2\/types\/page"}],"author":[{"embeddable":true,"href":"http:\/\/spartangym.microweb.cz\/en\/wp-json\/wp\/v2\/users\/1"}],"replies":[{"embeddable":true,"href":"http:\/\/spartangym.microweb.cz\/en\/wp-json\/wp\/v2\/comments?post=6721"}],"version-history":[{"count":28,"href":"http:\/\/spartangym.microweb.cz\/en\/wp-json\/wp\/v2\/pages\/6721\/revisions"}],"predecessor-version":[{"id":7712,"href":"http:\/\/spartangym.microweb.cz\/en\/wp-json\/wp\/v2\/pages\/6721\/revisions\/7712"}],"up":[{"embeddable":true,"href":"http:\/\/spartangym.microweb.cz\/en\/wp-json\/wp\/v2\/pages\/4408"}],"wp:attachment":[{"href":"http:\/\/spartangym.microweb.cz\/en\/wp-json\/wp\/v2\/media?parent=6721"}],"curies":[{"name":"wp","href":"https:\/\/api.w.org\/{rel}","templated":true}]}}