{"id":6430,"date":"2025-06-27T14:35:50","date_gmt":"2025-06-27T12:35:50","guid":{"rendered":"https:\/\/spartangym.microweb.cz\/tcb-copy\/"},"modified":"2025-07-31T13:49:29","modified_gmt":"2025-07-31T11:49:29","slug":"barbar-kruhac","status":"publish","type":"page","link":"http:\/\/spartangym.microweb.cz\/en\/skupinove-lekce\/barbar-kruhac\/","title":{"rendered":"Barbar circuit training"},"content":{"rendered":"<p><\/p>\n\n<!--themify_builder_content-->\n<div id=\"themify_builder_content-6430\" data-postid=\"6430\" class=\"themify_builder_content themify_builder_content-6430 themify_builder tf_clear\">\n                    <div  data-lazy=\"1\" class=\"module_row themify_builder_row tb_yf6q009 tb_first tf_w\">\n            <span  class=\"builder_row_cover tf_abs\" data-lazy=\"1\"><\/span>            <div class=\"row_inner col_align_top tb_col_count_1 tf_box tf_rel\">\n                        <div  data-lazy=\"1\" class=\"module_column tb-column col-full tb_vrjh730 first\">\n                            <div  data-lazy=\"1\" class=\"module_subrow themify_builder_sub_row tf_w col_align_top tb_col_count_1 tb_tww6690\">\n                <div  data-lazy=\"1\" class=\"module_column sub_column col-full tb_gvtj000 first\">\n                    <!-- module text -->\n<div  class=\"module module-text tb_aj9v003 moving\" data-lazy=\"1\">\n        <div  class=\"tb_text_wrap\">\n        <h1 style=\"text-align: left;\">Barbar circuit training<\/h1>    <\/div>\n<\/div>\n<!-- \/module text -->        <\/div>\n                    <\/div>\n                <div  data-lazy=\"1\" class=\"module_subrow themify_builder_sub_row tf_w col_align_top gutter-none tb_col_count_2 tb_v3kk036\">\n                <div  data-lazy=\"1\" class=\"module_column sub_column col4-2 tb_brw6005 first\">\n                    <!-- module text -->\n<div  class=\"module module-text tb_3do8300\" data-lazy=\"1\">\n        <div  class=\"tb_text_wrap\">\n        <h2>Bran\u00edk<\/h2>\n<p><span data-olk-copy-source=\"MessageBody\">Barbar Circuit Training is a specialized circuit workout designed to suit athletes of all levels and focuses. This intensive program combines functional strength training, dynamic movement drills, and endurance elements.<\/span><\/p>    <\/div>\n<\/div>\n<!-- \/module text --><!-- module buttons -->\n<div  class=\"module module-buttons tb_3z7m080 buttons-horizontal solid  small circle\" data-lazy=\"1\">\n        <div class=\"module-buttons-item tf_in_flx\">\n                        <a href=\"http:\/\/spartangym.microweb.cz\/en\/rozvrh\/#branik\" class=\"ui builder_button tf_in_flx red\" >\n                                    <em><svg  class=\"tf_fa tf-fas-calendar-alt\" aria-hidden=\"true\"><use href=\"#tf-fas-calendar-alt\"><\/use><\/svg><\/em>                                        schedule                                        <\/a>\n                <\/div>\n                    <div class=\"module-buttons-item tf_in_flx\">\n                        <a href=\"http:\/\/spartangym.microweb.cz\/en\/skupinove-lekce\/#tab-tb_7o86331-1\" class=\"ui builder_button tf_in_flx tb_default_color\" >\n                                    <em><svg  class=\"tf_fa tf-fas-people-group\" aria-hidden=\"true\"><use href=\"#tf-fas-people-group\"><\/use><\/svg><\/em>                                        Group classes                                        <\/a>\n                <\/div>\n            <\/div>\n<!-- \/module buttons -->\n        <\/div>\n                    <div  data-lazy=\"1\" class=\"module_column sub_column col4-2 tb_3l2r300 last\">\n                            <\/div>\n                    <\/div>\n                <\/div>\n                        <\/div>\n        <\/div>\n                        <div  data-lazy=\"1\" class=\"module_row themify_builder_row tb_0wkj803 tf_w\">\n            <span  class=\"builder_row_cover tf_abs\" data-lazy=\"1\"><\/span>            <div class=\"row_inner col_align_middle tb_col_count_2 tf_box tf_rel\">\n                        <div  data-lazy=\"1\" class=\"module_column tb-column col4-2 tb_lur7010 first\">\n                    <!-- module image -->\n<div  class=\"module module-image tb_8nmt030 image-top   auto_fullwidth tf_mw\" data-lazy=\"1\" data-lax-translate-y=\"(vh*1) 0,(vh*0) -70\" data-lax=\"true\">\n        <div class=\"image-wrap tf_rel tf_mw\">\n            <img loading=\"lazy\" decoding=\"async\" src=\"https:\/\/spartangym.microweb.cz\/wp-content\/uploads\/2025\/07\/Picsart_25-07-02_10-25-14-376.jpg\" width=\"2000\" height=\"1200\" title=\"Barbar circuit training\" alt=\"Barbar kruh\u00e1\u010d\">    \n        <\/div>\n    <!-- \/image-wrap -->\n    \n        <\/div>\n<!-- \/module image --><!-- module image -->\n<div  class=\"module module-image tb_2150341 image-right   auto_fullwidth tf_mw tb_gs525d7\" data-lazy=\"1\" data-lax-translate-y=\"(vh*1) 0,(vh*0) -140\" data-lax=\"true\">\n        <div class=\"image-wrap tf_rel tf_mw\">\n            <img loading=\"lazy\" decoding=\"async\" src=\"https:\/\/spartangym.microweb.cz\/wp-content\/uploads\/2025\/07\/Picsart_25-07-02_10-28-00-630.jpg\" width=\"2000\" height=\"1200\" title=\"Barbar circuit training\" alt=\"Barbar kruh\u00e1\u010d\">    \n        <\/div>\n    <!-- \/image-wrap -->\n    \n        <\/div>\n<!-- \/module image -->        <\/div>\n                    <div  data-lazy=\"1\" class=\"module_column tb-column col4-2 tb_64ec166 last\">\n                            <div  data-lazy=\"1\" class=\"module_subrow themify_builder_sub_row tf_w col_align_top tb_col_count_1 tb_lkv4007\">\n                <div  data-lazy=\"1\" class=\"module_column sub_column col-full tb_s4kj603 first\">\n                    <!-- module feature -->\n<div  class=\"module module-feature tb_8h3y060 no-chart layout-icon-left size-custom\" data-layout-mobile=\"icon-left\" data-layout-desktop=\"icon-left\" data-lazy=\"1\">\n        <div class=\"module-feature-image tf_textc tf_rel\">\n                            <span class=\"module-feature-chart-html5 tf_box tf_rel tf_inline_b\" style=\"width:80px;height:80px;background-color:#c41215\">\n                                <span class=\"chart-html5-circle tf_w tf_h\">\n                                            <em class=\"module-feature-icon tf_rel\" style=\"color:#ffffff\"><svg  class=\"tf_fa tf-fas-person\" aria-hidden=\"true\"><use href=\"#tf-fas-person\"><\/use><\/svg><\/em>\n                                    <\/span>\n\n                \n            <\/span>\n                <\/div>\n    <div class=\"module-feature-content tf_textc\">\n                    <h3 class=\"module-feature-title\">\n                            Comprehensive muscle development                        <\/h3>\n                    <div class=\"tb_text_wrap\">\n            <p><span data-olk-copy-source=\"MessageBody\">They engage not only the main muscle groups but also the stabilizing and deep muscles for balanced physical conditioning.<\/span><\/p>        <\/div>\n    <\/div>\n<\/div>\n<!-- \/module feature -->\n<!-- module feature -->\n<div  class=\"module module-feature tb_k6rn132 no-chart layout-icon-left size-custom\" data-layout-mobile=\"icon-left\" data-layout-desktop=\"icon-left\" data-lazy=\"1\">\n        <div class=\"module-feature-image tf_textc tf_rel\">\n                            <span class=\"module-feature-chart-html5 tf_box tf_rel tf_inline_b\" style=\"width:80px;height:80px;background-color:#c41215\">\n                                <span class=\"chart-html5-circle tf_w tf_h\">\n                                            <em class=\"module-feature-icon tf_rel\" style=\"color:#ffffff\"><svg  class=\"tf_fa tf-fas-maximize\" aria-hidden=\"true\"><use href=\"#tf-fas-maximize\"><\/use><\/svg><\/em>\n                                    <\/span>\n\n                \n            <\/span>\n                <\/div>\n    <div class=\"module-feature-content tf_textc\">\n                    <h3 class=\"module-feature-title\">\n                            Movement versatility                        <\/h3>\n                    <div class=\"tb_text_wrap\">\n            <p><span data-olk-copy-source=\"MessageBody\">The training emphasizes mobility, coordination, agility, and quick reactions. These are valued by athletes in both team and individual sports.<\/span><\/p>        <\/div>\n    <\/div>\n<\/div>\n<!-- \/module feature -->\n<!-- module feature -->\n<div  class=\"module module-feature tb_29kk238 no-chart layout-icon-left size-custom\" data-layout-mobile=\"icon-left\" data-layout-desktop=\"icon-left\" data-lazy=\"1\">\n        <div class=\"module-feature-image tf_textc tf_rel\">\n                            <span class=\"module-feature-chart-html5 tf_box tf_rel tf_inline_b\" style=\"width:80px;height:80px;background-color:#c41215\">\n                                <span class=\"chart-html5-circle tf_w tf_h\">\n                                            <em class=\"module-feature-icon tf_rel\" style=\"color:#ffffff\"><svg  class=\"tf_fa tf-fas-heart-pulse\" aria-hidden=\"true\"><use href=\"#tf-fas-heart-pulse\"><\/use><\/svg><\/em>\n                                    <\/span>\n\n                \n            <\/span>\n                <\/div>\n    <div class=\"module-feature-content tf_textc\">\n                    <h3 class=\"module-feature-title\">\n                            Building conditioning                        <\/h3>\n                    <div class=\"tb_text_wrap\">\n            <p><span data-olk-copy-source=\"MessageBody\">A combination of high intensity, short breaks, and varied stations effectively improves cardiovascular capacity and overall endurance.<\/span><\/p>        <\/div>\n    <\/div>\n<\/div>\n<!-- \/module feature -->\n<!-- module feature -->\n<div  class=\"module module-feature tb_cdxx040 no-chart layout-icon-left size-custom\" data-layout-mobile=\"icon-left\" data-layout-desktop=\"icon-left\" data-lazy=\"1\">\n        <div class=\"module-feature-image tf_textc tf_rel\">\n                            <span class=\"module-feature-chart-html5 tf_box tf_rel tf_inline_b\" style=\"width:80px;height:80px;background-color:#c41215\">\n                                <span class=\"chart-html5-circle tf_w tf_h\">\n                                            <em class=\"module-feature-icon tf_rel\" style=\"color:#ffffff\"><svg  class=\"tf_fa tf-fas-people-group\" aria-hidden=\"true\"><use href=\"#tf-fas-people-group\"><\/use><\/svg><\/em>\n                                    <\/span>\n\n                \n            <\/span>\n                <\/div>\n    <div class=\"module-feature-content tf_textc\">\n                    <h3 class=\"module-feature-title\">\n                            Community                        <\/h3>\n                    <div class=\"tb_text_wrap\">\n            <p>Barbar Circuit Training is not just about physical performance \u2013 it creates a community of determined people who support, motivate, and push each other forward. This community is united by shared races, outdoor events, workshops, and meetups outside of training.<\/p>        <\/div>\n    <\/div>\n<\/div>\n<!-- \/module feature -->\n        <\/div>\n                    <\/div>\n                <\/div>\n                        <\/div>\n        <\/div>\n                        <div  data-lazy=\"1\" class=\"module_row themify_builder_row tb_ci1a065 tf_w\">\n                        <div class=\"row_inner col_align_top tb_col_count_1 tf_box tf_rel\">\n                        <div  data-lazy=\"1\" class=\"module_column tb-column col-full tb_byc2336 first\">\n                    <!-- module text -->\n<div  class=\"module module-text tb_4oun800\" data-lazy=\"1\">\n        <div  class=\"tb_text_wrap\">\n        <h2>Barbar circuit training coaches<\/h2>\n<div class=\"text-base my-auto mx-auto py-5 [--thread-content-margin:--spacing(4)] @[37rem]:[--thread-content-margin:--spacing(6)] @[72rem]:[--thread-content-margin:--spacing(16)] px-(--thread-content-margin)\">\n<div class=\"[--thread-content-max-width:32rem] @[34rem]:[--thread-content-max-width:40rem] @[64rem]:[--thread-content-max-width:48rem] mx-auto flex max-w-(--thread-content-max-width) flex-1 text-base gap-4 md:gap-5 lg:gap-6 group\/turn-messages focus-visible:outline-hidden\" tabindex=\"-1\">\n<div class=\"group\/conversation-turn relative flex w-full min-w-0 flex-col agent-turn\">\n<div class=\"relative flex-col gap-1 md:gap-3\">\n<div class=\"flex max-w-full flex-col grow\">\n<div class=\"min-h-8 text-message relative flex w-full flex-col items-end gap-2 text-start break-words whitespace-normal [.text-message+&amp;]:mt-5\" dir=\"auto\" data-message-author-role=\"assistant\" data-message-id=\"59a7f96e-c62a-4bd4-a69b-fdf99e788f61\" data-message-model-slug=\"gpt-4o\">\n<div class=\"flex w-full flex-col gap-1 empty:hidden first:pt-[3px]\">\n<div class=\"markdown prose dark:prose-invert w-full break-words light\">\n<p data-start=\"146\" data-end=\"368\">The coach will guide you through each round of the workout, help you with technique, and adjust the intensity to match your current fitness level. They\u2019ll ensure your training is safe, functional, and effective. At the same time, they\u2019ll support you when you want to push your limits.<\/p>\n<\/div>\n<\/div>\n<\/div>\n<\/div>\n<\/div>\n<\/div>\n<\/div>\n<\/div>    <\/div>\n<\/div>\n<!-- \/module text -->        <\/div>\n                        <\/div>\n        <\/div>\n                        <div  data-lazy=\"1\" class=\"module_row themify_builder_row tb_ytng300 tf_w\">\n                        <div class=\"row_inner col_align_top tb_col_count_1 tf_box tf_rel\">\n                        <div  data-lazy=\"1\" class=\"module_column tb-column col-full tb_j5oj066 first\">\n                            <div  data-lazy=\"1\" class=\"module_subrow themify_builder_sub_row tf_w col_align_top tb_col_count_3 tb_x41k300\">\n                <div  data-lazy=\"1\" class=\"module_column sub_column col3-1 tb_09l4060 first\">\n        <span  class=\"builder_row_cover tf_abs\" data-lazy=\"1\"><\/span>                    <div  data-lazy=\"1\" class=\"module_subrow themify_builder_sub_row tf_w col_align_top tb_col_count_1 tb_70rq060\">\n                <div  data-lazy=\"1\" class=\"module_column sub_column col-full tb_1xt8107 first\">\n                    <!-- module text -->\n<div  class=\"module module-text tb_zz90107\" data-lazy=\"1\">\n        <div  class=\"tb_text_wrap\">\n        <h3 style=\"text-align: left;\">Patrik Waldhans<\/h3>    <\/div>\n<\/div>\n<!-- \/module text --><!-- module icon -->\n<div  class=\"module module-icon tb_ffi1107    icon_vertical\" data-lazy=\"1\">\n            <div class=\"module-icon-item\">\n                            <a href=\"https:\/\/www.instagram.com\/patrik_batman_barbar\/\" rel=\"noopener\" target=\"_blank\">\n                                                                    <em class=\"tf_box\" style=\"background-color:rgba(0,0,0, 0);color:#ffffff\"><svg  class=\"tf_fa tf-fab-instagram\" aria-hidden=\"true\"><use href=\"#tf-fab-instagram\"><\/use><\/svg><\/em>\n                                                                            <span>patrik_batman_barbar<\/span>\n                                                                    <\/a>\n                    <\/div>\n            <div class=\"module-icon-item\">\n                            <a href=\"mailto:waldhans.patrik@gmail.com\" rel=\"noopener\" target=\"_blank\">\n                                                                    <em class=\"tf_box\" style=\"background-color:rgba(0,0,0, 0);color:#ffffff\"><svg  class=\"tf_fa tf-fas-envelope\" aria-hidden=\"true\"><use href=\"#tf-fas-envelope\"><\/use><\/svg><\/em>\n                                                                            <span>waldhans.patrik@gmail.com<\/span>\n                                                                    <\/a>\n                    <\/div>\n    <\/div>\n<!-- \/module icon -->\n        <\/div>\n                    <\/div>\n                <\/div>\n                    <div  data-lazy=\"1\" class=\"module_column sub_column col3-1 tb_1zn9063\">\n                            <\/div>\n                    <div  data-lazy=\"1\" class=\"module_column sub_column col3-1 tb_508z115 last\">\n                            <\/div>\n                    <\/div>\n                <\/div>\n                        <\/div>\n        <\/div>\n        <\/div>\n<!--\/themify_builder_content-->","protected":false},"excerpt":{"rendered":"","protected":false},"author":1,"featured_media":0,"parent":4408,"menu_order":0,"comment_status":"closed","ping_status":"closed","template":"","meta":{"footnotes":""},"class_list":["post-6430","page","type-page","status-publish","hentry","has-post-title","has-post-date","has-post-category","has-post-tag","has-post-comment","has-post-author",""],"builder_content":"<h1 style=\"text-align: left;\">Barbar kruh\u00e1\u010d<\/h1>\n<h2>Bran\u00edk<\/h2> <p>Barbar Kruh\u00e1\u010d je specializovan\u00fd kruhov\u00fd tr\u00e9nink navr\u017een\u00fd tak, aby vyhovoval sportovc\u016fm v\u0161ech \u00farovn\u00ed a zam\u011b\u0159en\u00ed. Tento intenzivn\u00ed program kombinuje funk\u010dn\u00ed silov\u00fd tr\u00e9nink, dynamick\u00e9 pohybov\u00e9 drilly a vytrvalostn\u00ed prvky.<\/p>\n<a href=\"\/rozvrh\/#branik\" > <em><svg aria-hidden=\"true\"><use href=\"#tf-fas-calendar-alt\"><\/use><\/svg><\/em> rozvrh <\/a> <a href=\"\/skupinove-lekce\/#tab-tb_7o86331-1\" > <em><svg aria-hidden=\"true\"><use href=\"#tf-fas-people-group\"><\/use><\/svg><\/em> Skupinov\u00e9 lekce <\/a>\n<img src=\"https:\/\/spartangym.microweb.cz\/wp-content\/uploads\/2025\/07\/Picsart_25-07-02_10-25-14-376.jpg\" width=\"2000\" height=\"1200\" title=\"Barbar kruh\u00e1\u010d\" alt=\"Barbar kruh\u00e1\u010d\">\n<img src=\"https:\/\/spartangym.microweb.cz\/wp-content\/uploads\/2025\/07\/Picsart_25-07-02_10-28-00-630.jpg\" width=\"2000\" height=\"1200\" title=\"Barbar kruh\u00e1\u010d\" alt=\"Barbar kruh\u00e1\u010d\">\n<em style=\"color:#ffffff\"><svg aria-hidden=\"true\"><use href=\"#tf-fas-person\"><\/use><\/svg><\/em> \n <h3> Komplexn\u00ed svalov\u00fd rozvoj <\/h3> <p>Zapojuj\u00ed se nejen hlavn\u00ed svalov\u00e9 skupiny, ale i stabiliza\u010dn\u00ed a hlubok\u00e9 svaly pro vyv\u00e1\u017eenou fyzickou kondici.<\/p>\n<em style=\"color:#ffffff\"><svg aria-hidden=\"true\"><use href=\"#tf-fas-maximize\"><\/use><\/svg><\/em> \n <h3> Pohybovou v\u0161estrannost <\/h3> <p>Tr\u00e9nink klade d\u016fraz na mobilitu, koordinaci, agilitu a rychlou reakci. To ocen\u00ed sportovci v kolektivn\u00edch i individu\u00e1ln\u00edch discipl\u00edn\u00e1ch.<\/p>\n<em style=\"color:#ffffff\"><svg aria-hidden=\"true\"><use href=\"#tf-fas-heart-pulse\"><\/use><\/svg><\/em> \n <h3> Budov\u00e1n\u00ed kondice <\/h3> <p>Kombinace vysok\u00e9 intenzity, kr\u00e1tk\u00fdch pauz a r\u016fznorod\u00fdch stanovi\u0161\u0165 efektivn\u011b zlep\u0161uje kardiovaskul\u00e1rn\u00ed kapacitu a celkovou v\u00fddr\u017e.<\/p>\n<em style=\"color:#ffffff\"><svg aria-hidden=\"true\"><use href=\"#tf-fas-people-group\"><\/use><\/svg><\/em> \n <h3> Komunita <\/h3> <p>Barbar Kruh\u00e1\u010d nen\u00ed jen o fyzick\u00e9m v\u00fdkonu \u2013 vytv\u00e1\u0159\u00ed\u00a0komunitu odhodlan\u00fdch lid\u00ed, kte\u0159\u00ed se vz\u00e1jemn\u011b podporuj\u00ed, motivuj\u00ed a posouvaj\u00ed d\u00e1l. Vznik\u00e1 tak komunita, kterou spojuj\u00ed spole\u010dn\u00e9 z\u00e1vody, outdoor akce, workshopy a setk\u00e1n\u00ed mimo tr\u00e9nink.<\/p>\n<h2>Tren\u00e9\u0159i Barbar kruh\u00e1\u010de<\/h2>\n<p data-start=\"146\" data-end=\"368\">Tren\u00e9r t\u011b provede ka\u017ed\u00fdm kolem tr\u00e9ninku, pom\u016f\u017ee ti s technikou a p\u0159izp\u016fsob\u00ed z\u00e1t\u011b\u017e tv\u00e9 aktu\u00e1ln\u00ed kondici. Dohl\u00e9dne, aby tr\u00e9nink byl bezpe\u010dn\u00fd, funk\u010dn\u00ed a p\u0159\u00ednosn\u00fd. Z\u00e1rove\u0148 t\u011b podpo\u0159\u00ed, kdy\u017e bude\u0161 cht\u00edt posunout sv\u00e9 limity.<\/p>\n<h3 style=\"text-align: left;\">Patrik Waldhans<\/h3>\n<a href=\"https:\/\/www.instagram.com\/patrik_batman_barbar\/\" rel=\"noopener\" target=\"_blank\"> <em style=\"background-color:rgba(0,0,0, 0);color:#ffffff\"><svg aria-hidden=\"true\"><use href=\"#tf-fab-instagram\"><\/use><\/svg><\/em> patrik_batman_barbar <\/a> <a href=\"mailto:waldhans.patrik@gmail.com\" rel=\"noopener\" target=\"_blank\"> <em style=\"background-color:rgba(0,0,0, 0);color:#ffffff\"><svg aria-hidden=\"true\"><use href=\"#tf-fas-envelope\"><\/use><\/svg><\/em> waldhans.patrik@gmail.com <\/a>","_links":{"self":[{"href":"http:\/\/spartangym.microweb.cz\/en\/wp-json\/wp\/v2\/pages\/6430","targetHints":{"allow":["GET"]}}],"collection":[{"href":"http:\/\/spartangym.microweb.cz\/en\/wp-json\/wp\/v2\/pages"}],"about":[{"href":"http:\/\/spartangym.microweb.cz\/en\/wp-json\/wp\/v2\/types\/page"}],"author":[{"embeddable":true,"href":"http:\/\/spartangym.microweb.cz\/en\/wp-json\/wp\/v2\/users\/1"}],"replies":[{"embeddable":true,"href":"http:\/\/spartangym.microweb.cz\/en\/wp-json\/wp\/v2\/comments?post=6430"}],"version-history":[{"count":21,"href":"http:\/\/spartangym.microweb.cz\/en\/wp-json\/wp\/v2\/pages\/6430\/revisions"}],"predecessor-version":[{"id":7619,"href":"http:\/\/spartangym.microweb.cz\/en\/wp-json\/wp\/v2\/pages\/6430\/revisions\/7619"}],"up":[{"embeddable":true,"href":"http:\/\/spartangym.microweb.cz\/en\/wp-json\/wp\/v2\/pages\/4408"}],"wp:attachment":[{"href":"http:\/\/spartangym.microweb.cz\/en\/wp-json\/wp\/v2\/media?parent=6430"}],"curies":[{"name":"wp","href":"https:\/\/api.w.org\/{rel}","templated":true}]}}