{"id":6425,"date":"2025-06-27T14:35:26","date_gmt":"2025-06-27T12:35:26","guid":{"rendered":"https:\/\/spartangym.microweb.cz\/velke-balony-copy\/"},"modified":"2025-07-31T14:11:33","modified_gmt":"2025-07-31T12:11:33","slug":"tcb-gym","status":"publish","type":"page","link":"http:\/\/spartangym.microweb.cz\/en\/skupinove-lekce\/tcb-gym\/","title":{"rendered":"TCB Gym"},"content":{"rendered":"<p><\/p>\n\n<!--themify_builder_content-->\n<div id=\"themify_builder_content-6425\" data-postid=\"6425\" class=\"themify_builder_content themify_builder_content-6425 themify_builder tf_clear\">\n                    <div  data-lazy=\"1\" class=\"module_row themify_builder_row tb_fus4862 tb_first tf_w\">\n            <span  class=\"builder_row_cover tf_abs\" data-lazy=\"1\"><\/span>            <div class=\"row_inner col_align_top tb_col_count_1 tf_box tf_rel\">\n                        <div  data-lazy=\"1\" class=\"module_column tb-column col-full tb_87l6862 first\">\n                            <div  data-lazy=\"1\" class=\"module_subrow themify_builder_sub_row tf_w col_align_top tb_col_count_1 tb_vfxs862\">\n                <div  data-lazy=\"1\" class=\"module_column sub_column col-full tb_i0cj862 first\">\n                    <!-- module text -->\n<div  class=\"module module-text tb_aj9p862 moving\" data-lazy=\"1\">\n        <div  class=\"tb_text_wrap\">\n        <h1 style=\"text-align: left;\">TCB gym<\/h1>    <\/div>\n<\/div>\n<!-- \/module text -->        <\/div>\n                    <\/div>\n                <div  data-lazy=\"1\" class=\"module_subrow themify_builder_sub_row tf_w col_align_middle gutter-none tb_col_count_2 tb_9cpb862\">\n                <div  data-lazy=\"1\" class=\"module_column sub_column col4-2 tb_glp8862 first\">\n                    <!-- module text -->\n<div  class=\"module module-text tb_qj09862\" data-lazy=\"1\">\n        <div  class=\"tb_text_wrap\">\n        <h2>Sm\u00edchov\/Bran\u00edk<\/h2>\n<p data-start=\"123\" data-end=\"167\">At TCB, Czech Republic, European, and World champions train under the guidance of experienced coaches. Every day, you can join training sessions in boxing, K1, Muay Thai, kickboxing, MMA, or SANDA.\nOn Sundays, there\u2019s an open sparring session for all styles with no registration required.\nEveryone is welcome \u2014 from complete beginners to advanced fighters. Recruitment is ongoing and registration-free. Just show up.<\/p>    <\/div>\n<\/div>\n<!-- \/module text --><!-- module buttons -->\n<div  class=\"module module-buttons tb_pswk582 buttons-horizontal solid  small circle\" data-lazy=\"1\">\n        <div class=\"module-buttons-item tf_in_flx\">\n                        <a href=\"https:\/\/www.instagram.com\/tcb_gym_kickbox\/\" class=\"ui builder_button tf_in_flx red\" target=\"_blank\" rel=\"noopener\">\n                                    <em><svg  class=\"tf_fa tf-fab-instagram\" aria-hidden=\"true\"><use href=\"#tf-fab-instagram\"><\/use><\/svg><\/em>                                        Instagram                                        <\/a>\n                <\/div>\n                    <div class=\"module-buttons-item tf_in_flx\">\n                        <a href=\"http:\/\/spartangym.microweb.cz\/en\/skupinove-lekce\/\" class=\"ui builder_button tf_in_flx red\" >\n                                    <em><svg  class=\"tf_fa tf-fas-people-group\" aria-hidden=\"true\"><use href=\"#tf-fas-people-group\"><\/use><\/svg><\/em>                                        Group classes                                        <\/a>\n                <\/div>\n            <\/div>\n<!-- \/module buttons -->\n        <\/div>\n                    <div  data-lazy=\"1\" class=\"module_column sub_column col4-2 tb_xqwf862 last\">\n                            <\/div>\n                    <\/div>\n                <\/div>\n                        <\/div>\n        <\/div>\n                        <div  data-lazy=\"1\" class=\"module_row themify_builder_row tb_1dgi505 tf_w\">\n            <span  class=\"builder_row_cover tf_abs\" data-lazy=\"1\"><\/span>            <div class=\"row_inner col_align_top tb_col_count_2 tf_box tf_rel\">\n                        <div  data-lazy=\"1\" class=\"module_column tb-column col4-2 tb_gyq7648 first\">\n                    <!-- module image -->\n<div  class=\"module module-image tb_xsfx346 image-center   tf_mw\" data-lazy=\"1\" data-lax-translate-y=\"(vh*1) 0,(vh*0) -70\" data-lax=\"true\">\n        <div class=\"image-wrap tf_rel tf_mw\">\n            <img decoding=\"async\" src=\"https:\/\/spartangym.microweb.cz\/wp-content\/uploads\/2025\/07\/tcb.svg\" width=\"200\" title=\"TCB Gym\" alt=\"TCB Gym\">    \n        <\/div>\n    <!-- \/image-wrap -->\n    \n        <\/div>\n<!-- \/module image --><!-- module image -->\n<div  class=\"module module-image tb_zaxn000 image-top   auto_fullwidth tf_mw\" data-lazy=\"1\" data-lax-translate-y=\"(vh*1) 0,(vh*0) -70\" data-lax=\"true\">\n        <div class=\"image-wrap tf_rel tf_mw\">\n            <img loading=\"lazy\" decoding=\"async\" src=\"https:\/\/spartangym.microweb.cz\/wp-content\/uploads\/2025\/07\/tcb15.jpg\" width=\"2000\" height=\"1200\" title=\"TCB Gym\" alt=\"TCB Gym\">    \n        <\/div>\n    <!-- \/image-wrap -->\n    \n        <\/div>\n<!-- \/module image --><!-- module image -->\n<div  class=\"module module-image tb_imuz606 image-right   auto_fullwidth tf_mw tb_gs525d7\" data-lazy=\"1\" data-lax-translate-y=\"(vh*1) 0,(vh*0) -140\" data-lax=\"true\">\n        <div class=\"image-wrap tf_rel tf_mw\">\n            <img loading=\"lazy\" decoding=\"async\" src=\"https:\/\/spartangym.microweb.cz\/wp-content\/uploads\/2025\/07\/tcb14.jpg\" width=\"2000\" height=\"1200\" title=\"TCB Gym\" alt=\"TCB Gym\">    \n        <\/div>\n    <!-- \/image-wrap -->\n    \n        <\/div>\n<!-- \/module image -->        <\/div>\n                    <div  data-lazy=\"1\" class=\"module_column tb-column col4-2 tb_4zrx638 last\">\n                            <div  data-lazy=\"1\" class=\"module_subrow themify_builder_sub_row tf_w col_align_top tb_col_count_1 tb_e6z2303\">\n                <div  data-lazy=\"1\" class=\"module_column sub_column col-full tb_te0s306 first\">\n                    <!-- module feature -->\n<div  class=\"module module-feature tb_0u3n022 no-chart layout-icon-left size-custom\" data-layout-mobile=\"icon-left\" data-layout-desktop=\"icon-left\" data-lazy=\"1\">\n        <div class=\"module-feature-image tf_textc tf_rel\">\n                            <span class=\"module-feature-chart-html5 tf_box tf_rel tf_inline_b\" style=\"width:80px;height:80px;background-color:#c41215\">\n                                <span class=\"chart-html5-circle tf_w tf_h\">\n                                            <em class=\"module-feature-icon tf_rel\" style=\"color:#ffffff\"><svg  class=\"tf_fa tf-fas-circle-dot\" aria-hidden=\"true\"><use href=\"#tf-fas-circle-dot\"><\/use><\/svg><\/em>\n                                    <\/span>\n\n                \n            <\/span>\n                <\/div>\n    <div class=\"module-feature-content tf_textc\">\n                    <h3 class=\"module-feature-title\">\n                            Comprehensive combat training                        <\/h3>\n                    <div class=\"tb_text_wrap\">\n            <p>K1, boxing, Muay Thai, MMA, Sanda, and more \u2013 all under one roof.<\/p>        <\/div>\n    <\/div>\n<\/div>\n<!-- \/module feature -->\n<!-- module feature -->\n<div  class=\"module module-feature tb_s2r9009 no-chart layout-icon-left size-custom\" data-layout-mobile=\"icon-left\" data-layout-desktop=\"icon-left\" data-lazy=\"1\">\n        <div class=\"module-feature-image tf_textc tf_rel\">\n                            <span class=\"module-feature-chart-html5 tf_box tf_rel tf_inline_b\" style=\"width:80px;height:80px;background-color:#c41215\">\n                                <span class=\"chart-html5-circle tf_w tf_h\">\n                                            <em class=\"module-feature-icon tf_rel\" style=\"color:#ffffff\"><svg  class=\"tf_fa tf-fas-bolt\" aria-hidden=\"true\"><use href=\"#tf-fas-bolt\"><\/use><\/svg><\/em>\n                                    <\/span>\n\n                \n            <\/span>\n                <\/div>\n    <div class=\"module-feature-content tf_textc\">\n                    <h3 class=\"module-feature-title\">\n                            Strength and conditioning development                        <\/h3>\n                    <div class=\"tb_text_wrap\">\n            <p>Functional training and strength training are also part of the preparation.<\/p>        <\/div>\n    <\/div>\n<\/div>\n<!-- \/module feature -->\n<!-- module feature -->\n<div  class=\"module module-feature tb_2xc1340 no-chart layout-icon-left size-custom\" data-layout-mobile=\"icon-left\" data-layout-desktop=\"icon-left\" data-lazy=\"1\">\n        <div class=\"module-feature-image tf_textc tf_rel\">\n                            <span class=\"module-feature-chart-html5 tf_box tf_rel tf_inline_b\" style=\"width:80px;height:80px;background-color:#c41215\">\n                                <span class=\"chart-html5-circle tf_w tf_h\">\n                                            <em class=\"module-feature-icon tf_rel\" style=\"color:#ffffff\"><svg  class=\"tf_fa tf-fas-wallet\" aria-hidden=\"true\"><use href=\"#tf-fas-wallet\"><\/use><\/svg><\/em>\n                                    <\/span>\n\n                \n            <\/span>\n                <\/div>\n    <div class=\"module-feature-content tf_textc\">\n                    <h3 class=\"module-feature-title\">\n                            Price and Multisport                        <\/h3>\n                    <div class=\"tb_text_wrap\">\n            <p>Class: <strong data-start=\"1498\" data-end=\"1508\">220 CZK<\/strong> or <strong data-start=\"1514\" data-end=\"1534\">Multisport card<\/strong><\/p>        <\/div>\n    <\/div>\n<\/div>\n<!-- \/module feature -->\n<!-- module feature -->\n<div  class=\"module module-feature tb_uzp6588 no-chart layout-icon-left size-custom\" data-layout-mobile=\"icon-left\" data-layout-desktop=\"icon-left\" data-lazy=\"1\">\n        <div class=\"module-feature-image tf_textc tf_rel\">\n                            <span class=\"module-feature-chart-html5 tf_box tf_rel tf_inline_b\" style=\"width:80px;height:80px;background-color:#c41215\">\n                                <span class=\"chart-html5-circle tf_w tf_h\">\n                                            <em class=\"module-feature-icon tf_rel\" style=\"color:#ffffff\"><svg  class=\"tf_fa tf-fas-people-group\" aria-hidden=\"true\"><use href=\"#tf-fas-people-group\"><\/use><\/svg><\/em>\n                                    <\/span>\n\n                \n            <\/span>\n                <\/div>\n    <div class=\"module-feature-content tf_textc\">\n                    <h3 class=\"module-feature-title\">\n                            Experienced coaches                        <\/h3>\n                    <div class=\"tb_text_wrap\">\n            <p>Mario Jarkas, Karel N\u00e1dvorn\u00edk, Jan Mare\u0161, Ji\u0159\u00ed V\u00e1\u0148a a conditioning coach Martin Svoboda.<\/p>        <\/div>\n    <\/div>\n<\/div>\n<!-- \/module feature -->\n<!-- module feature -->\n<div  class=\"module module-feature tb_oizp683 no-chart layout-icon-left size-custom\" data-layout-mobile=\"icon-left\" data-layout-desktop=\"icon-left\" data-lazy=\"1\">\n        <div class=\"module-feature-image tf_textc tf_rel\">\n                            <span class=\"module-feature-chart-html5 tf_box tf_rel tf_inline_b\" style=\"width:80px;height:80px;background-color:#c41215\">\n                                <span class=\"chart-html5-circle tf_w tf_h\">\n                                            <em class=\"module-feature-icon tf_rel\" style=\"color:#ffffff\"><svg  class=\"tf_fa tf-fas-door-open\" aria-hidden=\"true\"><use href=\"#tf-fas-door-open\"><\/use><\/svg><\/em>\n                                    <\/span>\n\n                \n            <\/span>\n                <\/div>\n    <div class=\"module-feature-content tf_textc\">\n                    <h3 class=\"module-feature-title\">\n                            Access without registration                        <\/h3>\n                    <div class=\"tb_text_wrap\">\n            <p>You don\u2019t need to sign up \u2014 just show up. Recruitment takes place at every training session.<\/p>        <\/div>\n    <\/div>\n<\/div>\n<!-- \/module feature -->\n        <\/div>\n                    <\/div>\n        <!-- module feature -->\n<div  class=\"module module-feature tb_cocy055 no-chart layout-icon-left size-custom\" data-layout-mobile=\"icon-left\" data-layout-desktop=\"icon-left\" data-lazy=\"1\">\n        <div class=\"module-feature-image tf_textc tf_rel\">\n                            <span class=\"module-feature-chart-html5 tf_box tf_rel tf_inline_b\" style=\"width:80px;height:80px;background-color:#c41215\">\n                                <span class=\"chart-html5-circle tf_w tf_h\">\n                                            <em class=\"module-feature-icon tf_rel\" style=\"color:#ffffff\"><svg  class=\"tf_fa tf-fas-calendar-days\" aria-hidden=\"true\"><use href=\"#tf-fas-calendar-days\"><\/use><\/svg><\/em>\n                                    <\/span>\n\n                \n            <\/span>\n                <\/div>\n    <div class=\"module-feature-content tf_textc\">\n                    <h3 class=\"module-feature-title\">\n                            Schedule Sm\u00edchov                        <\/h3>\n                    <div class=\"tb_text_wrap\">\n            <p data-start=\"193\" data-end=\"257\"><strong data-start=\"193\" data-end=\"204\">Monday<\/strong><br data-start=\"204\" data-end=\"207\">18:00\u201319:00 | Box<br data-start=\"224\" data-end=\"227\">19:00\u201320:30 | K1<br><strong data-start=\"259\" data-end=\"268\">Tuesday<\/strong><br data-start=\"268\" data-end=\"271\">18:00\u201319:00 | Thai Box<br data-start=\"308\" data-end=\"311\">19:00\u201320:00 | Z\u00e1vodn\u00edci<br>20:00\u201321:00 | Sanda<br><strong data-start=\"343\" data-end=\"353\">Wednesday<\/strong><br data-start=\"353\" data-end=\"356\">18:00\u201319:00 | Box<br data-start=\"224\" data-end=\"227\">19:00\u201320:30 | K1<br><strong data-start=\"408\" data-end=\"419\">Thursday<\/strong><br data-start=\"419\" data-end=\"422\">18:00\u201319:30 | Thai Box<br data-start=\"308\" data-end=\"311\">20:00\u201321:00 | Sanda<br><strong data-start=\"494\" data-end=\"504\">Sunday<\/strong><br data-start=\"504\" data-end=\"507\">18:00\u201319:00 | Sparing<\/p>        <\/div>\n    <\/div>\n<\/div>\n<!-- \/module feature -->\n<!-- module feature -->\n<div  class=\"module module-feature tb_sn6f934 no-chart layout-icon-left size-custom\" data-layout-mobile=\"icon-left\" data-layout-desktop=\"icon-left\" data-lazy=\"1\">\n        <div class=\"module-feature-image tf_textc tf_rel\">\n                            <span class=\"module-feature-chart-html5 tf_box tf_rel tf_inline_b\" style=\"width:80px;height:80px;background-color:#c41215\">\n                                <span class=\"chart-html5-circle tf_w tf_h\">\n                                            <em class=\"module-feature-icon tf_rel\" style=\"color:#ffffff\"><svg  class=\"tf_fa tf-fas-calendar-days\" aria-hidden=\"true\"><use href=\"#tf-fas-calendar-days\"><\/use><\/svg><\/em>\n                                    <\/span>\n\n                \n            <\/span>\n                <\/div>\n    <div class=\"module-feature-content tf_textc\">\n                    <h3 class=\"module-feature-title\">\n                            Schedule Bran\u00edk                        <\/h3>\n                    <div class=\"tb_text_wrap\">\n            <p data-start=\"193\" data-end=\"257\"><strong data-start=\"259\" data-end=\"268\">Tuesday<\/strong><br data-start=\"268\" data-end=\"271\">18:00\u201319:30 | Kickbox<br><strong data-start=\"408\" data-end=\"419\">Thursday<\/strong><br data-start=\"419\" data-end=\"422\">18:00\u201319:30 | Kickbox<\/p>        <\/div>\n    <\/div>\n<\/div>\n<!-- \/module feature -->\n        <\/div>\n                        <\/div>\n        <\/div>\n        <\/div>\n<!--\/themify_builder_content-->","protected":false},"excerpt":{"rendered":"","protected":false},"author":1,"featured_media":0,"parent":4408,"menu_order":0,"comment_status":"closed","ping_status":"closed","template":"","meta":{"footnotes":""},"class_list":["post-6425","page","type-page","status-publish","hentry","has-post-title","has-post-date","has-post-category","has-post-tag","has-post-comment","has-post-author",""],"builder_content":"<h1 style=\"text-align: left;\">TCB gym<\/h1>\n<h2>Sm\u00edchov\/Bran\u00edk<\/h2> <p data-start=\"123\" data-end=\"167\">V TCB tr\u00e9nuj\u00ed mist\u0159i \u010cR, Evropy i sv\u011bta pod veden\u00edm zku\u0161en\u00fdch tren\u00e9r\u016f. Ka\u017ed\u00fd den t\u011b \u010dekaj\u00ed tr\u00e9ninky boxu, K1, Thai boxu, kickboxu, MMA nebo SANDY. V ned\u011bli otev\u0159en\u00fd sparing pro v\u0161echny styly bez nutnosti p\u0159ihl\u00e1\u0161en\u00ed. P\u0159ij\u00edt m\u016f\u017ee \u00fapln\u011b ka\u017ed\u00fd \u2013 za\u010d\u00e1te\u010dn\u00edk i pokro\u010dil\u00fd. N\u00e1bor prob\u00edh\u00e1 pr\u016fb\u011b\u017en\u011b, bez registrace. Sta\u010d\u00ed dorazit.<\/p>\n<a href=\"https:\/\/www.instagram.com\/tcb_gym_kickbox\/\" target=\"_blank\" rel=\"noopener\"> <em><svg aria-hidden=\"true\"><use href=\"#tf-fab-instagram\"><\/use><\/svg><\/em> Instagram <\/a> <a href=\"\/skupinove-lekce\" > <em><svg aria-hidden=\"true\"><use href=\"#tf-fas-people-group\"><\/use><\/svg><\/em> Skupinov\u00e9 lekce <\/a>\n<img src=\"https:\/\/spartangym.microweb.cz\/wp-content\/uploads\/2025\/07\/tcb.svg\" width=\"200\" title=\"TCB Gym\" alt=\"TCB Gym\">\n<img src=\"https:\/\/spartangym.microweb.cz\/wp-content\/uploads\/2025\/07\/tcb15.jpg\" width=\"2000\" height=\"1200\" title=\"TCB Gym\" alt=\"TCB Gym\">\n<img src=\"https:\/\/spartangym.microweb.cz\/wp-content\/uploads\/2025\/07\/tcb14.jpg\" width=\"2000\" height=\"1200\" title=\"TCB Gym\" alt=\"TCB Gym\">\n<em style=\"color:#ffffff\"><svg aria-hidden=\"true\"><use href=\"#tf-fas-circle-dot\"><\/use><\/svg><\/em> \n <h3> Komplexn\u00ed bojov\u00e9 tr\u00e9ninky <\/h3> <p>K1, box, Thai box, MMA, Sanda a dal\u0161\u00ed \u2013 v\u0161e pod jednou st\u0159echou.<\/p>\n<em style=\"color:#ffffff\"><svg aria-hidden=\"true\"><use href=\"#tf-fas-bolt\"><\/use><\/svg><\/em> \n <h3> Silov\u00fd a kondi\u010dn\u00ed rozvoj <\/h3> <p>Sou\u010d\u00e1st\u00ed p\u0159\u00edpravy je i funk\u010dn\u00ed tr\u00e9nink a posilov\u00e1n\u00ed.<\/p>\n<em style=\"color:#ffffff\"><svg aria-hidden=\"true\"><use href=\"#tf-fas-wallet\"><\/use><\/svg><\/em> \n <h3> Cena a Multisport <\/h3> <p>Lekce: <strong data-start=\"1498\" data-end=\"1508\">220 K\u010d<\/strong> nebo <strong data-start=\"1514\" data-end=\"1534\">Multisport karta<\/strong><\/p>\n<em style=\"color:#ffffff\"><svg aria-hidden=\"true\"><use href=\"#tf-fas-people-group\"><\/use><\/svg><\/em> \n <h3> Zku\u0161en\u00ed tren\u00e9\u0159i <\/h3> <p>Mario Jarkas, Karel N\u00e1dvorn\u00edk, Jan Mare\u0161, Ji\u0159\u00ed V\u00e1\u0148a a kondi\u010dn\u00ed tren\u00e9r Martin Svoboda.<\/p>\n<em style=\"color:#ffffff\"><svg aria-hidden=\"true\"><use href=\"#tf-fas-door-open\"><\/use><\/svg><\/em> \n <h3> P\u0159\u00edstup bez registrace <\/h3> <p>Nemus\u00ed\u0161 se nikam hl\u00e1sit \u2013 sta\u010d\u00ed dorazit. N\u00e1bor b\u011b\u017e\u00ed na ka\u017ed\u00e9m tr\u00e9ninku.<\/p>\n<em style=\"color:#ffffff\"><svg aria-hidden=\"true\"><use href=\"#tf-fas-calendar-days\"><\/use><\/svg><\/em> \n <h3> Rozvrh Sm\u00edchov <\/h3> <p data-start=\"193\" data-end=\"257\"><strong data-start=\"193\" data-end=\"204\">Pond\u011bl\u00ed<\/strong><br data-start=\"204\" data-end=\"207\">18:00\u201319:00 | Box<br data-start=\"224\" data-end=\"227\">19:00\u201320:30 | K1<br><strong data-start=\"259\" data-end=\"268\">\u00dater\u00fd<\/strong><br data-start=\"268\" data-end=\"271\">18:00\u201319:00 | Thai Box<br data-start=\"308\" data-end=\"311\">19:00\u201320:00 | Z\u00e1vodn\u00edci<br>20:00\u201321:00 | Sanda<br><strong data-start=\"343\" data-end=\"353\">St\u0159eda<\/strong><br data-start=\"353\" data-end=\"356\">18:00\u201319:00 | Box<br data-start=\"224\" data-end=\"227\">19:00\u201320:30 | K1<br><strong data-start=\"408\" data-end=\"419\">\u010ctvrtek<\/strong><br data-start=\"419\" data-end=\"422\">18:00\u201319:30 | Thai Box<br data-start=\"308\" data-end=\"311\">20:00\u201321:00 | Sanda<br><strong data-start=\"494\" data-end=\"504\">Ned\u011ble<\/strong><br data-start=\"504\" data-end=\"507\">18:00\u201319:00 | Sparing<\/p>\n<em style=\"color:#ffffff\"><svg aria-hidden=\"true\"><use href=\"#tf-fas-calendar-days\"><\/use><\/svg><\/em> \n <h3> Rozvrh Bran\u00edk <\/h3> <p data-start=\"193\" data-end=\"257\"><strong data-start=\"259\" data-end=\"268\">\u00dater\u00fd<\/strong><br data-start=\"268\" data-end=\"271\">18:00\u201319:30 | Kickbox<br><strong data-start=\"408\" data-end=\"419\">\u010ctvrtek<\/strong><br data-start=\"419\" data-end=\"422\">18:00\u201319:30 | Kickbox<\/p>","_links":{"self":[{"href":"http:\/\/spartangym.microweb.cz\/en\/wp-json\/wp\/v2\/pages\/6425","targetHints":{"allow":["GET"]}}],"collection":[{"href":"http:\/\/spartangym.microweb.cz\/en\/wp-json\/wp\/v2\/pages"}],"about":[{"href":"http:\/\/spartangym.microweb.cz\/en\/wp-json\/wp\/v2\/types\/page"}],"author":[{"embeddable":true,"href":"http:\/\/spartangym.microweb.cz\/en\/wp-json\/wp\/v2\/users\/1"}],"replies":[{"embeddable":true,"href":"http:\/\/spartangym.microweb.cz\/en\/wp-json\/wp\/v2\/comments?post=6425"}],"version-history":[{"count":69,"href":"http:\/\/spartangym.microweb.cz\/en\/wp-json\/wp\/v2\/pages\/6425\/revisions"}],"predecessor-version":[{"id":7680,"href":"http:\/\/spartangym.microweb.cz\/en\/wp-json\/wp\/v2\/pages\/6425\/revisions\/7680"}],"up":[{"embeddable":true,"href":"http:\/\/spartangym.microweb.cz\/en\/wp-json\/wp\/v2\/pages\/4408"}],"wp:attachment":[{"href":"http:\/\/spartangym.microweb.cz\/en\/wp-json\/wp\/v2\/media?parent=6425"}],"curies":[{"name":"wp","href":"https:\/\/api.w.org\/{rel}","templated":true}]}}