{"id":6349,"date":"2025-06-27T12:49:02","date_gmt":"2025-06-27T10:49:02","guid":{"rendered":"https:\/\/spartangym.microweb.cz\/power-joga-copy\/"},"modified":"2025-07-31T14:12:39","modified_gmt":"2025-07-31T12:12:39","slug":"velke-balony","status":"publish","type":"page","link":"http:\/\/spartangym.microweb.cz\/en\/skupinove-lekce\/velke-balony\/","title":{"rendered":"Exercise balls"},"content":{"rendered":"<p><\/p>\n\n<!--themify_builder_content-->\n<div id=\"themify_builder_content-6349\" data-postid=\"6349\" class=\"themify_builder_content themify_builder_content-6349 themify_builder tf_clear\">\n                    <div  data-lazy=\"1\" class=\"module_row themify_builder_row tb_2jog066 tb_first tf_w\">\n            <span  class=\"builder_row_cover tf_abs\" data-lazy=\"1\"><\/span>            <div class=\"row_inner col_align_top tb_col_count_1 tf_box tf_rel\">\n                        <div  data-lazy=\"1\" class=\"module_column tb-column col-full tb_0nfu822 first\">\n                            <div  data-lazy=\"1\" class=\"module_subrow themify_builder_sub_row tf_w col_align_top tb_col_count_1 tb_kl7v209\">\n                <div  data-lazy=\"1\" class=\"module_column sub_column col-full tb_rxx6220 first\">\n                    <!-- module text -->\n<div  class=\"module module-text tb_1669420 moving\" data-lazy=\"1\">\n        <div  class=\"tb_text_wrap\">\n        <h1 style=\"text-align: left;\">Exercise balls<\/h1>    <\/div>\n<\/div>\n<!-- \/module text -->        <\/div>\n                    <\/div>\n                <div  data-lazy=\"1\" class=\"module_subrow themify_builder_sub_row tf_w col_align_top gutter-none tb_col_count_2 tb_lku0092\">\n                <div  data-lazy=\"1\" class=\"module_column sub_column col4-2 tb_jjog007 first\">\n                    <!-- module text -->\n<div  class=\"module module-text tb_a3ym286\" data-lazy=\"1\">\n        <div  class=\"tb_text_wrap\">\n        <h2>Sm\u00edchov<\/h2>\n<p>Thanks to its incredible flexibility, adaptability, and safety, the gymnastics ball is an ideal tool for everyone, regardless of individual ability or fitness level. Exercising with it is both fun and easy. With persistence, you\u2019ll soon see great results \u2013 firmer muscles, a more sculpted body and posture, increased flexibility, and improved balance. If you already engage in any sport, ball exercises make an excellent complement to nearly all physical activities.<\/p>    <\/div>\n<\/div>\n<!-- \/module text --><!-- module buttons -->\n<div  class=\"module module-buttons tb_yjro090 buttons-horizontal solid  small circle\" data-lazy=\"1\">\n        <div class=\"module-buttons-item tf_in_flx\">\n                        <a href=\"http:\/\/spartangym.microweb.cz\/en\/rozvrh\/#smichov\" class=\"ui builder_button tf_in_flx red\" >\n                                    <em><svg  class=\"tf_fa tf-fas-calendar-alt\" aria-hidden=\"true\"><use href=\"#tf-fas-calendar-alt\"><\/use><\/svg><\/em>                                        schedule                                        <\/a>\n                <\/div>\n                    <div class=\"module-buttons-item tf_in_flx\">\n                        <a href=\"http:\/\/spartangym.microweb.cz\/en\/skupinove-lekce\/\" class=\"ui builder_button tf_in_flx tb_default_color\" >\n                                    <em><svg  class=\"tf_fa tf-fas-people-group\" aria-hidden=\"true\"><use href=\"#tf-fas-people-group\"><\/use><\/svg><\/em>                                        Group classes                                        <\/a>\n                <\/div>\n            <\/div>\n<!-- \/module buttons -->\n        <\/div>\n                    <div  data-lazy=\"1\" class=\"module_column sub_column col4-2 tb_vhj4000 last\">\n                            <\/div>\n                    <\/div>\n                <\/div>\n                        <\/div>\n        <\/div>\n                        <div  data-lazy=\"1\" class=\"module_row themify_builder_row tb_9ics020 tf_w\">\n            <span  class=\"builder_row_cover tf_abs\" data-lazy=\"1\"><\/span>            <div class=\"row_inner col_align_middle tb_col_count_2 tf_box tf_rel\">\n                        <div  data-lazy=\"1\" class=\"module_column tb-column col4-2 tb_e6jl303 first\">\n                    <!-- module image -->\n<div  class=\"module module-image tb_t4eb044 image-top   auto_fullwidth tf_mw\" data-lazy=\"1\" data-lax-translate-y=\"(vh*1) 0,(vh*0) -70\" data-lax=\"true\">\n        <div class=\"image-wrap tf_rel tf_mw\">\n            <img loading=\"lazy\" decoding=\"async\" src=\"https:\/\/spartangym.microweb.cz\/wp-content\/uploads\/2025\/06\/velke-balony2.jpg\" width=\"2000\" height=\"1200\" title=\"Exercise balls\" alt=\"Velk\u00e9 bal\u00f3ny\">    \n        <\/div>\n    <!-- \/image-wrap -->\n    \n        <\/div>\n<!-- \/module image --><!-- module image -->\n<div  class=\"module module-image tb_1isa050 image-right   auto_fullwidth tf_mw tb_gs525d7\" data-lazy=\"1\" data-lax-translate-y=\"(vh*1) 0,(vh*0) -140\" data-lax=\"true\">\n        <div class=\"image-wrap tf_rel tf_mw\">\n            <img loading=\"lazy\" decoding=\"async\" src=\"https:\/\/spartangym.microweb.cz\/wp-content\/uploads\/2025\/06\/velke-balony1.jpg\" width=\"2000\" height=\"1200\" title=\"Exercise balls\" alt=\"Velk\u00e9 bal\u00f3ny\">    \n        <\/div>\n    <!-- \/image-wrap -->\n    \n        <\/div>\n<!-- \/module image -->        <\/div>\n                    <div  data-lazy=\"1\" class=\"module_column tb-column col4-2 tb_fcfw720 last\">\n                            <div  data-lazy=\"1\" class=\"module_subrow themify_builder_sub_row tf_w col_align_top tb_col_count_1 tb_gyxy002\">\n                <div  data-lazy=\"1\" class=\"module_column sub_column col-full tb_wsbf202 first\">\n                    <!-- module feature -->\n<div  class=\"module module-feature tb_xs7c201 no-chart layout-icon-left size-custom\" data-layout-mobile=\"icon-left\" data-layout-desktop=\"icon-left\" data-lazy=\"1\">\n        <div class=\"module-feature-image tf_textc tf_rel\">\n                            <span class=\"module-feature-chart-html5 tf_box tf_rel tf_inline_b\" style=\"width:80px;height:80px;background-color:#c41215\">\n                                <span class=\"chart-html5-circle tf_w tf_h\">\n                                            <em class=\"module-feature-icon tf_rel\" style=\"color:#ffffff\"><svg  class=\"tf_fa tf-fas-circle-dot\" aria-hidden=\"true\"><use href=\"#tf-fas-circle-dot\"><\/use><\/svg><\/em>\n                                    <\/span>\n\n                \n            <\/span>\n                <\/div>\n    <div class=\"module-feature-content tf_textc\">\n                    <h3 class=\"module-feature-title\">\n                            Core muscle engagement                        <\/h3>\n                    <div class=\"tb_text_wrap\">\n            <p>Through regular exercise, you\u2019ll learn proper posture even during everyday activities.<\/p>        <\/div>\n    <\/div>\n<\/div>\n<!-- \/module feature -->\n<!-- module feature -->\n<div  class=\"module module-feature tb_p0ud027 no-chart layout-icon-left size-custom\" data-layout-mobile=\"icon-left\" data-layout-desktop=\"icon-left\" data-lazy=\"1\">\n        <div class=\"module-feature-image tf_textc tf_rel\">\n                            <span class=\"module-feature-chart-html5 tf_box tf_rel tf_inline_b\" style=\"width:80px;height:80px;background-color:#c41215\">\n                                <span class=\"chart-html5-circle tf_w tf_h\">\n                                            <em class=\"module-feature-icon tf_rel\" style=\"color:#ffffff\"><svg  class=\"tf_fa tf-fas-arrows-left-right-to-line\" aria-hidden=\"true\"><use href=\"#tf-fas-arrows-left-right-to-line\"><\/use><\/svg><\/em>\n                                    <\/span>\n\n                \n            <\/span>\n                <\/div>\n    <div class=\"module-feature-content tf_textc\">\n                    <h3 class=\"module-feature-title\">\n                            Stretching                        <\/h3>\n                    <div class=\"tb_text_wrap\">\n            <p>Stretching combined with increased flexibility contributes to better physical fitness not only during aging.<\/p>        <\/div>\n    <\/div>\n<\/div>\n<!-- \/module feature -->\n<!-- module feature -->\n<div  class=\"module module-feature tb_q1oy202 no-chart layout-icon-left size-custom\" data-layout-mobile=\"icon-left\" data-layout-desktop=\"icon-left\" data-lazy=\"1\">\n        <div class=\"module-feature-image tf_textc tf_rel\">\n                            <span class=\"module-feature-chart-html5 tf_box tf_rel tf_inline_b\" style=\"width:80px;height:80px;background-color:#c41215\">\n                                <span class=\"chart-html5-circle tf_w tf_h\">\n                                            <em class=\"module-feature-icon tf_rel\" style=\"color:#ffffff\"><svg  class=\"tf_fa tf-fas-person\" aria-hidden=\"true\"><use href=\"#tf-fas-person\"><\/use><\/svg><\/em>\n                                    <\/span>\n\n                \n            <\/span>\n                <\/div>\n    <div class=\"module-feature-content tf_textc\">\n                    <h3 class=\"module-feature-title\">\n                            Strength training                        <\/h3>\n                    <div class=\"tb_text_wrap\">\n            <p>Strength training and muscle toning support weight loss because muscles burn calories even after exercise<strong>.\u00a0<\/strong><\/p>        <\/div>\n    <\/div>\n<\/div>\n<!-- \/module feature -->\n<!-- module feature -->\n<div  class=\"module module-feature tb_39k5442 no-chart layout-icon-left size-custom\" data-layout-mobile=\"icon-left\" data-layout-desktop=\"icon-left\" data-lazy=\"1\">\n        <div class=\"module-feature-image tf_textc tf_rel\">\n                            <span class=\"module-feature-chart-html5 tf_box tf_rel tf_inline_b\" style=\"width:80px;height:80px;background-color:#c41215\">\n                                <span class=\"chart-html5-circle tf_w tf_h\">\n                                            <em class=\"module-feature-icon tf_rel\" style=\"color:#ffffff\"><svg  class=\"tf_fa tf-fas-face-laugh-beam\" aria-hidden=\"true\"><use href=\"#tf-fas-face-laugh-beam\"><\/use><\/svg><\/em>\n                                    <\/span>\n\n                \n            <\/span>\n                <\/div>\n    <div class=\"module-feature-content tf_textc\">\n                    <h3 class=\"module-feature-title\">\n                            Relaxation                        <\/h3>\n                    <div class=\"tb_text_wrap\">\n            <p>Rolling on the ball is incredibly relaxing. Plus it\u2019s a great and fun way to release tension. It helps bring overall calm at the end of a demanding day.<\/p>        <\/div>\n    <\/div>\n<\/div>\n<!-- \/module feature -->\n        <\/div>\n                    <\/div>\n                <\/div>\n                        <\/div>\n        <\/div>\n                        <div  data-lazy=\"1\" class=\"module_row themify_builder_row tb_ocbi175 tf_w\">\n                        <div class=\"row_inner col_align_top tb_col_count_1 tf_box tf_rel\">\n                        <div  data-lazy=\"1\" class=\"module_column tb-column col-full tb_nf9g772 first\">\n                    <!-- module text -->\n<div  class=\"module module-text tb_5duj100\" data-lazy=\"1\">\n        <div  class=\"tb_text_wrap\">\n        <h2>Exercise balls coaches<\/h2>\n<p data-start=\"109\" data-end=\"323\">Coaches will guide you through a fun and effective workout with the gymnastics ball. You\u2019ll strengthen your core, improve flexibility, and relax your mind and muscles.<\/p>    <\/div>\n<\/div>\n<!-- \/module text -->        <\/div>\n                        <\/div>\n        <\/div>\n                        <div  data-lazy=\"1\" class=\"module_row themify_builder_row tb_mx9b012 tf_w\">\n                        <div class=\"row_inner col_align_top tb_col_count_1 tf_box tf_rel\">\n                        <div  data-lazy=\"1\" class=\"module_column tb-column col-full tb_ao1o220 first\">\n                            <div  data-lazy=\"1\" class=\"module_subrow themify_builder_sub_row tf_w col_align_top tb_col_count_3 tb_2nm3717\">\n                <div  data-lazy=\"1\" class=\"module_column sub_column col3-1 tb_u7xx717 first\">\n        <span  class=\"builder_row_cover tf_abs\" data-lazy=\"1\"><\/span>                    <div  data-lazy=\"1\" class=\"module_subrow themify_builder_sub_row tf_w col_align_top tb_col_count_1 tb_li9b717\">\n                <div  data-lazy=\"1\" class=\"module_column sub_column col-full tb_klb8717 first\">\n                    <!-- module text -->\n<div  class=\"module module-text tb_22bx717\" data-lazy=\"1\">\n        <div  class=\"tb_text_wrap\">\n        <h3 style=\"text-align: left;\">Veronika \u0160pinkov\u00e1<\/h3>    <\/div>\n<\/div>\n<!-- \/module text --><!-- module icon -->\n<div  class=\"module module-icon tb_kxoi717    icon_vertical\" data-lazy=\"1\">\n            <div class=\"module-icon-item\">\n                            <a href=\"mailto:veronika777@post.cz\" rel=\"noopener\" target=\"_blank\">\n                                                                    <em class=\"tf_box\" style=\"background-color:rgba(0,0,0, 0);color:#ffffff\"><svg  class=\"tf_fa tf-fas-envelope\" aria-hidden=\"true\"><use href=\"#tf-fas-envelope\"><\/use><\/svg><\/em>\n                                                                            <span>veronika777@post.cz<\/span>\n                                                                    <\/a>\n                    <\/div>\n    <\/div>\n<!-- \/module icon -->\n        <\/div>\n                    <\/div>\n                <\/div>\n                    <div  data-lazy=\"1\" class=\"module_column sub_column col3-1 tb_a0gp717\">\n                            <\/div>\n                    <div  data-lazy=\"1\" class=\"module_column sub_column col3-1 tb_jl0v717 last\">\n                            <\/div>\n                    <\/div>\n                <\/div>\n                        <\/div>\n        <\/div>\n        <\/div>\n<!--\/themify_builder_content-->","protected":false},"excerpt":{"rendered":"","protected":false},"author":1,"featured_media":0,"parent":4408,"menu_order":0,"comment_status":"closed","ping_status":"closed","template":"","meta":{"footnotes":""},"class_list":["post-6349","page","type-page","status-publish","hentry","has-post-title","has-post-date","has-post-category","has-post-tag","has-post-comment","has-post-author",""],"builder_content":"<h1 style=\"text-align: left;\">Velk\u00e9 bal\u00f3ny<\/h1>\n<h2>Sm\u00edchov<\/h2> <p>D\u00edky sv\u00e9 obrovsk\u00e9 flexibilit\u011b, poddajnosti a bezpe\u010dnosti je gymnastick\u00fd bal\u00f3n ide\u00e1ln\u00ed pom\u016fckou pro ka\u017ed\u00e9ho bez ohledu na individu\u00e1ln\u00ed schopnosti nebo fyzickou zdatnost. Cvi\u010dit s n\u00edm je velmi z\u00e1bavn\u00e9 a jednoduch\u00e9. S vytrvalost\u00ed se brzy do\u010dk\u00e1te skv\u011bl\u00fdch v\u00fdsledk\u016f - pevn\u011bj\u0161\u00ed svaly, l\u00e9pe tvarovan\u00e9 t\u011blo a postoj, v\u011bt\u0161\u00ed ohebnost a schopnost udr\u017eet rovnov\u00e1hu. V p\u0159\u00edpad\u011b, \u017ee n\u011bjakou sportovn\u00ed aktivitu ji\u017e provozujete, cvi\u010den\u00ed s balonem je vynikaj\u00edc\u00ed dopln\u011bk k t\u00e9m\u011b\u0159 v\u0161em pohybov\u00fdm \u010dinnostem.<\/p>\n<a href=\"\/rozvrh\/#smichov\" > <em><svg aria-hidden=\"true\"><use href=\"#tf-fas-calendar-alt\"><\/use><\/svg><\/em> rozvrh <\/a> <a href=\"\/skupinove-lekce\" > <em><svg aria-hidden=\"true\"><use href=\"#tf-fas-people-group\"><\/use><\/svg><\/em> Skupinov\u00e9 lekce <\/a>\n<img src=\"https:\/\/spartangym.microweb.cz\/wp-content\/uploads\/2025\/06\/velke-balony2.jpg\" width=\"2000\" height=\"1200\" title=\"Velk\u00e9 bal\u00f3ny\" alt=\"Velk\u00e9 bal\u00f3ny\">\n<img src=\"https:\/\/spartangym.microweb.cz\/wp-content\/uploads\/2025\/06\/velke-balony1.jpg\" width=\"2000\" height=\"1200\" title=\"Velk\u00e9 bal\u00f3ny\" alt=\"Velk\u00e9 bal\u00f3ny\">\n<em style=\"color:#ffffff\"><svg aria-hidden=\"true\"><use href=\"#tf-fas-circle-dot\"><\/use><\/svg><\/em> \n <h3> Zat\u011b\u017eov\u00e1n\u00ed sval\u016f st\u0159edu t\u011bla <\/h3> <p>Pravideln\u00fdm cvi\u010den\u00edm se nau\u010d\u00edte spr\u00e1vn\u00e9mu dr\u017een\u00ed t\u011bla i p\u0159i b\u011b\u017en\u00fdch ka\u017edoden\u00edch \u010dinnostech.<\/p>\n<em style=\"color:#ffffff\"><svg aria-hidden=\"true\"><use href=\"#tf-fas-arrows-left-right-to-line\"><\/use><\/svg><\/em> \n <h3> Stretching <\/h3> <p>Stretching spole\u010dn\u011b se zvy\u0161ov\u00e1n\u00edm ohebnosti p\u0159isp\u00edv\u00e1 k lep\u0161\u00ed fyzick\u00e9 kondici nejen b\u011bhem st\u00e1rnut\u00ed.<\/p>\n<em style=\"color:#ffffff\"><svg aria-hidden=\"true\"><use href=\"#tf-fas-person\"><\/use><\/svg><\/em> \n <h3> Posilov\u00e1n\u00ed <\/h3> <p>Posilov\u00e1n\u00ed a vylad\u011bn\u00ed sval\u016f podporuje hubnut\u00ed, proto\u017ee svaly spaluj\u00ed kalorie i po skon\u010den\u00ed cvi\u010den\u00ed<strong>.\u00a0<\/strong><\/p>\n<em style=\"color:#ffffff\"><svg aria-hidden=\"true\"><use href=\"#tf-fas-face-laugh-beam\"><\/use><\/svg><\/em> \n <h3> Uvoln\u011bn\u00ed <\/h3> <p>Rolov\u00e1n\u00ed na balonu je \u00fa\u017easn\u011b uvol\u0148uj\u00edc\u00ed. Nav\u00edc je to skv\u011bl\u00fd a z\u00e1bavn\u00fd zp\u016fsob, jak se zbavit nap\u011bt\u00ed. Napom\u00e1h\u00e1 celkov\u00e9mu zklidn\u011bni v z\u00e1v\u011bru n\u00e1ro\u010dn\u00e9ho dne.<\/p>\n<h2>Tren\u00e9\u0159i Velk\u00fdch bal\u00f3n\u016f<\/h2> <p data-start=\"109\" data-end=\"323\">Tren\u00e9\u0159i t\u011b provedou z\u00e1bavn\u00fdm a efektivn\u00edm cvi\u010den\u00edm s gymnastick\u00fdm bal\u00f3nem. Pos\u00edl\u00ed\u0161 st\u0159ed t\u011bla, zlep\u0161\u00ed\u0161 flexibilitu a zrelaxuje\u0161 hlavu i svaly<\/p>\n<h3 style=\"text-align: left;\">Veronika \u0160pinkov\u00e1<\/h3>\n<a href=\"mailto:veronika777@post.cz\" rel=\"noopener\" target=\"_blank\"> <em style=\"background-color:rgba(0,0,0, 0);color:#ffffff\"><svg aria-hidden=\"true\"><use href=\"#tf-fas-envelope\"><\/use><\/svg><\/em> veronika777@post.cz <\/a>","_links":{"self":[{"href":"http:\/\/spartangym.microweb.cz\/en\/wp-json\/wp\/v2\/pages\/6349","targetHints":{"allow":["GET"]}}],"collection":[{"href":"http:\/\/spartangym.microweb.cz\/en\/wp-json\/wp\/v2\/pages"}],"about":[{"href":"http:\/\/spartangym.microweb.cz\/en\/wp-json\/wp\/v2\/types\/page"}],"author":[{"embeddable":true,"href":"http:\/\/spartangym.microweb.cz\/en\/wp-json\/wp\/v2\/users\/1"}],"replies":[{"embeddable":true,"href":"http:\/\/spartangym.microweb.cz\/en\/wp-json\/wp\/v2\/comments?post=6349"}],"version-history":[{"count":15,"href":"http:\/\/spartangym.microweb.cz\/en\/wp-json\/wp\/v2\/pages\/6349\/revisions"}],"predecessor-version":[{"id":7681,"href":"http:\/\/spartangym.microweb.cz\/en\/wp-json\/wp\/v2\/pages\/6349\/revisions\/7681"}],"up":[{"embeddable":true,"href":"http:\/\/spartangym.microweb.cz\/en\/wp-json\/wp\/v2\/pages\/4408"}],"wp:attachment":[{"href":"http:\/\/spartangym.microweb.cz\/en\/wp-json\/wp\/v2\/media?parent=6349"}],"curies":[{"name":"wp","href":"https:\/\/api.w.org\/{rel}","templated":true}]}}