{"id":6337,"date":"2025-06-27T12:41:02","date_gmt":"2025-06-27T10:41:02","guid":{"rendered":"https:\/\/spartangym.microweb.cz\/pilates-copy\/"},"modified":"2025-07-31T14:05:42","modified_gmt":"2025-07-31T12:05:42","slug":"power-joga","status":"publish","type":"page","link":"http:\/\/spartangym.microweb.cz\/en\/skupinove-lekce\/power-joga\/","title":{"rendered":"Power j\u00f3ga"},"content":{"rendered":"<p><\/p>\n\n<!--themify_builder_content-->\n<div id=\"themify_builder_content-6337\" data-postid=\"6337\" class=\"themify_builder_content themify_builder_content-6337 themify_builder tf_clear\">\n                    <div  data-lazy=\"1\" class=\"module_row themify_builder_row tb_gqhe228 tb_first tf_w\">\n            <span  class=\"builder_row_cover tf_abs\" data-lazy=\"1\"><\/span>            <div class=\"row_inner col_align_top tb_col_count_1 tf_box tf_rel\">\n                        <div  data-lazy=\"1\" class=\"module_column tb-column col-full tb_lmbl840 first\">\n                            <div  data-lazy=\"1\" class=\"module_subrow themify_builder_sub_row tf_w col_align_top tb_col_count_1 tb_0lxk477\">\n                <div  data-lazy=\"1\" class=\"module_column sub_column col-full tb_1ido820 first\">\n                    <!-- module text -->\n<div  class=\"module module-text tb_7z0w000 moving\" data-lazy=\"1\">\n        <div  class=\"tb_text_wrap\">\n        <h1 style=\"text-align: left;\">Power Yoga<\/h1>    <\/div>\n<\/div>\n<!-- \/module text -->        <\/div>\n                    <\/div>\n                <div  data-lazy=\"1\" class=\"module_subrow themify_builder_sub_row tf_w col_align_top gutter-none tb_col_count_2 tb_k91c047\">\n                <div  data-lazy=\"1\" class=\"module_column sub_column col4-2 tb_837l299 first\">\n                    <!-- module text -->\n<div  class=\"module module-text tb_aj6h040\" data-lazy=\"1\">\n        <div  class=\"tb_text_wrap\">\n        <h2>Sm\u00edchov<\/h2>\n<p>It is based on traditional yoga and enriched with modern elements. Positions that develop flexibility and strength alternate dynamically.<\/p>    <\/div>\n<\/div>\n<!-- \/module text --><!-- module buttons -->\n<div  class=\"module module-buttons tb_4gkq900 buttons-horizontal solid  small circle\" data-lazy=\"1\">\n        <div class=\"module-buttons-item tf_in_flx\">\n                        <a href=\"http:\/\/spartangym.microweb.cz\/en\/rozvrh\/#smichov\" class=\"ui builder_button tf_in_flx red\" >\n                                    <em><svg  class=\"tf_fa tf-fas-calendar-alt\" aria-hidden=\"true\"><use href=\"#tf-fas-calendar-alt\"><\/use><\/svg><\/em>                                        schedule                                        <\/a>\n                <\/div>\n                    <div class=\"module-buttons-item tf_in_flx\">\n                        <a href=\"http:\/\/spartangym.microweb.cz\/en\/skupinove-lekce\/\" class=\"ui builder_button tf_in_flx tb_default_color\" >\n                                    <em><svg  class=\"tf_fa tf-fas-people-group\" aria-hidden=\"true\"><use href=\"#tf-fas-people-group\"><\/use><\/svg><\/em>                                        Group classes                                        <\/a>\n                <\/div>\n            <\/div>\n<!-- \/module buttons -->\n        <\/div>\n                    <div  data-lazy=\"1\" class=\"module_column sub_column col4-2 tb_6mgh000 last\">\n                            <\/div>\n                    <\/div>\n                <\/div>\n                        <\/div>\n        <\/div>\n                        <div  data-lazy=\"1\" class=\"module_row themify_builder_row tb_bme4090 tf_w\">\n            <span  class=\"builder_row_cover tf_abs\" data-lazy=\"1\"><\/span>            <div class=\"row_inner col_align_middle tb_col_count_2 tf_box tf_rel\">\n                        <div  data-lazy=\"1\" class=\"module_column tb-column col4-2 tb_p9w2200 first\">\n                    <!-- module image -->\n<div  class=\"module module-image tb_z58y022 image-top   auto_fullwidth tf_mw\" data-lazy=\"1\" data-lax-translate-y=\"(vh*1) 0,(vh*0) -70\" data-lax=\"true\">\n        <div class=\"image-wrap tf_rel tf_mw\">\n            <img loading=\"lazy\" decoding=\"async\" src=\"https:\/\/spartangym.microweb.cz\/wp-content\/uploads\/2025\/06\/power-joga2.jpg\" width=\"2000\" height=\"1200\" title=\"Power j\u00f3ga\" alt=\"Power j\u00f3ga\">    \n        <\/div>\n    <!-- \/image-wrap -->\n    \n        <\/div>\n<!-- \/module image --><!-- module image -->\n<div  class=\"module module-image tb_way9070 image-right   auto_fullwidth tf_mw tb_gs525d7\" data-lazy=\"1\" data-lax-translate-y=\"(vh*1) 0,(vh*0) -140\" data-lax=\"true\">\n        <div class=\"image-wrap tf_rel tf_mw\">\n            <img loading=\"lazy\" decoding=\"async\" src=\"https:\/\/spartangym.microweb.cz\/wp-content\/uploads\/2025\/06\/power-joga1.jpg\" width=\"2000\" height=\"1200\" title=\"Power j\u00f3ga\" alt=\"Power j\u00f3ga\">    \n        <\/div>\n    <!-- \/image-wrap -->\n    \n        <\/div>\n<!-- \/module image -->        <\/div>\n                    <div  data-lazy=\"1\" class=\"module_column tb-column col4-2 tb_dw1t502 last\">\n                            <div  data-lazy=\"1\" class=\"module_subrow themify_builder_sub_row tf_w col_align_top tb_col_count_1 tb_rkmc004\">\n                <div  data-lazy=\"1\" class=\"module_column sub_column col-full tb_zgrn755 first\">\n                    <!-- module feature -->\n<div  class=\"module module-feature tb_svzb007 no-chart layout-icon-left size-custom\" data-layout-mobile=\"icon-left\" data-layout-desktop=\"icon-left\" data-lazy=\"1\">\n        <div class=\"module-feature-image tf_textc tf_rel\">\n                            <span class=\"module-feature-chart-html5 tf_box tf_rel tf_inline_b\" style=\"width:80px;height:80px;background-color:#c41215\">\n                                <span class=\"chart-html5-circle tf_w tf_h\">\n                                            <em class=\"module-feature-icon tf_rel\" style=\"color:#ffffff\"><svg  class=\"tf_fa tf-fas-bullseye\" aria-hidden=\"true\"><use href=\"#tf-fas-bullseye\"><\/use><\/svg><\/em>\n                                    <\/span>\n\n                \n            <\/span>\n                <\/div>\n    <div class=\"module-feature-content tf_textc\">\n                    <h3 class=\"module-feature-title\">\n                            Improves concentration                        <\/h3>\n                    <div class=\"tb_text_wrap\">\n            <p>Nourishing the body, reducing effort, seeking stability, breath awareness, coordinating movement with breath, and observing thoughts \u2014 all of this requires constant focus, which refines body awareness and sensitivity.<\/p>        <\/div>\n    <\/div>\n<\/div>\n<!-- \/module feature -->\n<!-- module feature -->\n<div  class=\"module module-feature tb_jqe0000 no-chart layout-icon-left size-custom\" data-layout-mobile=\"icon-left\" data-layout-desktop=\"icon-left\" data-lazy=\"1\">\n        <div class=\"module-feature-image tf_textc tf_rel\">\n                            <span class=\"module-feature-chart-html5 tf_box tf_rel tf_inline_b\" style=\"width:80px;height:80px;background-color:#c41215\">\n                                <span class=\"chart-html5-circle tf_w tf_h\">\n                                            <em class=\"module-feature-icon tf_rel\" style=\"color:#ffffff\"><svg  class=\"tf_fa tf-fas-spa\" aria-hidden=\"true\"><use href=\"#tf-fas-spa\"><\/use><\/svg><\/em>\n                                    <\/span>\n\n                \n            <\/span>\n                <\/div>\n    <div class=\"module-feature-content tf_textc\">\n                    <h3 class=\"module-feature-title\">\n                            Reduces stress and tension while improving body nourishment                        <\/h3>\n                    <div class=\"tb_text_wrap\">\n            <p>Tension, tightness, and various mental difficulties are reduced through regular relaxation sessions.<\/p>        <\/div>\n    <\/div>\n<\/div>\n<!-- \/module feature -->\n<!-- module feature -->\n<div  class=\"module module-feature tb_3lkg070 no-chart layout-icon-left size-custom\" data-layout-mobile=\"icon-left\" data-layout-desktop=\"icon-left\" data-lazy=\"1\">\n        <div class=\"module-feature-image tf_textc tf_rel\">\n                            <span class=\"module-feature-chart-html5 tf_box tf_rel tf_inline_b\" style=\"width:80px;height:80px;background-color:#c41215\">\n                                <span class=\"chart-html5-circle tf_w tf_h\">\n                                            <em class=\"module-feature-icon tf_rel\" style=\"color:#ffffff\"><svg  class=\"tf_fa tf-fas-brain\" aria-hidden=\"true\"><use href=\"#tf-fas-brain\"><\/use><\/svg><\/em>\n                                    <\/span>\n\n                \n            <\/span>\n                <\/div>\n    <div class=\"module-feature-content tf_textc\">\n                    <h3 class=\"module-feature-title\">\n                            Creates a harmonious unity of body, soul, and mind                        <\/h3>\n                    <div class=\"tb_text_wrap\">\n            <p>Power yoga works with the spine and the energy pillar formed by the vertebral column, allowing energy to flow freely by releasing blockages.<\/p>        <\/div>\n    <\/div>\n<\/div>\n<!-- \/module feature -->\n<!-- module feature -->\n<div  class=\"module module-feature tb_aw95701 no-chart layout-icon-left size-custom\" data-layout-mobile=\"icon-left\" data-layout-desktop=\"icon-left\" data-lazy=\"1\">\n        <div class=\"module-feature-image tf_textc tf_rel\">\n                            <span class=\"module-feature-chart-html5 tf_box tf_rel tf_inline_b\" style=\"width:80px;height:80px;background-color:#c41215\">\n                                <span class=\"chart-html5-circle tf_w tf_h\">\n                                            <em class=\"module-feature-icon tf_rel\" style=\"color:#ffffff\"><svg  class=\"tf_fa tf-fas-person\" aria-hidden=\"true\"><use href=\"#tf-fas-person\"><\/use><\/svg><\/em>\n                                    <\/span>\n\n                \n            <\/span>\n                <\/div>\n    <div class=\"module-feature-content tf_textc\">\n                    <h3 class=\"module-feature-title\">\n                            Shapes and transforms the entire body                        <\/h3>\n                    <div class=\"tb_text_wrap\">\n            <p>Slow and controlled movement drives effective muscle development not only on the surface but especially in the deep muscles essential for the proper functioning of the entire body.<\/p>        <\/div>\n    <\/div>\n<\/div>\n<!-- \/module feature -->\n        <\/div>\n                    <\/div>\n                <\/div>\n                        <\/div>\n        <\/div>\n                        <div  data-lazy=\"1\" class=\"module_row themify_builder_row tb_5ciu500 tf_w\">\n                        <div class=\"row_inner col_align_top tb_col_count_1 tf_box tf_rel\">\n                        <div  data-lazy=\"1\" class=\"module_column tb-column col-full tb_3a7p107 first\">\n                    <!-- module text -->\n<div  class=\"module module-text tb_o6xb074\" data-lazy=\"1\">\n        <div  class=\"tb_text_wrap\">\n        <h2>Power Yoga coaches<\/h2>\n<p data-start=\"109\" data-end=\"323\">Our coaches will help you connect strength, flexibility, and breath. The dynamic style of yoga will strengthen your body, clear your mind, and help you find inner balance.<\/p>    <\/div>\n<\/div>\n<!-- \/module text -->        <\/div>\n                        <\/div>\n        <\/div>\n                        <div  data-lazy=\"1\" class=\"module_row themify_builder_row tb_lx4m122 tf_w\">\n                        <div class=\"row_inner col_align_top tb_col_count_1 tf_box tf_rel\">\n                        <div  data-lazy=\"1\" class=\"module_column tb-column col-full tb_cito507 first\">\n                            <div  data-lazy=\"1\" class=\"module_subrow themify_builder_sub_row tf_w col_align_top tb_col_count_3 tb_mlwb050\">\n                <div  data-lazy=\"1\" class=\"module_column sub_column col3-1 tb_f5f0099 first\">\n        <span  class=\"builder_row_cover tf_abs\" data-lazy=\"1\"><\/span>                    <div  data-lazy=\"1\" class=\"module_subrow themify_builder_sub_row tf_w col_align_top tb_col_count_1 tb_95qo270\">\n                <div  data-lazy=\"1\" class=\"module_column sub_column col-full tb_1xt8107 first\">\n                    <!-- module text -->\n<div  class=\"module module-text tb_zz90107\" data-lazy=\"1\">\n        <div  class=\"tb_text_wrap\">\n        <h3 style=\"text-align: left;\">Veronika \u0160pinkov\u00e1<\/h3>    <\/div>\n<\/div>\n<!-- \/module text --><!-- module icon -->\n<div  class=\"module module-icon tb_ffi1107    icon_vertical\" data-lazy=\"1\">\n            <div class=\"module-icon-item\">\n                            <a href=\"mailto:veronika777@post.cz\" rel=\"noopener\" target=\"_blank\">\n                                                                    <em class=\"tf_box\" style=\"background-color:rgba(0,0,0, 0);color:#ffffff\"><svg  class=\"tf_fa tf-fas-envelope\" aria-hidden=\"true\"><use href=\"#tf-fas-envelope\"><\/use><\/svg><\/em>\n                                                                            <span>veronika777@post.cz<\/span>\n                                                                    <\/a>\n                    <\/div>\n    <\/div>\n<!-- \/module icon -->\n        <\/div>\n                    <\/div>\n                <\/div>\n                    <div  data-lazy=\"1\" class=\"module_column sub_column col3-1 tb_kg0x220\">\n                            <\/div>\n                    <div  data-lazy=\"1\" class=\"module_column sub_column col3-1 tb_0hj3371 last\">\n                            <\/div>\n                    <\/div>\n                <\/div>\n                        <\/div>\n        <\/div>\n        <\/div>\n<!--\/themify_builder_content-->","protected":false},"excerpt":{"rendered":"","protected":false},"author":1,"featured_media":0,"parent":4408,"menu_order":0,"comment_status":"closed","ping_status":"closed","template":"","meta":{"footnotes":""},"class_list":["post-6337","page","type-page","status-publish","hentry","has-post-title","has-post-date","has-post-category","has-post-tag","has-post-comment","has-post-author",""],"builder_content":"<h1 style=\"text-align: left;\">Power J\u00f3ga<\/h1>\n<h2>Sm\u00edchov<\/h2> <p>Vych\u00e1z\u00ed z klasick\u00e9 j\u00f3gy a je obohacena o modern\u00ed prvky. Dynamicky se st\u0159\u00eddaj\u00ed pozice, kter\u00e9 rozv\u00edj\u00ed flexibilitu a s\u00edlu cvi\u010dence.<\/p>\n<a href=\"\/rozvrh\/#smichov\" > <em><svg aria-hidden=\"true\"><use href=\"#tf-fas-calendar-alt\"><\/use><\/svg><\/em> rozvrh <\/a> <a href=\"\/skupinove-lekce\" > <em><svg aria-hidden=\"true\"><use href=\"#tf-fas-people-group\"><\/use><\/svg><\/em> Skupinov\u00e9 lekce <\/a>\n<img src=\"https:\/\/spartangym.microweb.cz\/wp-content\/uploads\/2025\/06\/power-joga2.jpg\" width=\"2000\" height=\"1200\" title=\"Power j\u00f3ga\" alt=\"Power j\u00f3ga\">\n<img src=\"https:\/\/spartangym.microweb.cz\/wp-content\/uploads\/2025\/06\/power-joga1.jpg\" width=\"2000\" height=\"1200\" title=\"Power j\u00f3ga\" alt=\"Power j\u00f3ga\">\n<em style=\"color:#ffffff\"><svg aria-hidden=\"true\"><use href=\"#tf-fas-bullseye\"><\/use><\/svg><\/em> \n <h3> Zlep\u0161uje koncentraci <\/h3> <p>V\u00fd\u017eiva t\u011bla, sn\u00ed\u017een\u00ed \u00fasil\u00ed, hled\u00e1n\u00e1 stability, v\u011bdom\u00ed dechu, koordinace pohybu s dechem a pozorov\u00e1n\u00ed my\u0161lenek - to v\u0161e vy\u017eaduje neust\u00e1lou pozornost, kter\u00e1 zjemn\u00ed c\u00edt\u011bn\u00ed a v\u011bdom\u00ed t\u011bla.<\/p>\n<em style=\"color:#ffffff\"><svg aria-hidden=\"true\"><use href=\"#tf-fas-spa\"><\/use><\/svg><\/em> \n <h3> Redukuje stres a nap\u011bt\u00ed a zlep\u0161uje vy\u017eivu t\u011bla <\/h3> <p>Ke sn\u00ed\u017een\u00ed nap\u011bt\u00ed, tenz\u00ed a r\u016fzn\u00fdch psychick\u00fdch obt\u00ed\u017e\u00ed doch\u00e1z\u00ed p\u0159i pravideln\u00fdch relaxac\u00edch.<\/p>\n<em style=\"color:#ffffff\"><svg aria-hidden=\"true\"><use href=\"#tf-fas-brain\"><\/use><\/svg><\/em> \n <h3> Vytvo\u0159\u00ed funguj\u00edc\u00ed celek z t\u011bla, du\u0161e a mysli <\/h3> <p>Power j\u00f3ga pracuje s p\u00e1te\u0159\u00ed a energetick\u00fdm pil\u00ed\u0159em, kter\u00fdm je soustava obratl\u016f. Jejich zpr\u016fchodn\u011bn\u00edm doch\u00e1z\u00ed k uvoln\u011bn\u00ed a proud\u011bn\u00ed energie.<\/p>\n<em style=\"color:#ffffff\"><svg aria-hidden=\"true\"><use href=\"#tf-fas-person\"><\/use><\/svg><\/em> \n <h3> Pror\u00fdsuje a transformuje cel\u00e9 t\u011blo <\/h3> <p>Pomal\u00fd a \u0159\u00edzen\u00fd pohyb je str\u016fjcem efektivn\u00edho rozvoje sval\u016f nejen na povrchu t\u011bla, ale p\u0159edev\u0161\u00edm sval\u016f hlubok\u00fdch, kter\u00e9 jsou d\u016fle\u017eit\u00e9 pro spr\u00e1vn\u00e9 fungov\u00e1ni cel\u00e9ho organismu.<\/p>\n<h2>Tren\u00e9\u0159i Power J\u00f3gy<\/h2> <p data-start=\"109\" data-end=\"323\">Na\u0161i tren\u00e9\u0159i ti pomohou propojit s\u00edlu, flexibilitu a dech. Dynamick\u00fd styl j\u00f3gy pos\u00edl\u00ed t\u011blo, vy\u010dist\u00ed mysl a pom\u016f\u017ee ti naj\u00edt vnit\u0159n\u00ed rovnov\u00e1hu.<\/p>\n<h3 style=\"text-align: left;\">Veronika \u0160pinkov\u00e1<\/h3>\n<a href=\"mailto:veronika777@post.cz\" rel=\"noopener\" target=\"_blank\"> <em style=\"background-color:rgba(0,0,0, 0);color:#ffffff\"><svg aria-hidden=\"true\"><use href=\"#tf-fas-envelope\"><\/use><\/svg><\/em> veronika777@post.cz <\/a>","_links":{"self":[{"href":"http:\/\/spartangym.microweb.cz\/en\/wp-json\/wp\/v2\/pages\/6337","targetHints":{"allow":["GET"]}}],"collection":[{"href":"http:\/\/spartangym.microweb.cz\/en\/wp-json\/wp\/v2\/pages"}],"about":[{"href":"http:\/\/spartangym.microweb.cz\/en\/wp-json\/wp\/v2\/types\/page"}],"author":[{"embeddable":true,"href":"http:\/\/spartangym.microweb.cz\/en\/wp-json\/wp\/v2\/users\/1"}],"replies":[{"embeddable":true,"href":"http:\/\/spartangym.microweb.cz\/en\/wp-json\/wp\/v2\/comments?post=6337"}],"version-history":[{"count":21,"href":"http:\/\/spartangym.microweb.cz\/en\/wp-json\/wp\/v2\/pages\/6337\/revisions"}],"predecessor-version":[{"id":7667,"href":"http:\/\/spartangym.microweb.cz\/en\/wp-json\/wp\/v2\/pages\/6337\/revisions\/7667"}],"up":[{"embeddable":true,"href":"http:\/\/spartangym.microweb.cz\/en\/wp-json\/wp\/v2\/pages\/4408"}],"wp:attachment":[{"href":"http:\/\/spartangym.microweb.cz\/en\/wp-json\/wp\/v2\/media?parent=6337"}],"curies":[{"name":"wp","href":"https:\/\/api.w.org\/{rel}","templated":true}]}}