{"id":6330,"date":"2025-06-27T11:24:53","date_gmt":"2025-06-27T09:24:53","guid":{"rendered":"https:\/\/spartangym.microweb.cz\/dance-aerobic-copy\/"},"modified":"2025-07-31T14:05:08","modified_gmt":"2025-07-31T12:05:08","slug":"pilates","status":"publish","type":"page","link":"http:\/\/spartangym.microweb.cz\/en\/skupinove-lekce\/pilates\/","title":{"rendered":"Pilates"},"content":{"rendered":"<p><\/p>\n\n<!--themify_builder_content-->\n<div id=\"themify_builder_content-6330\" data-postid=\"6330\" class=\"themify_builder_content themify_builder_content-6330 themify_builder tf_clear\">\n                    <div  data-lazy=\"1\" class=\"module_row themify_builder_row tb_ctod191 tb_first tf_w\">\n            <span  class=\"builder_row_cover tf_abs\" data-lazy=\"1\"><\/span>            <div class=\"row_inner col_align_top tb_col_count_1 tf_box tf_rel\">\n                        <div  data-lazy=\"1\" class=\"module_column tb-column col-full tb_4k70121 first\">\n                            <div  data-lazy=\"1\" class=\"module_subrow themify_builder_sub_row tf_w col_align_top tb_col_count_1 tb_54op033\">\n                <div  data-lazy=\"1\" class=\"module_column sub_column col-full tb_91xl088 first\">\n                    <!-- module text -->\n<div  class=\"module module-text tb_9qxk101 moving\" data-lazy=\"1\">\n        <div  class=\"tb_text_wrap\">\n        <h1 style=\"text-align: left;\">Pilates<\/h1>    <\/div>\n<\/div>\n<!-- \/module text -->        <\/div>\n                    <\/div>\n                <div  data-lazy=\"1\" class=\"module_subrow themify_builder_sub_row tf_w col_align_top gutter-none tb_col_count_2 tb_t1gj069\">\n                <div  data-lazy=\"1\" class=\"module_column sub_column col4-2 tb_ouzj683 first\">\n                    <!-- module text -->\n<div  class=\"module module-text tb_8cdi606\" data-lazy=\"1\">\n        <div  class=\"tb_text_wrap\">\n        <h2>Sm\u00edchov<\/h2>\n<p>A training system that evenly strengthens the body and improves posture. Emphasis is placed on proper breathing, concentration, movement control, precision, and fluidity of exercises. The exercises focus on strengthening the so-called \u201cpowerhouse\u201d (the lower back, the abdomen below the navel, and the glutes), from which all movements originate. For good fitness, health, and weight management, Pilates is practiced not only by well-known actresses and singers but also by athletes. Pilates is a rehabilitation method recommended by doctors and is suitable for women and men of all ages.<\/p>    <\/div>\n<\/div>\n<!-- \/module text --><!-- module buttons -->\n<div  class=\"module module-buttons tb_k79h488 buttons-horizontal solid  small circle\" data-lazy=\"1\">\n        <div class=\"module-buttons-item tf_in_flx\">\n                        <a href=\"http:\/\/spartangym.microweb.cz\/en\/rozvrh\/#smichov\" class=\"ui builder_button tf_in_flx red\" >\n                                    <em><svg  class=\"tf_fa tf-fas-calendar-alt\" aria-hidden=\"true\"><use href=\"#tf-fas-calendar-alt\"><\/use><\/svg><\/em>                                        schedule                                        <\/a>\n                <\/div>\n                    <div class=\"module-buttons-item tf_in_flx\">\n                        <a href=\"http:\/\/spartangym.microweb.cz\/en\/skupinove-lekce\/\" class=\"ui builder_button tf_in_flx tb_default_color\" >\n                                    <em><svg  class=\"tf_fa tf-fas-people-group\" aria-hidden=\"true\"><use href=\"#tf-fas-people-group\"><\/use><\/svg><\/em>                                        Group classes                                        <\/a>\n                <\/div>\n            <\/div>\n<!-- \/module buttons -->\n        <\/div>\n                    <div  data-lazy=\"1\" class=\"module_column sub_column col4-2 tb_hki9340 last\">\n                            <\/div>\n                    <\/div>\n                <\/div>\n                        <\/div>\n        <\/div>\n                        <div  data-lazy=\"1\" class=\"module_row themify_builder_row tb_az31690 tf_w\">\n            <span  class=\"builder_row_cover tf_abs\" data-lazy=\"1\"><\/span>            <div class=\"row_inner col_align_middle tb_col_count_2 tf_box tf_rel\">\n                        <div  data-lazy=\"1\" class=\"module_column tb-column col4-2 tb_112o466 first\">\n                    <!-- module image -->\n<div  class=\"module module-image tb_fgti010 image-top   auto_fullwidth tf_mw\" data-lazy=\"1\" data-lax-translate-y=\"(vh*1) 0,(vh*0) -70\" data-lax=\"true\">\n        <div class=\"image-wrap tf_rel tf_mw\">\n            <img loading=\"lazy\" decoding=\"async\" src=\"https:\/\/spartangym.microweb.cz\/wp-content\/uploads\/2025\/07\/pilates4.jpg\" width=\"2000\" height=\"1200\" title=\"Pilates\" alt=\"Pilates\">    \n        <\/div>\n    <!-- \/image-wrap -->\n    \n        <\/div>\n<!-- \/module image --><!-- module image -->\n<div  class=\"module module-image tb_le9i011 image-right   auto_fullwidth tf_mw tb_gs525d7\" data-lazy=\"1\" data-lax-translate-y=\"(vh*1) 0,(vh*0) -140\" data-lax=\"true\">\n        <div class=\"image-wrap tf_rel tf_mw\">\n            <img loading=\"lazy\" decoding=\"async\" src=\"https:\/\/spartangym.microweb.cz\/wp-content\/uploads\/2025\/07\/pilates5.jpg\" width=\"2000\" height=\"1200\" title=\"Pilates\" alt=\"Pilates\">    \n        <\/div>\n    <!-- \/image-wrap -->\n    \n        <\/div>\n<!-- \/module image -->        <\/div>\n                    <div  data-lazy=\"1\" class=\"module_column tb-column col4-2 tb_qnxw001 last\">\n                            <div  data-lazy=\"1\" class=\"module_subrow themify_builder_sub_row tf_w col_align_top tb_col_count_1 tb_nucu090\">\n                <div  data-lazy=\"1\" class=\"module_column sub_column col-full tb_cytk056 first\">\n                    <!-- module feature -->\n<div  class=\"module module-feature tb_bijn656 no-chart layout-icon-left size-custom\" data-layout-mobile=\"icon-left\" data-layout-desktop=\"icon-left\" data-lazy=\"1\">\n        <div class=\"module-feature-image tf_textc tf_rel\">\n                            <span class=\"module-feature-chart-html5 tf_box tf_rel tf_inline_b\" style=\"width:80px;height:80px;background-color:#c41215\">\n                                <span class=\"chart-html5-circle tf_w tf_h\">\n                                            <em class=\"module-feature-icon tf_rel\" style=\"color:#ffffff\"><svg  class=\"tf_fa tf-fas-arrows-left-right-to-line\" aria-hidden=\"true\"><use href=\"#tf-fas-arrows-left-right-to-line\"><\/use><\/svg><\/em>\n                                    <\/span>\n\n                \n            <\/span>\n                <\/div>\n    <div class=\"module-feature-content tf_textc\">\n                    <h3 class=\"module-feature-title\">\n                            Flexibility                        <\/h3>\n                    <div class=\"tb_text_wrap\">\n            <p>After a demanding day, it stretches and relaxes you.<\/p>        <\/div>\n    <\/div>\n<\/div>\n<!-- \/module feature -->\n<!-- module feature -->\n<div  class=\"module module-feature tb_2h41886 no-chart layout-icon-left size-custom\" data-layout-mobile=\"icon-left\" data-layout-desktop=\"icon-left\" data-lazy=\"1\">\n        <div class=\"module-feature-image tf_textc tf_rel\">\n                            <span class=\"module-feature-chart-html5 tf_box tf_rel tf_inline_b\" style=\"width:80px;height:80px;background-color:#c41215\">\n                                <span class=\"chart-html5-circle tf_w tf_h\">\n                                            <em class=\"module-feature-icon tf_rel\" style=\"color:#ffffff\"><svg  class=\"tf_fa tf-fas-child-reaching\" aria-hidden=\"true\"><use href=\"#tf-fas-child-reaching\"><\/use><\/svg><\/em>\n                                    <\/span>\n\n                \n            <\/span>\n                <\/div>\n    <div class=\"module-feature-content tf_textc\">\n                    <h3 class=\"module-feature-title\">\n                            Posture                        <\/h3>\n                    <div class=\"tb_text_wrap\">\n            <p>It is particularly effective at balancing posture.<\/p>        <\/div>\n    <\/div>\n<\/div>\n<!-- \/module feature -->\n<!-- module feature -->\n<div  class=\"module module-feature tb_dwvi565 no-chart layout-icon-left size-custom\" data-layout-mobile=\"icon-left\" data-layout-desktop=\"icon-left\" data-lazy=\"1\">\n        <div class=\"module-feature-image tf_textc tf_rel\">\n                            <span class=\"module-feature-chart-html5 tf_box tf_rel tf_inline_b\" style=\"width:80px;height:80px;background-color:#c41215\">\n                                <span class=\"chart-html5-circle tf_w tf_h\">\n                                            <em class=\"module-feature-icon tf_rel\" style=\"color:#ffffff\"><svg  class=\"tf_fa tf-fas-brain\" aria-hidden=\"true\"><use href=\"#tf-fas-brain\"><\/use><\/svg><\/em>\n                                    <\/span>\n\n                \n            <\/span>\n                <\/div>\n    <div class=\"module-feature-content tf_textc\">\n                    <h3 class=\"module-feature-title\">\n                            Stress management                        <\/h3>\n                    <div class=\"tb_text_wrap\">\n            <p>The combination of focus, proper breathing, and mind\u2013body connection during exercise reduces the negative effects of stress.<\/p>        <\/div>\n    <\/div>\n<\/div>\n<!-- \/module feature -->\n<!-- module feature -->\n<div  class=\"module module-feature tb_cvn4751 no-chart layout-icon-left size-custom\" data-layout-mobile=\"icon-left\" data-layout-desktop=\"icon-left\" data-lazy=\"1\">\n        <div class=\"module-feature-image tf_textc tf_rel\">\n                            <span class=\"module-feature-chart-html5 tf_box tf_rel tf_inline_b\" style=\"width:80px;height:80px;background-color:#c41215\">\n                                <span class=\"chart-html5-circle tf_w tf_h\">\n                                            <em class=\"module-feature-icon tf_rel\" style=\"color:#ffffff\"><svg  class=\"tf_fa tf-fas-person\" aria-hidden=\"true\"><use href=\"#tf-fas-person\"><\/use><\/svg><\/em>\n                                    <\/span>\n\n                \n            <\/span>\n                <\/div>\n    <div class=\"module-feature-content tf_textc\">\n                    <h3 class=\"module-feature-title\">\n                            Body shaping                        <\/h3>\n                    <div class=\"tb_text_wrap\">\n            <p>Positive impact on body lines and curves \u2013 exercises contribute to a better balance between muscle groups and provide the body with stretching at the same time.<\/p>        <\/div>\n    <\/div>\n<\/div>\n<!-- \/module feature -->\n        <\/div>\n                    <\/div>\n                <\/div>\n                        <\/div>\n        <\/div>\n                        <div  data-lazy=\"1\" class=\"module_row themify_builder_row tb_7e6e588 tf_w\">\n                        <div class=\"row_inner col_align_top tb_col_count_1 tf_box tf_rel\">\n                        <div  data-lazy=\"1\" class=\"module_column tb-column col-full tb_3lti800 first\">\n                    <!-- module text -->\n<div  class=\"module module-text tb_8jcv160\" data-lazy=\"1\">\n        <div  class=\"tb_text_wrap\">\n        <h2>Pilates coaches<\/h2>\n<p data-start=\"109\" data-end=\"323\">Our coaches will guide you through a calm yet deeply effective workout that strengthens your core, improves posture, and helps you find balance between body and mind.<\/p>    <\/div>\n<\/div>\n<!-- \/module text -->        <\/div>\n                        <\/div>\n        <\/div>\n                        <div  data-lazy=\"1\" class=\"module_row themify_builder_row tb_9on7028 tf_w\">\n                        <div class=\"row_inner col_align_top tb_col_count_1 tf_box tf_rel\">\n                        <div  data-lazy=\"1\" class=\"module_column tb-column col-full tb_yexa196 first\">\n                            <div  data-lazy=\"1\" class=\"module_subrow themify_builder_sub_row tf_w col_align_top tb_col_count_3 tb_tiu7840\">\n                <div  data-lazy=\"1\" class=\"module_column sub_column col3-1 tb_8n9d840 first\">\n        <span  class=\"builder_row_cover tf_abs\" data-lazy=\"1\"><\/span>                    <div  data-lazy=\"1\" class=\"module_subrow themify_builder_sub_row tf_w col_align_top tb_col_count_1 tb_s5km840\">\n                <div  data-lazy=\"1\" class=\"module_column sub_column col-full tb_3ft9840 first\">\n                    <!-- module text -->\n<div  class=\"module module-text tb_00zp840\" data-lazy=\"1\">\n        <div  class=\"tb_text_wrap\">\n        <h3 style=\"text-align: left;\">Veronika \u0160pinkov\u00e1<\/h3>    <\/div>\n<\/div>\n<!-- \/module text --><!-- module icon -->\n<div  class=\"module module-icon tb_844l840    icon_vertical\" data-lazy=\"1\">\n            <div class=\"module-icon-item\">\n                            <a href=\"mailto:veronika777@post.cz\" rel=\"noopener\" target=\"_blank\">\n                                                                    <em class=\"tf_box\" style=\"background-color:rgba(0,0,0, 0);color:#ffffff\"><svg  class=\"tf_fa tf-fas-envelope\" aria-hidden=\"true\"><use href=\"#tf-fas-envelope\"><\/use><\/svg><\/em>\n                                                                            <span>veronika777@post.cz<\/span>\n                                                                    <\/a>\n                    <\/div>\n    <\/div>\n<!-- \/module icon -->\n        <\/div>\n                    <\/div>\n                <\/div>\n                    <div  data-lazy=\"1\" class=\"module_column sub_column col3-1 tb_lwiu840\">\n                            <\/div>\n                    <div  data-lazy=\"1\" class=\"module_column sub_column col3-1 tb_8aiy840 last\">\n                            <\/div>\n                    <\/div>\n                <\/div>\n                        <\/div>\n        <\/div>\n        <\/div>\n<!--\/themify_builder_content-->","protected":false},"excerpt":{"rendered":"","protected":false},"author":1,"featured_media":0,"parent":4408,"menu_order":0,"comment_status":"closed","ping_status":"closed","template":"","meta":{"footnotes":""},"class_list":["post-6330","page","type-page","status-publish","hentry","has-post-title","has-post-date","has-post-category","has-post-tag","has-post-comment","has-post-author",""],"builder_content":"<h1 style=\"text-align: left;\">Pilates<\/h1>\n<h2>Sm\u00edchov<\/h2> <p>Cvi\u010debn\u00ed syst\u00e9m, kter\u00fd rovnom\u011brn\u011b posiluje t\u011blo a zlep\u0161uje jeho dr\u017een\u00ed. D\u016fraz je p\u0159itom kladen na spr\u00e1vn\u00e9 d\u00fdch\u00e1n\u00ed, koncentraci, kontrolu pohyb\u016f, p\u0159esnost a plynulost cvik\u016f. Cviky se zam\u011b\u0159uj\u00ed na pos\u00edlen\u00ed tzv. siln\u00e9ho centra (oblast beder, b\u0159icha od pupku dol\u016f a h\u00fd\u017ed\u00ed), ze kter\u00e9ho v\u0161echny pohyby vych\u00e1zej\u00ed. Pro dobrou kondici, zdrav\u00ed i v\u00e1hu cvi\u010d\u00ed pilates nejen zn\u00e1m\u00e9 here\u010dky a zp\u011bva\u010dky, ale i sportovci. Pilates je rehabilita\u010dn\u00ed metoda doporu\u010dovan\u00e1 l\u00e9ka\u0159i a je vhodn\u00e1 pro \u017eeny i mu\u017ee ka\u017ed\u00e9ho v\u011bku.<\/p>\n<a href=\"\/rozvrh\/#smichov\" > <em><svg aria-hidden=\"true\"><use href=\"#tf-fas-calendar-alt\"><\/use><\/svg><\/em> rozvrh <\/a> <a href=\"\/skupinove-lekce\" > <em><svg aria-hidden=\"true\"><use href=\"#tf-fas-people-group\"><\/use><\/svg><\/em> Skupinov\u00e9 lekce <\/a>\n<img src=\"https:\/\/spartangym.microweb.cz\/wp-content\/uploads\/2025\/07\/pilates4.jpg\" width=\"2000\" height=\"1200\" title=\"Pilates\" alt=\"Pilates\">\n<img src=\"https:\/\/spartangym.microweb.cz\/wp-content\/uploads\/2025\/07\/pilates5.jpg\" width=\"2000\" height=\"1200\" title=\"Pilates\" alt=\"Pilates\">\n<em style=\"color:#ffffff\"><svg aria-hidden=\"true\"><use href=\"#tf-fas-arrows-left-right-to-line\"><\/use><\/svg><\/em> \n <h3> Ohebnost <\/h3> <p>Po n\u00e1ro\u010dn\u00e9m dnu v\u00e1s prot\u00e1hne a uvoln\u00ed.<\/p>\n<em style=\"color:#ffffff\"><svg aria-hidden=\"true\"><use href=\"#tf-fas-child-reaching\"><\/use><\/svg><\/em> \n <h3> Dr\u017een\u00ed t\u011bla <\/h3> <p>Je obzvl\u00e1\u0161t\u011b \u00fa\u010dinn\u00fd p\u0159i vyrovn\u00e1v\u00e1n\u00ed postavy.<\/p>\n<em style=\"color:#ffffff\"><svg aria-hidden=\"true\"><use href=\"#tf-fas-brain\"><\/use><\/svg><\/em> \n <h3> Zvl\u00e1d\u00e1n\u00ed stresu <\/h3> <p>Kombinace soust\u0159ed\u011bn\u00ed, spr\u00e1vn\u00e9ho d\u00fdch\u00e1n\u00ed a spojen\u00ed t\u011bla s mysl\u00ed p\u0159i cvi\u010den\u00ed zmen\u0161uje negativn\u00ed \u00fa\u010dinky stresu.<\/p>\n<em style=\"color:#ffffff\"><svg aria-hidden=\"true\"><use href=\"#tf-fas-person\"><\/use><\/svg><\/em> \n <h3> Formov\u00e1n\u00ed postavy <\/h3> <p>Pozitivn\u00ed vliv na linii a k\u0159ivky t\u011bla \u2013 cviky p\u0159isp\u00edvaj\u00ed k v\u011bt\u0161\u00ed rovnov\u00e1ze mezi svalov\u00fdmi skupinami a sou\u010dasn\u011b zajist\u00ed t\u011blu stre\u010dink.<\/p>\n<h2>Tren\u00e9\u0159i Pilates<\/h2> <p data-start=\"109\" data-end=\"323\">Na\u0161i tren\u00e9\u0159i t\u011b provedou klidn\u00fdm, ale hluboce \u00fa\u010dinn\u00fdm tr\u00e9ninkem, kter\u00fd posiluje st\u0159ed t\u011bla, zlep\u0161uje dr\u017een\u00ed a pom\u00e1h\u00e1 naj\u00edt rovnov\u00e1hu mezi t\u011blem a mysl\u00ed.<\/p>\n<h3 style=\"text-align: left;\">Veronika \u0160pinkov\u00e1<\/h3>\n<a href=\"mailto:veronika777@post.cz\" rel=\"noopener\" target=\"_blank\"> <em style=\"background-color:rgba(0,0,0, 0);color:#ffffff\"><svg aria-hidden=\"true\"><use href=\"#tf-fas-envelope\"><\/use><\/svg><\/em> veronika777@post.cz <\/a>","_links":{"self":[{"href":"http:\/\/spartangym.microweb.cz\/en\/wp-json\/wp\/v2\/pages\/6330","targetHints":{"allow":["GET"]}}],"collection":[{"href":"http:\/\/spartangym.microweb.cz\/en\/wp-json\/wp\/v2\/pages"}],"about":[{"href":"http:\/\/spartangym.microweb.cz\/en\/wp-json\/wp\/v2\/types\/page"}],"author":[{"embeddable":true,"href":"http:\/\/spartangym.microweb.cz\/en\/wp-json\/wp\/v2\/users\/1"}],"replies":[{"embeddable":true,"href":"http:\/\/spartangym.microweb.cz\/en\/wp-json\/wp\/v2\/comments?post=6330"}],"version-history":[{"count":24,"href":"http:\/\/spartangym.microweb.cz\/en\/wp-json\/wp\/v2\/pages\/6330\/revisions"}],"predecessor-version":[{"id":7665,"href":"http:\/\/spartangym.microweb.cz\/en\/wp-json\/wp\/v2\/pages\/6330\/revisions\/7665"}],"up":[{"embeddable":true,"href":"http:\/\/spartangym.microweb.cz\/en\/wp-json\/wp\/v2\/pages\/4408"}],"wp:attachment":[{"href":"http:\/\/spartangym.microweb.cz\/en\/wp-json\/wp\/v2\/media?parent=6330"}],"curies":[{"name":"wp","href":"https:\/\/api.w.org\/{rel}","templated":true}]}}