{"id":6318,"date":"2025-06-27T11:11:41","date_gmt":"2025-06-27T09:11:41","guid":{"rendered":"https:\/\/spartangym.microweb.cz\/funkcni-trenink-copy\/"},"modified":"2025-07-31T13:59:20","modified_gmt":"2025-07-31T11:59:20","slug":"dance-aerobic","status":"publish","type":"page","link":"http:\/\/spartangym.microweb.cz\/en\/skupinove-lekce\/dance-aerobic\/","title":{"rendered":"Dance Aerobic"},"content":{"rendered":"<p><\/p>\n\n<!--themify_builder_content-->\n<div id=\"themify_builder_content-6318\" data-postid=\"6318\" class=\"themify_builder_content themify_builder_content-6318 themify_builder tf_clear\">\n                    <div  data-lazy=\"1\" class=\"module_row themify_builder_row tb_kwau552 tb_first tf_w\">\n            <span  class=\"builder_row_cover tf_abs\" data-lazy=\"1\"><\/span>            <div class=\"row_inner col_align_top tb_col_count_1 tf_box tf_rel\">\n                        <div  data-lazy=\"1\" class=\"module_column tb-column col-full tb_sy79555 first\">\n                            <div  data-lazy=\"1\" class=\"module_subrow themify_builder_sub_row tf_w col_align_top tb_col_count_1 tb_z05t750\">\n                <div  data-lazy=\"1\" class=\"module_column sub_column col-full tb_m2p5040 first\">\n                    <!-- module text -->\n<div  class=\"module module-text tb_qryx287 moving\" data-lazy=\"1\">\n        <div  class=\"tb_text_wrap\">\n        <h1 style=\"text-align: left;\">Dance Aerobic<\/h1>    <\/div>\n<\/div>\n<!-- \/module text -->        <\/div>\n                    <\/div>\n                <div  data-lazy=\"1\" class=\"module_subrow themify_builder_sub_row tf_w col_align_top gutter-none tb_col_count_2 tb_qi4t525\">\n                <div  data-lazy=\"1\" class=\"module_column sub_column col4-2 tb_1maz040 first\">\n                    <!-- module text -->\n<div  class=\"module module-text tb_9pe8289\" data-lazy=\"1\">\n        <div  class=\"tb_text_wrap\">\n        <h2>Sm\u00edchov<\/h2>\n<p>An energetic and fun workout style. It combines elements of classic aerobics and Latin American dances like samba, cha-cha, rumba, and jive. Unlike classic aerobics, it emphasizes movement, passion, and energy. And as I say, there\u2019s no one who can\u2019t dance.<\/p>    <\/div>\n<\/div>\n<!-- \/module text --><!-- module buttons -->\n<div  class=\"module module-buttons tb_v5rv905 buttons-horizontal solid  small circle\" data-lazy=\"1\">\n        <div class=\"module-buttons-item tf_in_flx\">\n                        <a href=\"http:\/\/spartangym.microweb.cz\/en\/rozvrh\/#smichov\" class=\"ui builder_button tf_in_flx red\" >\n                                    <em><svg  class=\"tf_fa tf-fas-calendar-alt\" aria-hidden=\"true\"><use href=\"#tf-fas-calendar-alt\"><\/use><\/svg><\/em>                                        schedule                                        <\/a>\n                <\/div>\n                    <div class=\"module-buttons-item tf_in_flx\">\n                        <a href=\"http:\/\/spartangym.microweb.cz\/en\/skupinove-lekce\/\" class=\"ui builder_button tf_in_flx tb_default_color\" >\n                                    <em><svg  class=\"tf_fa tf-fas-people-group\" aria-hidden=\"true\"><use href=\"#tf-fas-people-group\"><\/use><\/svg><\/em>                                        Group classes                                        <\/a>\n                <\/div>\n            <\/div>\n<!-- \/module buttons -->\n        <\/div>\n                    <div  data-lazy=\"1\" class=\"module_column sub_column col4-2 tb_fczy025 last\">\n                            <\/div>\n                    <\/div>\n                <\/div>\n                        <\/div>\n        <\/div>\n                        <div  data-lazy=\"1\" class=\"module_row themify_builder_row tb_jolm892 tf_w\">\n            <span  class=\"builder_row_cover tf_abs\" data-lazy=\"1\"><\/span>            <div class=\"row_inner col_align_middle tb_col_count_2 tf_box tf_rel\">\n                        <div  data-lazy=\"1\" class=\"module_column tb-column col4-2 tb_p7h1008 first\">\n                    <!-- module image -->\n<div  class=\"module module-image tb_t460599 image-top   auto_fullwidth tf_mw\" data-lazy=\"1\" data-lax-translate-y=\"(vh*1) 0,(vh*0) -70\" data-lax=\"true\">\n        <div class=\"image-wrap tf_rel tf_mw\">\n            <img loading=\"lazy\" decoding=\"async\" src=\"https:\/\/spartangym.microweb.cz\/wp-content\/uploads\/2025\/07\/dance-aerobic3.jpg\" width=\"2000\" height=\"1200\" title=\"Dance Aerobic\" alt=\"Dance Aerobic\">    \n        <\/div>\n    <!-- \/image-wrap -->\n    \n        <\/div>\n<!-- \/module image --><!-- module image -->\n<div  class=\"module module-image tb_l36e002 image-right   auto_fullwidth tf_mw tb_gs525d7\" data-lazy=\"1\" data-lax-translate-y=\"(vh*1) 0,(vh*0) -140\" data-lax=\"true\">\n        <div class=\"image-wrap tf_rel tf_mw\">\n            <img loading=\"lazy\" decoding=\"async\" src=\"https:\/\/spartangym.microweb.cz\/wp-content\/uploads\/2025\/07\/dance-aerobic2.jpg\" width=\"2000\" height=\"1200\" title=\"Dance Aerobic\" alt=\"Dance Aerobic\">    \n        <\/div>\n    <!-- \/image-wrap -->\n    \n        <\/div>\n<!-- \/module image -->        <\/div>\n                    <div  data-lazy=\"1\" class=\"module_column tb-column col4-2 tb_ew1d099 last\">\n                            <div  data-lazy=\"1\" class=\"module_subrow themify_builder_sub_row tf_w col_align_top tb_col_count_1 tb_cu97939\">\n                <div  data-lazy=\"1\" class=\"module_column sub_column col-full tb_jcyv242 first\">\n                    <!-- module feature -->\n<div  class=\"module module-feature tb_94lj554 no-chart layout-icon-left size-custom\" data-layout-mobile=\"icon-left\" data-layout-desktop=\"icon-left\" data-lazy=\"1\">\n        <div class=\"module-feature-image tf_textc tf_rel\">\n                            <span class=\"module-feature-chart-html5 tf_box tf_rel tf_inline_b\" style=\"width:80px;height:80px;background-color:#c41215\">\n                                <span class=\"chart-html5-circle tf_w tf_h\">\n                                            <em class=\"module-feature-icon tf_rel\" style=\"color:#ffffff\"><svg  class=\"tf_fa tf-fas-fire\" aria-hidden=\"true\"><use href=\"#tf-fas-fire\"><\/use><\/svg><\/em>\n                                    <\/span>\n\n                \n            <\/span>\n                <\/div>\n    <div class=\"module-feature-content tf_textc\">\n                    <h3 class=\"module-feature-title\">\n                            Calorie burning                        <\/h3>\n                    <div class=\"tb_text_wrap\">\n            <p>D\u00edky rychl\u00e9mu tempu jde o skv\u011bl\u00e9 kardio cvi\u010den\u00ed.<\/p>        <\/div>\n    <\/div>\n<\/div>\n<!-- \/module feature -->\n<!-- module feature -->\n<div  class=\"module module-feature tb_cgpu097 no-chart layout-icon-left size-custom\" data-layout-mobile=\"icon-left\" data-layout-desktop=\"icon-left\" data-lazy=\"1\">\n        <div class=\"module-feature-image tf_textc tf_rel\">\n                            <span class=\"module-feature-chart-html5 tf_box tf_rel tf_inline_b\" style=\"width:80px;height:80px;background-color:#c41215\">\n                                <span class=\"chart-html5-circle tf_w tf_h\">\n                                            <em class=\"module-feature-icon tf_rel\" style=\"color:#ffffff\"><svg  class=\"tf_fa tf-fas-face-laugh-beam\" aria-hidden=\"true\"><use href=\"#tf-fas-face-laugh-beam\"><\/use><\/svg><\/em>\n                                    <\/span>\n\n                \n            <\/span>\n                <\/div>\n    <div class=\"module-feature-content tf_textc\">\n                    <h3 class=\"module-feature-title\">\n                            Fun and joy of movement                        <\/h3>\n                    <div class=\"tb_text_wrap\">\n            <p>The exercise strengthens the deep stabilizing system (core), which helps promote proper posture.<\/p>        <\/div>\n    <\/div>\n<\/div>\n<!-- \/module feature -->\n<!-- module feature -->\n<div  class=\"module module-feature tb_yd62022 no-chart layout-icon-left size-custom\" data-layout-mobile=\"icon-left\" data-layout-desktop=\"icon-left\" data-lazy=\"1\">\n        <div class=\"module-feature-image tf_textc tf_rel\">\n                            <span class=\"module-feature-chart-html5 tf_box tf_rel tf_inline_b\" style=\"width:80px;height:80px;background-color:#c41215\">\n                                <span class=\"chart-html5-circle tf_w tf_h\">\n                                            <em class=\"module-feature-icon tf_rel\" style=\"color:#ffffff\"><svg  class=\"tf_fa tf-fas-shuffle\" aria-hidden=\"true\"><use href=\"#tf-fas-shuffle\"><\/use><\/svg><\/em>\n                                    <\/span>\n\n                \n            <\/span>\n                <\/div>\n    <div class=\"module-feature-content tf_textc\">\n                    <h3 class=\"module-feature-title\">\n                            Improving movement coordination                        <\/h3>\n                    <div class=\"tb_text_wrap\">\n            <p>Combination of sport, dance and energy<\/p>        <\/div>\n    <\/div>\n<\/div>\n<!-- \/module feature -->\n<!-- module feature -->\n<div  class=\"module module-feature tb_modu095 no-chart layout-icon-left size-custom\" data-layout-mobile=\"icon-left\" data-layout-desktop=\"icon-left\" data-lazy=\"1\">\n        <div class=\"module-feature-image tf_textc tf_rel\">\n                            <span class=\"module-feature-chart-html5 tf_box tf_rel tf_inline_b\" style=\"width:80px;height:80px;background-color:#c41215\">\n                                <span class=\"chart-html5-circle tf_w tf_h\">\n                                            <em class=\"module-feature-icon tf_rel\" style=\"color:#ffffff\"><svg  class=\"tf_fa tf-fas-person\" aria-hidden=\"true\"><use href=\"#tf-fas-person\"><\/use><\/svg><\/em>\n                                    <\/span>\n\n                \n            <\/span>\n                <\/div>\n    <div class=\"module-feature-content tf_textc\">\n                    <h3 class=\"module-feature-title\">\n                            Muscle strengthening                        <\/h3>\n                    <div class=\"tb_text_wrap\">\n            <p>Intensive muscle strengthening of the legs, arms, and core.<\/p>        <\/div>\n    <\/div>\n<\/div>\n<!-- \/module feature -->\n        <\/div>\n                    <\/div>\n                <\/div>\n                        <\/div>\n        <\/div>\n                        <div  data-lazy=\"1\" class=\"module_row themify_builder_row tb_sq3f000 tf_w\">\n                        <div class=\"row_inner col_align_top tb_col_count_1 tf_box tf_rel\">\n                        <div  data-lazy=\"1\" class=\"module_column tb-column col-full tb_6hup300 first\">\n                    <!-- module text -->\n<div  class=\"module module-text tb_ii3l504\" data-lazy=\"1\">\n        <div  class=\"tb_text_wrap\">\n        <h2>Dance Aerobic coaches<\/h2>\n<p data-start=\"109\" data-end=\"323\">Our trainers combine dance, energy, and the joy of movement in classes that will charge you. They teach you to feel the rhythm, move your entire body, and fully enjoy every movement.<\/p>    <\/div>\n<\/div>\n<!-- \/module text -->        <\/div>\n                        <\/div>\n        <\/div>\n                        <div  data-lazy=\"1\" class=\"module_row themify_builder_row tb_2drn009 tf_w\">\n                        <div class=\"row_inner col_align_top tb_col_count_1 tf_box tf_rel\">\n                        <div  data-lazy=\"1\" class=\"module_column tb-column col-full tb_ye8q003 first\">\n                            <div  data-lazy=\"1\" class=\"module_subrow themify_builder_sub_row tf_w col_align_top tb_col_count_3 tb_2qa6393\">\n                <div  data-lazy=\"1\" class=\"module_column sub_column col3-1 tb_evn1885 first\">\n        <span  class=\"builder_row_cover tf_abs\" data-lazy=\"1\"><\/span>                    <div  data-lazy=\"1\" class=\"module_subrow themify_builder_sub_row tf_w col_align_top tb_col_count_1 tb_7q9i099\">\n                <div  data-lazy=\"1\" class=\"module_column sub_column col-full tb_1xt8107 first\">\n                    <!-- module text -->\n<div  class=\"module module-text tb_zz90107\" data-lazy=\"1\">\n        <div  class=\"tb_text_wrap\">\n        <h3 style=\"text-align: left;\">Michal \u0160ubr<\/h3>    <\/div>\n<\/div>\n<!-- \/module text --><!-- module icon -->\n<div  class=\"module module-icon tb_ffi1107    icon_vertical\" data-lazy=\"1\">\n            <div class=\"module-icon-item\">\n                            <a href=\"https:\/\/www.instagram.com\/michalsubr1\" rel=\"noopener\" target=\"_blank\">\n                                                                    <em class=\"tf_box\" style=\"background-color:rgba(0,0,0, 0);color:#ffffff\"><svg  class=\"tf_fa tf-fab-instagram\" aria-hidden=\"true\"><use href=\"#tf-fab-instagram\"><\/use><\/svg><\/em>\n                                                                            <span>michalsubr1<\/span>\n                                                                    <\/a>\n                    <\/div>\n            <div class=\"module-icon-item\">\n                            <a href=\"mailto:michal.subr@seznam.cz\" rel=\"noopener\" target=\"_blank\">\n                                                                    <em class=\"tf_box\" style=\"background-color:rgba(0,0,0, 0);color:#ffffff\"><svg  class=\"tf_fa tf-fas-envelope\" aria-hidden=\"true\"><use href=\"#tf-fas-envelope\"><\/use><\/svg><\/em>\n                                                                            <span>michal.subr@seznam.cz<\/span>\n                                                                    <\/a>\n                    <\/div>\n    <\/div>\n<!-- \/module icon -->\n        <\/div>\n                    <\/div>\n                <\/div>\n                    <div  data-lazy=\"1\" class=\"module_column sub_column col3-1 tb_d19u005\">\n                            <\/div>\n                    <div  data-lazy=\"1\" class=\"module_column sub_column col3-1 tb_4top377 last\">\n                            <\/div>\n                    <\/div>\n                <\/div>\n                        <\/div>\n        <\/div>\n        <\/div>\n<!--\/themify_builder_content-->","protected":false},"excerpt":{"rendered":"","protected":false},"author":1,"featured_media":0,"parent":4408,"menu_order":0,"comment_status":"closed","ping_status":"closed","template":"","meta":{"footnotes":""},"class_list":["post-6318","page","type-page","status-publish","hentry","has-post-title","has-post-date","has-post-category","has-post-tag","has-post-comment","has-post-author",""],"builder_content":"<h1 style=\"text-align: left;\">Dance Aerobic<\/h1>\n<h2>Sm\u00edchov<\/h2> <p>Energick\u00fd a z\u00e1bavn\u00fd styl cvi\u010den\u00ed. Spojuje prvky klasick\u00e9ho aerobiku a prvky latinskoamerick\u00fdch tanc\u016f jako je samba, cha cha, rumba, jive. Na rozd\u00edl od klasick\u00e9ho aerobiku klade d\u016fraz na pohyb, v\u00e1\u0161e\u0148, energii. A jak \u0159\u00edk\u00e1m neexistuje \u010dlov\u011bk, kter\u00fd neum\u00ed tan\u010dit.<\/p>\n<a href=\"\/rozvrh\/#smichov\" > <em><svg aria-hidden=\"true\"><use href=\"#tf-fas-calendar-alt\"><\/use><\/svg><\/em> rozvrh <\/a> <a href=\"\/skupinove-lekce\" > <em><svg aria-hidden=\"true\"><use href=\"#tf-fas-people-group\"><\/use><\/svg><\/em> Skupinov\u00e9 lekce <\/a>\n<img src=\"https:\/\/spartangym.microweb.cz\/wp-content\/uploads\/2025\/07\/dance-aerobic3.jpg\" width=\"2000\" height=\"1200\" title=\"Dance Aerobic\" alt=\"Dance Aerobic\">\n<img src=\"https:\/\/spartangym.microweb.cz\/wp-content\/uploads\/2025\/07\/dance-aerobic2.jpg\" width=\"2000\" height=\"1200\" title=\"Dance Aerobic\" alt=\"Dance Aerobic\">\n<em style=\"color:#ffffff\"><svg aria-hidden=\"true\"><use href=\"#tf-fas-fire\"><\/use><\/svg><\/em> \n <h3> Spalov\u00e1n\u00ed kalori\u00ed <\/h3> <p>D\u00edky rychl\u00e9mu tempu jde o skv\u011bl\u00e9 kardio cvi\u010den\u00ed.<\/p>\n<em style=\"color:#ffffff\"><svg aria-hidden=\"true\"><use href=\"#tf-fas-face-laugh-beam\"><\/use><\/svg><\/em> \n <h3> Z\u00e1bava a radost z pohybu <\/h3> <p>Cvi\u010den\u00ed posiluje hlubok\u00fd stabiliza\u010dn\u00ed syst\u00e9m (core), co\u017e pom\u00e1h\u00e1 ke spr\u00e1vn\u00e9mu dr\u017een\u00ed t\u011bla.<\/p>\n<em style=\"color:#ffffff\"><svg aria-hidden=\"true\"><use href=\"#tf-fas-shuffle\"><\/use><\/svg><\/em> \n <h3> Zlep\u0161en\u00ed kordinace pohybu <\/h3> <p>Kombinace sportu, tance a energie.<\/p>\n<em style=\"color:#ffffff\"><svg aria-hidden=\"true\"><use href=\"#tf-fas-person\"><\/use><\/svg><\/em> \n <h3> Pos\u00edlen\u00ed sval\u016f <\/h3> <p>Intenzivn\u00ed pos\u00edlen\u00ed sval\u016f na nohou, pa\u017e\u00edch i st\u0159edu t\u011bla.<\/p>\n<h2>Tren\u00e9\u0159i Dance Aerobicu<\/h2> <p data-start=\"109\" data-end=\"323\">Na\u0161i tren\u00e9\u0159i kombinuj\u00ed tanec, energii a radost z pohybu v lekc\u00edch, kter\u00e9 t\u011b nabij\u00ed. Nau\u010d\u00ed t\u011b vn\u00edmat rytmus, rozh\u00fdbat cel\u00e9 t\u011blo a u\u017e\u00edt si ka\u017ed\u00fd pohyb naplno.<\/p>\n<h3 style=\"text-align: left;\">Michal \u0160ubr<\/h3>\n<a href=\"https:\/\/www.instagram.com\/michalsubr1\" rel=\"noopener\" target=\"_blank\"> <em style=\"background-color:rgba(0,0,0, 0);color:#ffffff\"><svg aria-hidden=\"true\"><use href=\"#tf-fab-instagram\"><\/use><\/svg><\/em> michalsubr1 <\/a> <a href=\"mailto:michal.subr@seznam.cz\" rel=\"noopener\" target=\"_blank\"> <em style=\"background-color:rgba(0,0,0, 0);color:#ffffff\"><svg aria-hidden=\"true\"><use href=\"#tf-fas-envelope\"><\/use><\/svg><\/em> michal.subr@seznam.cz <\/a>","_links":{"self":[{"href":"http:\/\/spartangym.microweb.cz\/en\/wp-json\/wp\/v2\/pages\/6318","targetHints":{"allow":["GET"]}}],"collection":[{"href":"http:\/\/spartangym.microweb.cz\/en\/wp-json\/wp\/v2\/pages"}],"about":[{"href":"http:\/\/spartangym.microweb.cz\/en\/wp-json\/wp\/v2\/types\/page"}],"author":[{"embeddable":true,"href":"http:\/\/spartangym.microweb.cz\/en\/wp-json\/wp\/v2\/users\/1"}],"replies":[{"embeddable":true,"href":"http:\/\/spartangym.microweb.cz\/en\/wp-json\/wp\/v2\/comments?post=6318"}],"version-history":[{"count":23,"href":"http:\/\/spartangym.microweb.cz\/en\/wp-json\/wp\/v2\/pages\/6318\/revisions"}],"predecessor-version":[{"id":7656,"href":"http:\/\/spartangym.microweb.cz\/en\/wp-json\/wp\/v2\/pages\/6318\/revisions\/7656"}],"up":[{"embeddable":true,"href":"http:\/\/spartangym.microweb.cz\/en\/wp-json\/wp\/v2\/pages\/4408"}],"wp:attachment":[{"href":"http:\/\/spartangym.microweb.cz\/en\/wp-json\/wp\/v2\/media?parent=6318"}],"curies":[{"name":"wp","href":"https:\/\/api.w.org\/{rel}","templated":true}]}}