{"id":6301,"date":"2025-06-26T19:15:27","date_gmt":"2025-06-26T17:15:27","guid":{"rendered":"https:\/\/spartangym.microweb.cz\/bodyform-copy\/"},"modified":"2025-07-31T14:01:57","modified_gmt":"2025-07-31T12:01:57","slug":"funkcni-trenink","status":"publish","type":"page","link":"http:\/\/spartangym.microweb.cz\/en\/skupinove-lekce\/funkcni-trenink\/","title":{"rendered":"Functional training"},"content":{"rendered":"<p><\/p>\n\n<!--themify_builder_content-->\n<div id=\"themify_builder_content-6301\" data-postid=\"6301\" class=\"themify_builder_content themify_builder_content-6301 themify_builder tf_clear\">\n                    <div  data-lazy=\"1\" class=\"module_row themify_builder_row tb_bov5230 tb_first tf_w\">\n            <span  class=\"builder_row_cover tf_abs\" data-lazy=\"1\"><\/span>            <div class=\"row_inner col_align_top tb_col_count_1 tf_box tf_rel\">\n                        <div  data-lazy=\"1\" class=\"module_column tb-column col-full tb_lf3x606 first\">\n                            <div  data-lazy=\"1\" class=\"module_subrow themify_builder_sub_row tf_w col_align_top tb_col_count_1 tb_z2nj043\">\n                <div  data-lazy=\"1\" class=\"module_column sub_column col-full tb_wvkx006 first\">\n                    <!-- module text -->\n<div  class=\"module module-text tb_qpn7460 moving\" data-lazy=\"1\">\n        <div  class=\"tb_text_wrap\">\n        <h1 style=\"text-align: left;\">Functional training<\/h1>    <\/div>\n<\/div>\n<!-- \/module text -->        <\/div>\n                    <\/div>\n                <div  data-lazy=\"1\" class=\"module_subrow themify_builder_sub_row tf_w col_align_top gutter-none tb_col_count_2 tb_9fuf030\">\n                <div  data-lazy=\"1\" class=\"module_column sub_column col4-2 tb_ymbh446 first\">\n                    <!-- module text -->\n<div  class=\"module module-text tb_4gob040\" data-lazy=\"1\">\n        <div  class=\"tb_text_wrap\">\n        <h2>Sm\u00edchov<\/h2>\n<p>Functional training combines dynamic intervals and intense cardio elements with comprehensive strength work. The class focuses on improving fitness, burning calories, and developing strength and stability. We train using bodyweight, equipment, and weights, with an emphasis on proper technique, mobility, and coordination to make the workout as effective as possible. The result is better endurance, strength, and fast fat burning.<\/p>    <\/div>\n<\/div>\n<!-- \/module text --><!-- module buttons -->\n<div  class=\"module module-buttons tb_0qia463 buttons-horizontal solid  small circle\" data-lazy=\"1\">\n        <div class=\"module-buttons-item tf_in_flx\">\n                        <a href=\"http:\/\/spartangym.microweb.cz\/en\/rozvrh\/#smichov\" class=\"ui builder_button tf_in_flx red\" >\n                                    <em><svg  class=\"tf_fa tf-fas-calendar-alt\" aria-hidden=\"true\"><use href=\"#tf-fas-calendar-alt\"><\/use><\/svg><\/em>                                        schedule                                        <\/a>\n                <\/div>\n                    <div class=\"module-buttons-item tf_in_flx\">\n                        <a href=\"http:\/\/spartangym.microweb.cz\/en\/skupinove-lekce\/\" class=\"ui builder_button tf_in_flx tb_default_color\" >\n                                    <em><svg  class=\"tf_fa tf-fas-people-group\" aria-hidden=\"true\"><use href=\"#tf-fas-people-group\"><\/use><\/svg><\/em>                                        Group classes                                        <\/a>\n                <\/div>\n            <\/div>\n<!-- \/module buttons -->\n        <\/div>\n                    <div  data-lazy=\"1\" class=\"module_column sub_column col4-2 tb_0vab884 last\">\n                            <\/div>\n                    <\/div>\n                <\/div>\n                        <\/div>\n        <\/div>\n                        <div  data-lazy=\"1\" class=\"module_row themify_builder_row tb_vwe1304 tf_w\">\n            <span  class=\"builder_row_cover tf_abs\" data-lazy=\"1\"><\/span>            <div class=\"row_inner col_align_middle tb_col_count_2 tf_box tf_rel\">\n                        <div  data-lazy=\"1\" class=\"module_column tb-column col4-2 tb_1910014 first\">\n                    <!-- module image -->\n<div  class=\"module module-image tb_fskd068 image-top   auto_fullwidth tf_mw\" data-lazy=\"1\" data-lax-translate-y=\"(vh*1) 0,(vh*0) -70\" data-lax=\"true\">\n        <div class=\"image-wrap tf_rel tf_mw\">\n            <img loading=\"lazy\" decoding=\"async\" src=\"https:\/\/spartangym.microweb.cz\/wp-content\/uploads\/2025\/07\/funkcni-trenink5.jpg\" width=\"2000\" height=\"1200\" title=\"Functional training\" alt=\"Funk\u010dn\u00ed tr\u00e9nink\">    \n        <\/div>\n    <!-- \/image-wrap -->\n    \n        <\/div>\n<!-- \/module image --><!-- module image -->\n<div  class=\"module module-image tb_ncm4404 image-right   auto_fullwidth tf_mw tb_gs525d7\" data-lazy=\"1\" data-lax-translate-y=\"(vh*1) 0,(vh*0) -140\" data-lax=\"true\">\n        <div class=\"image-wrap tf_rel tf_mw\">\n            <img loading=\"lazy\" decoding=\"async\" src=\"https:\/\/spartangym.microweb.cz\/wp-content\/uploads\/2025\/06\/funkcni-trenink2.jpg\" width=\"2000\" height=\"1200\" title=\"Functional training\" alt=\"Funk\u010dn\u00ed tr\u00e9nink\">    \n        <\/div>\n    <!-- \/image-wrap -->\n    \n        <\/div>\n<!-- \/module image -->        <\/div>\n                    <div  data-lazy=\"1\" class=\"module_column tb-column col4-2 tb_ig3r068 last\">\n                            <div  data-lazy=\"1\" class=\"module_subrow themify_builder_sub_row tf_w col_align_top tb_col_count_1 tb_uhk9800\">\n                <div  data-lazy=\"1\" class=\"module_column sub_column col-full tb_bl1q037 first\">\n                    <!-- module feature -->\n<div  class=\"module module-feature tb_nnl2406 no-chart layout-icon-left size-custom\" data-layout-mobile=\"icon-left\" data-layout-desktop=\"icon-left\" data-lazy=\"1\">\n        <div class=\"module-feature-image tf_textc tf_rel\">\n                            <span class=\"module-feature-chart-html5 tf_box tf_rel tf_inline_b\" style=\"width:80px;height:80px;background-color:#c41215\">\n                                <span class=\"chart-html5-circle tf_w tf_h\">\n                                            <em class=\"module-feature-icon tf_rel\" style=\"color:#ffffff\"><svg  class=\"tf_fa tf-fas-fire\" aria-hidden=\"true\"><use href=\"#tf-fas-fire\"><\/use><\/svg><\/em>\n                                    <\/span>\n\n                \n            <\/span>\n                <\/div>\n    <div class=\"module-feature-content tf_textc\">\n                    <h3 class=\"module-feature-title\">\n                            Effective calorie burning                        <\/h3>\n                    <div class=\"tb_text_wrap\">\n            <p>Thanks to the combination of cardio and strength exercises, you burn a large amount of calories.<\/p>        <\/div>\n    <\/div>\n<\/div>\n<!-- \/module feature -->\n<!-- module feature -->\n<div  class=\"module module-feature tb_bm6y049 no-chart layout-icon-left size-custom\" data-layout-mobile=\"icon-left\" data-layout-desktop=\"icon-left\" data-lazy=\"1\">\n        <div class=\"module-feature-image tf_textc tf_rel\">\n                            <span class=\"module-feature-chart-html5 tf_box tf_rel tf_inline_b\" style=\"width:80px;height:80px;background-color:#c41215\">\n                                <span class=\"chart-html5-circle tf_w tf_h\">\n                                            <em class=\"module-feature-icon tf_rel\" style=\"color:#ffffff\"><svg  class=\"tf_fa tf-fas-shuffle\" aria-hidden=\"true\"><use href=\"#tf-fas-shuffle\"><\/use><\/svg><\/em>\n                                    <\/span>\n\n                \n            <\/span>\n                <\/div>\n    <div class=\"module-feature-content tf_textc\">\n                    <h3 class=\"module-feature-title\">\n                            Diversity and variability                        <\/h3>\n                    <div class=\"tb_text_wrap\">\n            <p>Every workout is different! We use various exercises, equipment, and training methods to keep pushing your limits.<\/p>        <\/div>\n    <\/div>\n<\/div>\n<!-- \/module feature -->\n<!-- module feature -->\n<div  class=\"module module-feature tb_2ved495 no-chart layout-icon-left size-custom\" data-layout-mobile=\"icon-left\" data-layout-desktop=\"icon-left\" data-lazy=\"1\">\n        <div class=\"module-feature-image tf_textc tf_rel\">\n                            <span class=\"module-feature-chart-html5 tf_box tf_rel tf_inline_b\" style=\"width:80px;height:80px;background-color:#c41215\">\n                                <span class=\"chart-html5-circle tf_w tf_h\">\n                                            <em class=\"module-feature-icon tf_rel\" style=\"color:#ffffff\"><svg  class=\"tf_fa tf-fas-heartbeat\" aria-hidden=\"true\"><use href=\"#tf-fas-heartbeat\"><\/use><\/svg><\/em>\n                                    <\/span>\n\n                \n            <\/span>\n                <\/div>\n    <div class=\"module-feature-content tf_textc\">\n                    <h3 class=\"module-feature-title\">\n                            Improved fitness and endurance                        <\/h3>\n                    <div class=\"tb_text_wrap\">\n            <p>The combination of intense cardio and strength elements improves your physical endurance and athletic performance.<\/p>        <\/div>\n    <\/div>\n<\/div>\n<!-- \/module feature -->\n<!-- module feature -->\n<div  class=\"module module-feature tb_1b7r006 no-chart layout-icon-left size-custom\" data-layout-mobile=\"icon-left\" data-layout-desktop=\"icon-left\" data-lazy=\"1\">\n        <div class=\"module-feature-image tf_textc tf_rel\">\n                            <span class=\"module-feature-chart-html5 tf_box tf_rel tf_inline_b\" style=\"width:80px;height:80px;background-color:#c41215\">\n                                <span class=\"chart-html5-circle tf_w tf_h\">\n                                            <em class=\"module-feature-icon tf_rel\" style=\"color:#ffffff\"><svg  class=\"tf_fa tf-fas-person\" aria-hidden=\"true\"><use href=\"#tf-fas-person\"><\/use><\/svg><\/em>\n                                    <\/span>\n\n                \n            <\/span>\n                <\/div>\n    <div class=\"module-feature-content tf_textc\">\n                    <h3 class=\"module-feature-title\">\n                            Comprehensive strengthening                        <\/h3>\n                    <div class=\"tb_text_wrap\">\n            <p>The workout engages all muscle groups and develops not only strength but also stability and flexibility.\u00a0\u00a0<\/p>        <\/div>\n    <\/div>\n<\/div>\n<!-- \/module feature -->\n        <\/div>\n                    <\/div>\n                <\/div>\n                        <\/div>\n        <\/div>\n                        <div  data-lazy=\"1\" class=\"module_row themify_builder_row tb_epoo909 tf_w\">\n                        <div class=\"row_inner col_align_top tb_col_count_1 tf_box tf_rel\">\n                        <div  data-lazy=\"1\" class=\"module_column tb-column col-full tb_311c036 first\">\n                    <!-- module text -->\n<div  class=\"module module-text tb_km77000\" data-lazy=\"1\">\n        <div  class=\"tb_text_wrap\">\n        <h2>Functional Training coaches<\/h2>\n<p data-start=\"109\" data-end=\"323\">Functional training coaches will guide you through dynamic and varied workouts that engage the whole body. They focus on proper technique, effective fat burning, and improving fitness. Thanks to the variety of exercises, every session brings a new challenge.<\/p>    <\/div>\n<\/div>\n<!-- \/module text -->        <\/div>\n                        <\/div>\n        <\/div>\n                        <div  data-lazy=\"1\" class=\"module_row themify_builder_row tb_k6oi404 tf_w\">\n                        <div class=\"row_inner col_align_top tb_col_count_1 tf_box tf_rel\">\n                        <div  data-lazy=\"1\" class=\"module_column tb-column col-full tb_2uqt400 first\">\n                            <div  data-lazy=\"1\" class=\"module_subrow themify_builder_sub_row tf_w col_align_top tb_col_count_3 tb_znkz406\">\n                <div  data-lazy=\"1\" class=\"module_column sub_column col3-1 tb_3odr406 first\">\n        <span  class=\"builder_row_cover tf_abs\" data-lazy=\"1\"><\/span>                    <div  data-lazy=\"1\" class=\"module_subrow themify_builder_sub_row tf_w col_align_top tb_col_count_1 tb_uvtk512\">\n                <div  data-lazy=\"1\" class=\"module_column sub_column col-full tb_o8nc512 first\">\n                    <!-- module text -->\n<div  class=\"module module-text tb_9l03512\" data-lazy=\"1\">\n        <div  class=\"tb_text_wrap\">\n        <h3 style=\"text-align: left;\">Lucia Vantrubov\u00e1<\/h3>    <\/div>\n<\/div>\n<!-- \/module text --><!-- module icon -->\n<div  class=\"module module-icon tb_jllj512    icon_vertical\" data-lazy=\"1\">\n            <div class=\"module-icon-item\">\n                            <a href=\"https:\/\/www.instagram.com\/lu_cy_in_the_sky\" rel=\"noopener\" target=\"_blank\">\n                                                                    <em class=\"tf_box\" style=\"background-color:rgba(0,0,0, 0);color:#ffffff\"><svg  class=\"tf_fa tf-fab-instagram\" aria-hidden=\"true\"><use href=\"#tf-fab-instagram\"><\/use><\/svg><\/em>\n                                                                            <span>lu_cy_in_the_sky<\/span>\n                                                                    <\/a>\n                    <\/div>\n            <div class=\"module-icon-item\">\n                            <a href=\"mailto:lucia.vantrubova@gmail.com\" rel=\"noopener\" target=\"_blank\">\n                                                                    <em class=\"tf_box\" style=\"background-color:rgba(0,0,0, 0);color:#ffffff\"><svg  class=\"tf_fa tf-fas-envelope\" aria-hidden=\"true\"><use href=\"#tf-fas-envelope\"><\/use><\/svg><\/em>\n                                                                            <span>lucia.vantrubova@gmail.com<\/span>\n                                                                    <\/a>\n                    <\/div>\n    <\/div>\n<!-- \/module icon -->\n        <\/div>\n                    <\/div>\n                <\/div>\n                    <div  data-lazy=\"1\" class=\"module_column sub_column col3-1 tb_2mhm406\">\n        <span  class=\"builder_row_cover tf_abs\" data-lazy=\"1\"><\/span>                    <div  data-lazy=\"1\" class=\"module_subrow themify_builder_sub_row tf_w col_align_top tb_col_count_1 tb_ngmx54\">\n                <div  data-lazy=\"1\" class=\"module_column sub_column col-full tb_dro354 first\">\n                    <!-- module text -->\n<div  class=\"module module-text tb_ab3u54\" data-lazy=\"1\">\n        <div  class=\"tb_text_wrap\">\n        <h3 style=\"text-align: left;\">Tereza Nejedl\u00e1<\/h3>    <\/div>\n<\/div>\n<!-- \/module text --><!-- module icon -->\n<div  class=\"module module-icon tb_t1gv54    icon_vertical\" data-lazy=\"1\">\n            <div class=\"module-icon-item\">\n                            <a href=\"https:\/\/www.instagram.com\/_terez_n_\" rel=\"noopener\" target=\"_blank\">\n                                                                    <em class=\"tf_box\" style=\"background-color:rgba(0,0,0, 0);color:#ffffff\"><svg  class=\"tf_fa tf-fab-instagram\" aria-hidden=\"true\"><use href=\"#tf-fab-instagram\"><\/use><\/svg><\/em>\n                                                                            <span>_terez_n_<\/span>\n                                                                    <\/a>\n                    <\/div>\n    <\/div>\n<!-- \/module icon -->\n        <\/div>\n                    <\/div>\n                <\/div>\n                    <div  data-lazy=\"1\" class=\"module_column sub_column col3-1 tb_l9r5566 last\">\n                            <\/div>\n                    <\/div>\n                <\/div>\n                        <\/div>\n        <\/div>\n        <\/div>\n<!--\/themify_builder_content-->","protected":false},"excerpt":{"rendered":"","protected":false},"author":1,"featured_media":0,"parent":4408,"menu_order":0,"comment_status":"closed","ping_status":"closed","template":"","meta":{"footnotes":""},"class_list":["post-6301","page","type-page","status-publish","hentry","has-post-title","has-post-date","has-post-category","has-post-tag","has-post-comment","has-post-author",""],"builder_content":"<h1 style=\"text-align: left;\">Funk\u010dn\u00ed tr\u00e9nink<\/h1>\n<h2>Sm\u00edchov<\/h2> <p>Funk\u010dn\u00ed tr\u00e9nink propojuje dynamick\u00e9 intervaly a intenzivn\u00ed kardio prvky s komplexn\u00edm posilov\u00e1n\u00edm. Lekce je zam\u011b\u0159en\u00e1 na zlep\u0161en\u00ed kondice, spalov\u00e1n\u00ed kalori\u00ed a rozvoj s\u00edly a stability. Cvi\u010d\u00edme s vlastn\u00ed vahou, pom\u016fckami i \u010dinkami a klademe d\u016fraz na spr\u00e1vnou techniku, mobilitu a koordinaci, aby byl tr\u00e9nink maxim\u00e1ln\u011b efektivn\u00ed. V\u00fdsledkem je lep\u0161\u00ed vytrvalost, s\u00edla a rychl\u00e9 spalov\u00e1n\u00ed tuk\u016f.<\/p>\n<a href=\"\/rozvrh\/#smichov\" > <em><svg aria-hidden=\"true\"><use href=\"#tf-fas-calendar-alt\"><\/use><\/svg><\/em> rozvrh <\/a> <a href=\"\/skupinove-lekce\" > <em><svg aria-hidden=\"true\"><use href=\"#tf-fas-people-group\"><\/use><\/svg><\/em> Skupinov\u00e9 lekce <\/a>\n<img src=\"https:\/\/spartangym.microweb.cz\/wp-content\/uploads\/2025\/07\/funkcni-trenink5.jpg\" width=\"2000\" height=\"1200\" title=\"Funk\u010dn\u00ed tr\u00e9nink\" alt=\"Funk\u010dn\u00ed tr\u00e9nink\">\n<img src=\"https:\/\/spartangym.microweb.cz\/wp-content\/uploads\/2025\/06\/funkcni-trenink2.jpg\" width=\"2000\" height=\"1200\" title=\"Funk\u010dn\u00ed tr\u00e9nink\" alt=\"Funk\u010dn\u00ed tr\u00e9nink\">\n<em style=\"color:#ffffff\"><svg aria-hidden=\"true\"><use href=\"#tf-fas-fire\"><\/use><\/svg><\/em> \n <h3> Efektivn\u00ed spalov\u00e1n\u00ed kalori\u00ed <\/h3> <p>D\u00edky kombinaci kardia a silov\u00fdch cvik\u016f sp\u00e1l\u00ed\u0161 velk\u00e9 mno\u017estv\u00ed kalori\u00ed.<\/p>\n<em style=\"color:#ffffff\"><svg aria-hidden=\"true\"><use href=\"#tf-fas-shuffle\"><\/use><\/svg><\/em> \n <h3> Pestrost a variabilita <\/h3> <p>Ka\u017ed\u00fd tr\u00e9nink je jin\u00fd! Vyu\u017e\u00edv\u00e1me r\u016fzn\u00e9 cviky, pom\u016fcky i tr\u00e9ninkov\u00e9 metody, abys neust\u00e1le posouval\/a sv\u00e9 hranice.<\/p>\n<em style=\"color:#ffffff\"><svg aria-hidden=\"true\"><use href=\"#tf-fas-heartbeat\"><\/use><\/svg><\/em> \n <h3> Vy\u0161\u0161\u00ed kondice a vytrvalost <\/h3> <p>Kombinace intenzivn\u00edho kardia a silov\u00fdch prvk\u016f zlep\u0161\u00ed tvou fyzickou v\u00fddr\u017e i sportovn\u00ed v\u00fdkon.<\/p>\n<em style=\"color:#ffffff\"><svg aria-hidden=\"true\"><use href=\"#tf-fas-person\"><\/use><\/svg><\/em> \n <h3> Komplexn\u00ed pos\u00edlen\u00ed t\u011bla <\/h3> <p>Tr\u00e9nink zapojuje v\u0161echny svalov\u00e9 skupiny a rozv\u00edj\u00ed nejen s\u00edlu, ale i stabilitu a flexibilitu.\u00a0\u00a0<\/p>\n<h2>Tren\u00e9\u0159i Funk\u010dn\u00edho tr\u00e9ninku<\/h2> <p data-start=\"109\" data-end=\"323\">Tren\u00e9\u0159i funk\u010dn\u00edho tr\u00e9ninku t\u011b provedou dynamick\u00fdm a pestr\u00fdm cvi\u010den\u00edm, kter\u00e9 zapojuje cel\u00e9 t\u011blo. D\u016fraz kladou na spr\u00e1vnou techniku, efektivn\u00ed spalov\u00e1n\u00ed a zlep\u0161en\u00ed kondice. D\u00edky r\u016fznorodosti cvik\u016f t\u011b \u010dek\u00e1 poka\u017ed\u00e9 jin\u00e1 v\u00fdzva.<\/p>\n<h3 style=\"text-align: left;\">Lucia Vantrubov\u00e1<\/h3>\n<a href=\"https:\/\/www.instagram.com\/lu_cy_in_the_sky\" rel=\"noopener\" target=\"_blank\"> <em style=\"background-color:rgba(0,0,0, 0);color:#ffffff\"><svg aria-hidden=\"true\"><use href=\"#tf-fab-instagram\"><\/use><\/svg><\/em> lu_cy_in_the_sky <\/a> <a href=\"mailto:lucia.vantrubova@gmail.com\" rel=\"noopener\" target=\"_blank\"> <em style=\"background-color:rgba(0,0,0, 0);color:#ffffff\"><svg aria-hidden=\"true\"><use href=\"#tf-fas-envelope\"><\/use><\/svg><\/em> lucia.vantrubova@gmail.com <\/a>\n<h3 style=\"text-align: left;\">Tereza Nejedl\u00e1<\/h3>\n<a href=\"https:\/\/www.instagram.com\/_terez_n_\" rel=\"noopener\" target=\"_blank\"> <em style=\"background-color:rgba(0,0,0, 0);color:#ffffff\"><svg aria-hidden=\"true\"><use href=\"#tf-fab-instagram\"><\/use><\/svg><\/em> _terez_n_ <\/a>","_links":{"self":[{"href":"http:\/\/spartangym.microweb.cz\/en\/wp-json\/wp\/v2\/pages\/6301","targetHints":{"allow":["GET"]}}],"collection":[{"href":"http:\/\/spartangym.microweb.cz\/en\/wp-json\/wp\/v2\/pages"}],"about":[{"href":"http:\/\/spartangym.microweb.cz\/en\/wp-json\/wp\/v2\/types\/page"}],"author":[{"embeddable":true,"href":"http:\/\/spartangym.microweb.cz\/en\/wp-json\/wp\/v2\/users\/1"}],"replies":[{"embeddable":true,"href":"http:\/\/spartangym.microweb.cz\/en\/wp-json\/wp\/v2\/comments?post=6301"}],"version-history":[{"count":25,"href":"http:\/\/spartangym.microweb.cz\/en\/wp-json\/wp\/v2\/pages\/6301\/revisions"}],"predecessor-version":[{"id":7662,"href":"http:\/\/spartangym.microweb.cz\/en\/wp-json\/wp\/v2\/pages\/6301\/revisions\/7662"}],"up":[{"embeddable":true,"href":"http:\/\/spartangym.microweb.cz\/en\/wp-json\/wp\/v2\/pages\/4408"}],"wp:attachment":[{"href":"http:\/\/spartangym.microweb.cz\/en\/wp-json\/wp\/v2\/media?parent=6301"}],"curies":[{"name":"wp","href":"https:\/\/api.w.org\/{rel}","templated":true}]}}