{"id":6292,"date":"2025-06-26T18:10:55","date_gmt":"2025-06-26T16:10:55","guid":{"rendered":"https:\/\/spartangym.microweb.cz\/clinic-joga-copy\/"},"modified":"2025-07-31T13:49:57","modified_gmt":"2025-07-31T11:49:57","slug":"bodyform","status":"publish","type":"page","link":"http:\/\/spartangym.microweb.cz\/en\/skupinove-lekce\/bodyform\/","title":{"rendered":"Bodyform"},"content":{"rendered":"<p><\/p>\n\n<!--themify_builder_content-->\n<div id=\"themify_builder_content-6292\" data-postid=\"6292\" class=\"themify_builder_content themify_builder_content-6292 themify_builder tf_clear\">\n                    <div  data-lazy=\"1\" class=\"module_row themify_builder_row tb_0vbh033 tb_first tf_w\">\n            <span  class=\"builder_row_cover tf_abs\" data-lazy=\"1\"><\/span>            <div class=\"row_inner col_align_top tb_col_count_1 tf_box tf_rel\">\n                        <div  data-lazy=\"1\" class=\"module_column tb-column col-full tb_4afb974 first\">\n                            <div  data-lazy=\"1\" class=\"module_subrow themify_builder_sub_row tf_w col_align_top tb_col_count_1 tb_xzuh230\">\n                <div  data-lazy=\"1\" class=\"module_column sub_column col-full tb_y6mr070 first\">\n                    <!-- module text -->\n<div  class=\"module module-text tb_l699463 moving\" data-lazy=\"1\">\n        <div  class=\"tb_text_wrap\">\n        <h1 style=\"text-align: left;\">Bodyform<\/h1>    <\/div>\n<\/div>\n<!-- \/module text -->        <\/div>\n                    <\/div>\n                <div  data-lazy=\"1\" class=\"module_subrow themify_builder_sub_row tf_w col_align_top gutter-none tb_col_count_2 tb_f9s5379\">\n                <div  data-lazy=\"1\" class=\"module_column sub_column col4-2 tb_6z9b704 first\">\n                    <!-- module text -->\n<div  class=\"module module-text tb_l0ii000\" data-lazy=\"1\">\n        <div  class=\"tb_text_wrap\">\n        <h2>Sm\u00edchov<\/h2>\n<p>Effective and comprehensive full-body strength training (arms included) through dynamic exercises with equipment or bodyweight. During the class we maintain an aerobic heart rate, resulting in effective fat burning. The class is suitable for beginners and advanced practitioners. The goal is good fitness, toning and body shaping.<\/p>    <\/div>\n<\/div>\n<!-- \/module text --><!-- module buttons -->\n<div  class=\"module module-buttons tb_sttk550 buttons-horizontal solid  small circle\" data-lazy=\"1\">\n        <div class=\"module-buttons-item tf_in_flx\">\n                        <a href=\"http:\/\/spartangym.microweb.cz\/en\/rozvrh\/#smichov\" class=\"ui builder_button tf_in_flx red\" >\n                                    <em><svg  class=\"tf_fa tf-fas-calendar-alt\" aria-hidden=\"true\"><use href=\"#tf-fas-calendar-alt\"><\/use><\/svg><\/em>                                        schedule                                        <\/a>\n                <\/div>\n                    <div class=\"module-buttons-item tf_in_flx\">\n                        <a href=\"http:\/\/spartangym.microweb.cz\/en\/skupinove-lekce\/\" class=\"ui builder_button tf_in_flx tb_default_color\" >\n                                    <em><svg  class=\"tf_fa tf-fas-people-group\" aria-hidden=\"true\"><use href=\"#tf-fas-people-group\"><\/use><\/svg><\/em>                                        Group classes                                        <\/a>\n                <\/div>\n            <\/div>\n<!-- \/module buttons -->\n        <\/div>\n                    <div  data-lazy=\"1\" class=\"module_column sub_column col4-2 tb_9nli372 last\">\n                            <\/div>\n                    <\/div>\n                <\/div>\n                        <\/div>\n        <\/div>\n                        <div  data-lazy=\"1\" class=\"module_row themify_builder_row tb_eg7u440 tf_w\">\n            <span  class=\"builder_row_cover tf_abs\" data-lazy=\"1\"><\/span>            <div class=\"row_inner col_align_middle tb_col_count_2 tf_box tf_rel\">\n                        <div  data-lazy=\"1\" class=\"module_column tb-column col4-2 tb_8q0t232 first\">\n                    <!-- module image -->\n<div  class=\"module module-image tb_xd3r630 image-top   auto_fullwidth tf_mw\" data-lazy=\"1\" data-lax-translate-y=\"(vh*1) 0,(vh*0) -70\" data-lax=\"true\">\n        <div class=\"image-wrap tf_rel tf_mw\">\n            <img loading=\"lazy\" decoding=\"async\" src=\"https:\/\/spartangym.microweb.cz\/wp-content\/uploads\/2025\/07\/bodyform3.jpg\" width=\"2000\" height=\"1200\" title=\"Bodyform\" alt=\"Bodyform\">    \n        <\/div>\n    <!-- \/image-wrap -->\n    \n        <\/div>\n<!-- \/module image --><!-- module image -->\n<div  class=\"module module-image tb_h6q1080 image-right   auto_fullwidth tf_mw tb_gs525d7\" data-lazy=\"1\" data-lax-translate-y=\"(vh*1) 0,(vh*0) -140\" data-lax=\"true\">\n        <div class=\"image-wrap tf_rel tf_mw\">\n            <img loading=\"lazy\" decoding=\"async\" src=\"https:\/\/spartangym.microweb.cz\/wp-content\/uploads\/2025\/07\/bodyform2.jpg\" width=\"2000\" height=\"1200\" title=\"Bodyform\" alt=\"Bodyform\">    \n        <\/div>\n    <!-- \/image-wrap -->\n    \n        <\/div>\n<!-- \/module image -->        <\/div>\n                    <div  data-lazy=\"1\" class=\"module_column tb-column col4-2 tb_v41i307 last\">\n                            <div  data-lazy=\"1\" class=\"module_subrow themify_builder_sub_row tf_w col_align_top tb_col_count_1 tb_ykyp067\">\n                <div  data-lazy=\"1\" class=\"module_column sub_column col-full tb_p5mm096 first\">\n                    <!-- module feature -->\n<div  class=\"module module-feature tb_rogf292 no-chart layout-icon-left size-custom\" data-layout-mobile=\"icon-left\" data-layout-desktop=\"icon-left\" data-lazy=\"1\">\n        <div class=\"module-feature-image tf_textc tf_rel\">\n                            <span class=\"module-feature-chart-html5 tf_box tf_rel tf_inline_b\" style=\"width:80px;height:80px;background-color:#c41215\">\n                                <span class=\"chart-html5-circle tf_w tf_h\">\n                                            <em class=\"module-feature-icon tf_rel\" style=\"color:#ffffff\"><svg  class=\"tf_fa tf-fas-fire\" aria-hidden=\"true\"><use href=\"#tf-fas-fire\"><\/use><\/svg><\/em>\n                                    <\/span>\n\n                \n            <\/span>\n                <\/div>\n    <div class=\"module-feature-content tf_textc\">\n                    <h3 class=\"module-feature-title\">\n                            Effective calorie burning                        <\/h3>\n                    <div class=\"tb_text_wrap\">\n            <p>This is achieved by maintaining an aerobic heart rate throughout the class.<\/p>        <\/div>\n    <\/div>\n<\/div>\n<!-- \/module feature -->\n<!-- module feature -->\n<div  class=\"module module-feature tb_vgas023 no-chart layout-icon-left size-custom\" data-layout-mobile=\"icon-left\" data-layout-desktop=\"icon-left\" data-lazy=\"1\">\n        <div class=\"module-feature-image tf_textc tf_rel\">\n                            <span class=\"module-feature-chart-html5 tf_box tf_rel tf_inline_b\" style=\"width:80px;height:80px;background-color:#c41215\">\n                                <span class=\"chart-html5-circle tf_w tf_h\">\n                                            <em class=\"module-feature-icon tf_rel\" style=\"color:#ffffff\"><svg  class=\"tf_fa tf-fas-heartbeat\" aria-hidden=\"true\"><use href=\"#tf-fas-heartbeat\"><\/use><\/svg><\/em>\n                                    <\/span>\n\n                \n            <\/span>\n                <\/div>\n    <div class=\"module-feature-content tf_textc\">\n                    <h3 class=\"module-feature-title\">\n                            Improving fitness                        <\/h3>\n                    <div class=\"tb_text_wrap\">\n            <p>Improving physical fitness means you have enough energy to complete work tasks, manage stress, and maintain a healthy lifestyle. Better fitness also significantly contributes to cardiovascular health and reduces the risk of chronic diseases.<\/p>        <\/div>\n    <\/div>\n<\/div>\n<!-- \/module feature -->\n<!-- module feature -->\n<div  class=\"module module-feature tb_zelm993 no-chart layout-icon-left size-custom\" data-layout-mobile=\"icon-left\" data-layout-desktop=\"icon-left\" data-lazy=\"1\">\n        <div class=\"module-feature-image tf_textc tf_rel\">\n                            <span class=\"module-feature-chart-html5 tf_box tf_rel tf_inline_b\" style=\"width:80px;height:80px;background-color:#c41215\">\n                                <span class=\"chart-html5-circle tf_w tf_h\">\n                                            <em class=\"module-feature-icon tf_rel\" style=\"color:#ffffff\"><svg  class=\"tf_fa tf-fas-person\" aria-hidden=\"true\"><use href=\"#tf-fas-person\"><\/use><\/svg><\/em>\n                                    <\/span>\n\n                \n            <\/span>\n                <\/div>\n    <div class=\"module-feature-content tf_textc\">\n                    <h3 class=\"module-feature-title\">\n                            Strengthening individual body parts                        <\/h3>\n                    <div class=\"tb_text_wrap\">\n            <p>P\u0159id\u00e1n\u00ed svalov\u00e9 hmoty ti pom\u016f\u017ee sp\u00e1lit v\u00edce kalori\u00ed, zrychlit metabolismus a zlep\u0161it tvou celkovou s\u00edlu.<\/p>        <\/div>\n    <\/div>\n<\/div>\n<!-- \/module feature -->\n        <\/div>\n                    <\/div>\n                <\/div>\n                        <\/div>\n        <\/div>\n                        <div  data-lazy=\"1\" class=\"module_row themify_builder_row tb_lpn0632 tf_w\">\n                        <div class=\"row_inner col_align_top tb_col_count_1 tf_box tf_rel\">\n                        <div  data-lazy=\"1\" class=\"module_column tb-column col-full tb_yuy8003 first\">\n                    <!-- module text -->\n<div  class=\"module module-text tb_s7qe779\" data-lazy=\"1\">\n        <div  class=\"tb_text_wrap\">\n        <h2>Bodyform coaches<\/h2>\n<p data-start=\"109\" data-end=\"323\">Bodyform coaches motivate you to perform, even if you\u2019re a beginner. They conduct classes with a focus on proper technique and maximizing the effectiveness of every movement.<\/p>    <\/div>\n<\/div>\n<!-- \/module text -->        <\/div>\n                        <\/div>\n        <\/div>\n                        <div  data-lazy=\"1\" class=\"module_row themify_builder_row tb_2e7h170 tf_w\">\n                        <div class=\"row_inner col_align_top tb_col_count_1 tf_box tf_rel\">\n                        <div  data-lazy=\"1\" class=\"module_column tb-column col-full tb_x4in770 first\">\n                            <div  data-lazy=\"1\" class=\"module_subrow themify_builder_sub_row tf_w col_align_top tb_col_count_3 tb_lwqx899\">\n                <div  data-lazy=\"1\" class=\"module_column sub_column col3-1 tb_1rue899 first\">\n        <span  class=\"builder_row_cover tf_abs\" data-lazy=\"1\"><\/span>                    <div  data-lazy=\"1\" class=\"module_subrow themify_builder_sub_row tf_w col_align_top tb_col_count_1 tb_spxp899\">\n                <div  data-lazy=\"1\" class=\"module_column sub_column col-full tb_gbzn899 first\">\n                    <!-- module text -->\n<div  class=\"module module-text tb_c1br899\" data-lazy=\"1\">\n        <div  class=\"tb_text_wrap\">\n        <h3 style=\"text-align: left;\">Martina Mare\u0161ov\u00e1<\/h3>    <\/div>\n<\/div>\n<!-- \/module text --><!-- module icon -->\n<div  class=\"module module-icon tb_4ivq899    icon_vertical\" data-lazy=\"1\">\n            <div class=\"module-icon-item\">\n                            <a href=\"https:\/\/www.instagram.com\/martinamaresova2018\/\" rel=\"noopener\" target=\"_blank\">\n                                                                    <em class=\"tf_box\" style=\"background-color:rgba(0,0,0, 0);color:#ffffff\"><svg  class=\"tf_fa tf-fab-instagram\" aria-hidden=\"true\"><use href=\"#tf-fab-instagram\"><\/use><\/svg><\/em>\n                                                                            <span>martinamaresova2018<\/span>\n                                                                    <\/a>\n                    <\/div>\n            <div class=\"module-icon-item\">\n                                                                <em class=\"tf_box\" style=\"background-color:rgba(0,0,0, 0);color:#ffffff\"><svg  class=\"tf_fa tf-fab-facebook-messenger\" aria-hidden=\"true\"><use href=\"#tf-fab-facebook-messenger\"><\/use><\/svg><\/em>\n                                                                            <span>martina.maresova77<\/span>\n                                                            <\/div>\n    <\/div>\n<!-- \/module icon -->\n        <\/div>\n                    <\/div>\n                <\/div>\n                    <div  data-lazy=\"1\" class=\"module_column sub_column col3-1 tb_kkit899\">\n                            <\/div>\n                    <div  data-lazy=\"1\" class=\"module_column sub_column col3-1 tb_ayss899 last\">\n                            <\/div>\n                    <\/div>\n                <\/div>\n                        <\/div>\n        <\/div>\n        <\/div>\n<!--\/themify_builder_content-->","protected":false},"excerpt":{"rendered":"","protected":false},"author":1,"featured_media":0,"parent":4408,"menu_order":0,"comment_status":"closed","ping_status":"closed","template":"","meta":{"footnotes":""},"class_list":["post-6292","page","type-page","status-publish","hentry","has-post-title","has-post-date","has-post-category","has-post-tag","has-post-comment","has-post-author",""],"builder_content":"<h1 style=\"text-align: left;\">Bodyform<\/h1>\n<h2>Sm\u00edchov<\/h2> <p>Efektivn\u00ed a komplexn\u00ed posilov\u00e1n\u00ed cel\u00e9ho t\u011bla (pa\u017ee nevyj\u00edmaje) prost\u0159ednictv\u00edm dynamick\u00e9ho cvi\u010den\u00ed s pom\u016fckami \u010di s vahou vlastn\u00edho t\u011bla.\u00a0V r\u00e1mci lekce se pohybujeme v aerobn\u00ed tepov\u00e9 frekvenci, \u010d\u00edm\u017e doch\u00e1z\u00ed k efektivn\u00edmu spalov\u00e1n\u00ed. Lekce je vhodn\u00e1 pro za\u010d\u00ednaj\u00edc\u00ed i pokro\u010dil\u00e9 cvi\u010dence.\u00a0C\u00edlem je dobr\u00e1 kondice, zpevn\u011bn\u00ed a formov\u00e1n\u00ed postavy.<\/p>\n<a href=\"\/rozvrh\/#smichov\" > <em><svg aria-hidden=\"true\"><use href=\"#tf-fas-calendar-alt\"><\/use><\/svg><\/em> rozvrh <\/a> <a href=\"\/skupinove-lekce\" > <em><svg aria-hidden=\"true\"><use href=\"#tf-fas-people-group\"><\/use><\/svg><\/em> Skupinov\u00e9 lekce <\/a>\n<img src=\"https:\/\/spartangym.microweb.cz\/wp-content\/uploads\/2025\/07\/bodyform3.jpg\" width=\"2000\" height=\"1200\" title=\"Bodyform\" alt=\"Bodyform\">\n<img src=\"https:\/\/spartangym.microweb.cz\/wp-content\/uploads\/2025\/07\/bodyform2.jpg\" width=\"2000\" height=\"1200\" title=\"Bodyform\" alt=\"Bodyform\">\n<em style=\"color:#ffffff\"><svg aria-hidden=\"true\"><use href=\"#tf-fas-fire\"><\/use><\/svg><\/em> \n <h3> Efektivn\u00ed spalov\u00e1n\u00ed kalori\u00ed <\/h3> <p>K tomu doch\u00e1z\u00ed t\u00edm, \u017ee se v lekci pohybujeme v aerobn\u00ed tepov\u00e9 frekvenci.<\/p>\n<em style=\"color:#ffffff\"><svg aria-hidden=\"true\"><use href=\"#tf-fas-heartbeat\"><\/use><\/svg><\/em> \n <h3> Zlep\u0161en\u00ed kondice <\/h3> <p>Zlep\u0161en\u00ed fyzick\u00e9 kondice m\u00e1 za n\u00e1sledek, \u017ee m\u00e1\u0161\u00a0dostatek energie na pln\u011bn\u00ed pracovn\u00edch \u00fakol\u016f, zvl\u00e1d\u00e1n\u00ed stresu a udr\u017een\u00ed zdrav\u00e9ho \u017eivotn\u00edho stylu. Lep\u0161\u00ed kondice tak\u00e9\u00a0v\u00fdznamn\u011b p\u0159isp\u00edv\u00e1 ke zdrav\u00ed kardiovaskul\u00e1rn\u00edho syst\u00e9mu a sn\u00ed\u017een\u00ed rizika chronick\u00fdch onemocn\u011bn\u00ed.<\/p>\n<em style=\"color:#ffffff\"><svg aria-hidden=\"true\"><use href=\"#tf-fas-person\"><\/use><\/svg><\/em> \n <h3> Pos\u00edlen\u00ed jednotliv\u00fdch \u010d\u00e1st\u00ed t\u011bla <\/h3> <p>P\u0159id\u00e1n\u00ed svalov\u00e9 hmoty ti pom\u016f\u017ee sp\u00e1lit v\u00edce kalori\u00ed, zrychlit metabolismus a zlep\u0161it tvou celkovou s\u00edlu.<\/p>\n<h2>Tren\u00e9\u0159i Bodyform<\/h2> <p data-start=\"109\" data-end=\"323\">Tren\u00e9\u0159i Bodyformu t\u011b motivuj\u00ed k v\u00fdkonu, i kdy\u017e jsi za\u010d\u00e1te\u010dn\u00edk. Vedou lekce s d\u016frazem na spr\u00e1vnou techniku a maxim\u00e1ln\u00ed efekt ka\u017ed\u00e9ho pohybu.<\/p>\n<h3 style=\"text-align: left;\">Martina Mare\u0161ov\u00e1<\/h3>\n<a href=\"https:\/\/www.instagram.com\/martinamaresova2018\/\" rel=\"noopener\" target=\"_blank\"> <em style=\"background-color:rgba(0,0,0, 0);color:#ffffff\"><svg aria-hidden=\"true\"><use href=\"#tf-fab-instagram\"><\/use><\/svg><\/em> martinamaresova2018 <\/a> <em style=\"background-color:rgba(0,0,0, 0);color:#ffffff\"><svg aria-hidden=\"true\"><use href=\"#tf-fab-facebook-messenger\"><\/use><\/svg><\/em> martina.maresova77","_links":{"self":[{"href":"http:\/\/spartangym.microweb.cz\/en\/wp-json\/wp\/v2\/pages\/6292","targetHints":{"allow":["GET"]}}],"collection":[{"href":"http:\/\/spartangym.microweb.cz\/en\/wp-json\/wp\/v2\/pages"}],"about":[{"href":"http:\/\/spartangym.microweb.cz\/en\/wp-json\/wp\/v2\/types\/page"}],"author":[{"embeddable":true,"href":"http:\/\/spartangym.microweb.cz\/en\/wp-json\/wp\/v2\/users\/1"}],"replies":[{"embeddable":true,"href":"http:\/\/spartangym.microweb.cz\/en\/wp-json\/wp\/v2\/comments?post=6292"}],"version-history":[{"count":22,"href":"http:\/\/spartangym.microweb.cz\/en\/wp-json\/wp\/v2\/pages\/6292\/revisions"}],"predecessor-version":[{"id":7632,"href":"http:\/\/spartangym.microweb.cz\/en\/wp-json\/wp\/v2\/pages\/6292\/revisions\/7632"}],"up":[{"embeddable":true,"href":"http:\/\/spartangym.microweb.cz\/en\/wp-json\/wp\/v2\/pages\/4408"}],"wp:attachment":[{"href":"http:\/\/spartangym.microweb.cz\/en\/wp-json\/wp\/v2\/media?parent=6292"}],"curies":[{"name":"wp","href":"https:\/\/api.w.org\/{rel}","templated":true}]}}