{"id":6279,"date":"2025-06-26T17:55:12","date_gmt":"2025-06-26T15:55:12","guid":{"rendered":"https:\/\/spartangym.microweb.cz\/3d-pump-copy\/"},"modified":"2025-07-31T13:56:22","modified_gmt":"2025-07-31T11:56:22","slug":"core-balance","status":"publish","type":"page","link":"http:\/\/spartangym.microweb.cz\/en\/skupinove-lekce\/core-balance\/","title":{"rendered":"Core and Balance"},"content":{"rendered":"<p><\/p>\n\n<!--themify_builder_content-->\n<div id=\"themify_builder_content-6279\" data-postid=\"6279\" class=\"themify_builder_content themify_builder_content-6279 themify_builder tf_clear\">\n                    <div  data-lazy=\"1\" class=\"module_row themify_builder_row tb_va3q442 tb_first tf_w\">\n            <span  class=\"builder_row_cover tf_abs\" data-lazy=\"1\"><\/span>            <div class=\"row_inner col_align_top tb_col_count_1 tf_box tf_rel\">\n                        <div  data-lazy=\"1\" class=\"module_column tb-column col-full tb_n02l924 first\">\n                            <div  data-lazy=\"1\" class=\"module_subrow themify_builder_sub_row tf_w col_align_top tb_col_count_1 tb_bl0f330\">\n                <div  data-lazy=\"1\" class=\"module_column sub_column col-full tb_s8if232 first\">\n                    <!-- module text -->\n<div  class=\"module module-text tb_9g3b023 moving\" data-lazy=\"1\">\n        <div  class=\"tb_text_wrap\">\n        <h1 style=\"text-align: left;\">Core and Balance\u00a0<\/h1>    <\/div>\n<\/div>\n<!-- \/module text -->        <\/div>\n                    <\/div>\n                <div  data-lazy=\"1\" class=\"module_subrow themify_builder_sub_row tf_w col_align_top gutter-none tb_col_count_2 tb_ubbv440\">\n                <div  data-lazy=\"1\" class=\"module_column sub_column col4-2 tb_nykk606 first\">\n                    <!-- module text -->\n<div  class=\"module module-text tb_15mp843\" data-lazy=\"1\">\n        <div  class=\"tb_text_wrap\">\n        <h2>Sm\u00edchov<\/h2>\n<p>The Core and Balance class helps build a strong core, improve stability, and enhance overall movement control. You\u2019ll focus primarily on the abs, back, and hips while engaging your entire body. Expect exercises using bodyweight and equipment to help you feel more grounded and move better.<\/p>    <\/div>\n<\/div>\n<!-- \/module text --><!-- module buttons -->\n<div  class=\"module module-buttons tb_4i3d004 buttons-horizontal solid  small circle\" data-lazy=\"1\">\n        <div class=\"module-buttons-item tf_in_flx\">\n                        <a href=\"http:\/\/spartangym.microweb.cz\/en\/rozvrh\/#smichov\" class=\"ui builder_button tf_in_flx red\" >\n                                    <em><svg  class=\"tf_fa tf-fas-calendar-alt\" aria-hidden=\"true\"><use href=\"#tf-fas-calendar-alt\"><\/use><\/svg><\/em>                                        schedule                                        <\/a>\n                <\/div>\n                    <div class=\"module-buttons-item tf_in_flx\">\n                        <a href=\"http:\/\/spartangym.microweb.cz\/en\/skupinove-lekce\/\" class=\"ui builder_button tf_in_flx tb_default_color\" >\n                                    <em><svg  class=\"tf_fa tf-fas-people-group\" aria-hidden=\"true\"><use href=\"#tf-fas-people-group\"><\/use><\/svg><\/em>                                        Group classes                                        <\/a>\n                <\/div>\n            <\/div>\n<!-- \/module buttons -->\n        <\/div>\n                    <div  data-lazy=\"1\" class=\"module_column sub_column col4-2 tb_taua000 last\">\n                            <\/div>\n                    <\/div>\n                <\/div>\n                        <\/div>\n        <\/div>\n                        <div  data-lazy=\"1\" class=\"module_row themify_builder_row tb_hxd5420 tf_w\">\n            <span  class=\"builder_row_cover tf_abs\" data-lazy=\"1\"><\/span>            <div class=\"row_inner col_align_middle tb_col_count_2 tf_box tf_rel\">\n                        <div  data-lazy=\"1\" class=\"module_column tb-column col4-2 tb_dp13032 first\">\n                    <!-- module image -->\n<div  class=\"module module-image tb_947l440 image-top   auto_fullwidth tf_mw\" data-lazy=\"1\" data-lax-translate-y=\"(vh*1) 0,(vh*0) -70\" data-lax=\"true\">\n        <div class=\"image-wrap tf_rel tf_mw\">\n            <img loading=\"lazy\" decoding=\"async\" src=\"https:\/\/spartangym.microweb.cz\/wp-content\/uploads\/2025\/07\/corebalance4.jpg\" width=\"2000\" height=\"1200\" title=\"Core and Balance\" alt=\"Core a Balance\">    \n        <\/div>\n    <!-- \/image-wrap -->\n    \n        <\/div>\n<!-- \/module image --><!-- module image -->\n<div  class=\"module module-image tb_tezm244 image-right   auto_fullwidth tf_mw tb_gs525d7\" data-lazy=\"1\" data-lax-translate-y=\"(vh*1) 0,(vh*0) -140\" data-lax=\"true\">\n        <div class=\"image-wrap tf_rel tf_mw\">\n            <img loading=\"lazy\" decoding=\"async\" src=\"https:\/\/spartangym.microweb.cz\/wp-content\/uploads\/2025\/07\/corebalance2.jpg\" width=\"2000\" height=\"1200\" title=\"Core and Balance\" alt=\"Core a Balance\">    \n        <\/div>\n    <!-- \/image-wrap -->\n    \n        <\/div>\n<!-- \/module image -->        <\/div>\n                    <div  data-lazy=\"1\" class=\"module_column tb-column col4-2 tb_30r0344 last\">\n                            <div  data-lazy=\"1\" class=\"module_subrow themify_builder_sub_row tf_w col_align_top tb_col_count_1 tb_ifzd484\">\n                <div  data-lazy=\"1\" class=\"module_column sub_column col-full tb_2i82004 first\">\n                    <!-- module feature -->\n<div  class=\"module module-feature tb_8cu8240 no-chart layout-icon-left size-custom\" data-layout-mobile=\"icon-left\" data-layout-desktop=\"icon-left\" data-lazy=\"1\">\n        <div class=\"module-feature-image tf_textc tf_rel\">\n                            <span class=\"module-feature-chart-html5 tf_box tf_rel tf_inline_b\" style=\"width:80px;height:80px;background-color:#c41215\">\n                                <span class=\"chart-html5-circle tf_w tf_h\">\n                                            <em class=\"module-feature-icon tf_rel\" style=\"color:#ffffff\"><svg  class=\"tf_fa tf-fas-dot-circle\" aria-hidden=\"true\"><use href=\"#tf-fas-dot-circle\"><\/use><\/svg><\/em>\n                                    <\/span>\n\n                \n            <\/span>\n                <\/div>\n    <div class=\"module-feature-content tf_textc\">\n                    <h3 class=\"module-feature-title\">\n                            Strong core                        <\/h3>\n                    <div class=\"tb_text_wrap\">\n            <p>You strengthen your core and gain a firmer stomach and back.<\/p>        <\/div>\n    <\/div>\n<\/div>\n<!-- \/module feature -->\n<!-- module feature -->\n<div  class=\"module module-feature tb_dyx2424 no-chart layout-icon-left size-custom\" data-layout-mobile=\"icon-left\" data-layout-desktop=\"icon-left\" data-lazy=\"1\">\n        <div class=\"module-feature-image tf_textc tf_rel\">\n                            <span class=\"module-feature-chart-html5 tf_box tf_rel tf_inline_b\" style=\"width:80px;height:80px;background-color:#c41215\">\n                                <span class=\"chart-html5-circle tf_w tf_h\">\n                                            <em class=\"module-feature-icon tf_rel\" style=\"color:#ffffff\"><svg  class=\"tf_fa tf-fas-balance-scale\" aria-hidden=\"true\"><use href=\"#tf-fas-balance-scale\"><\/use><\/svg><\/em>\n                                    <\/span>\n\n                \n            <\/span>\n                <\/div>\n    <div class=\"module-feature-content tf_textc\">\n                    <h3 class=\"module-feature-title\">\n                            Better stability                        <\/h3>\n                    <div class=\"tb_text_wrap\">\n            <p>You\u2019ll improve balance and movement control.<\/p>        <\/div>\n    <\/div>\n<\/div>\n<!-- \/module feature -->\n<!-- module feature -->\n<div  class=\"module module-feature tb_zqn8030 no-chart layout-icon-left size-custom\" data-layout-mobile=\"icon-left\" data-layout-desktop=\"icon-left\" data-lazy=\"1\">\n        <div class=\"module-feature-image tf_textc tf_rel\">\n                            <span class=\"module-feature-chart-html5 tf_box tf_rel tf_inline_b\" style=\"width:80px;height:80px;background-color:#c41215\">\n                                <span class=\"chart-html5-circle tf_w tf_h\">\n                                            <em class=\"module-feature-icon tf_rel\" style=\"color:#ffffff\"><svg  class=\"tf_fa tf-fas-person\" aria-hidden=\"true\"><use href=\"#tf-fas-person\"><\/use><\/svg><\/em>\n                                    <\/span>\n\n                \n            <\/span>\n                <\/div>\n    <div class=\"module-feature-content tf_textc\">\n                    <h3 class=\"module-feature-title\">\n                            Comprehensive strengthening                         <\/h3>\n                    <div class=\"tb_text_wrap\">\n            <p>You engage your entire body with emphasis on the stabilizing muscles.\u00a0<\/p>        <\/div>\n    <\/div>\n<\/div>\n<!-- \/module feature -->\n<!-- module feature -->\n<div  class=\"module module-feature tb_2zre024 no-chart layout-icon-left size-custom\" data-layout-mobile=\"icon-left\" data-layout-desktop=\"icon-left\" data-lazy=\"1\">\n        <div class=\"module-feature-image tf_textc tf_rel\">\n                            <span class=\"module-feature-chart-html5 tf_box tf_rel tf_inline_b\" style=\"width:80px;height:80px;background-color:#c41215\">\n                                <span class=\"chart-html5-circle tf_w tf_h\">\n                                            <em class=\"module-feature-icon tf_rel\" style=\"color:#ffffff\"><svg  class=\"tf_fa tf-fas-face-laugh-beam\" aria-hidden=\"true\"><use href=\"#tf-fas-face-laugh-beam\"><\/use><\/svg><\/em>\n                                    <\/span>\n\n                \n            <\/span>\n                <\/div>\n    <div class=\"module-feature-content tf_textc\">\n                    <h3 class=\"module-feature-title\">\n                            Functional and balanced training                        <\/h3>\n                    <div class=\"tb_text_wrap\">\n            <p>The combination of strength, balance, and coordination helps you feel better in every movement.<\/p>        <\/div>\n    <\/div>\n<\/div>\n<!-- \/module feature -->\n        <\/div>\n                    <\/div>\n                <\/div>\n                        <\/div>\n        <\/div>\n                        <div  data-lazy=\"1\" class=\"module_row themify_builder_row tb_lx6f322 tf_w\">\n                        <div class=\"row_inner col_align_top tb_col_count_1 tf_box tf_rel\">\n                        <div  data-lazy=\"1\" class=\"module_column tb-column col-full tb_w77q744 first\">\n                    <!-- module text -->\n<div  class=\"module module-text tb_28gr033\" data-lazy=\"1\">\n        <div  class=\"tb_text_wrap\">\n        <h2>Core and Balance coaches<\/h2>\n<p data-start=\"109\" data-end=\"323\">Coaches in the Core and Balance class emphasize precision and control. They\u2019ll help you strengthen your body, improve balance, and move pain-free.<\/p>    <\/div>\n<\/div>\n<!-- \/module text -->        <\/div>\n                        <\/div>\n        <\/div>\n                        <div  data-lazy=\"1\" class=\"module_row themify_builder_row tb_7yx0022 tf_w\">\n                        <div class=\"row_inner col_align_top tb_col_count_1 tf_box tf_rel\">\n                        <div  data-lazy=\"1\" class=\"module_column tb-column col-full tb_2kt2304 first\">\n                            <div  data-lazy=\"1\" class=\"module_subrow themify_builder_sub_row tf_w col_align_top tb_col_count_3 tb_n6ma034\">\n                <div  data-lazy=\"1\" class=\"module_column sub_column col3-1 tb_kcbh002 first\">\n        <span  class=\"builder_row_cover tf_abs\" data-lazy=\"1\"><\/span>                    <div  data-lazy=\"1\" class=\"module_subrow themify_builder_sub_row tf_w col_align_top tb_col_count_1 tb_767u500\">\n                <div  data-lazy=\"1\" class=\"module_column sub_column col-full tb_dkdq448 first\">\n                    <!-- module text -->\n<div  class=\"module module-text tb_26g8448\" data-lazy=\"1\">\n        <div  class=\"tb_text_wrap\">\n        <h3 style=\"text-align: left;\">Blanka Carlsson<\/h3>    <\/div>\n<\/div>\n<!-- \/module text --><!-- module icon -->\n<div  class=\"module module-icon tb_isrr448    icon_vertical\" data-lazy=\"1\">\n            <div class=\"module-icon-item\">\n                            <a href=\"https:\/\/www.instagram.com\/blanka_popp_carlsson\/\" rel=\"noopener\" target=\"_blank\">\n                                                                    <em class=\"tf_box\" style=\"background-color:rgba(0,0,0, 0);color:#ffffff\"><svg  class=\"tf_fa tf-fab-instagram\" aria-hidden=\"true\"><use href=\"#tf-fab-instagram\"><\/use><\/svg><\/em>\n                                                                            <span>blanka_popp_carlsson<\/span>\n                                                                    <\/a>\n                    <\/div>\n    <\/div>\n<!-- \/module icon -->\n        <\/div>\n                    <\/div>\n                <\/div>\n                    <div  data-lazy=\"1\" class=\"module_column sub_column col3-1 tb_jmq4004\">\n                            <\/div>\n                    <div  data-lazy=\"1\" class=\"module_column sub_column col3-1 tb_biko449 last\">\n                            <\/div>\n                    <\/div>\n                <\/div>\n                        <\/div>\n        <\/div>\n        <\/div>\n<!--\/themify_builder_content-->","protected":false},"excerpt":{"rendered":"","protected":false},"author":1,"featured_media":0,"parent":4408,"menu_order":0,"comment_status":"closed","ping_status":"closed","template":"","meta":{"footnotes":""},"class_list":["post-6279","page","type-page","status-publish","hentry","has-post-title","has-post-date","has-post-category","has-post-tag","has-post-comment","has-post-author",""],"builder_content":"<h1 style=\"text-align: left;\">Core a Balance\u00a0<\/h1>\n<h2>Sm\u00edchov<\/h2> <p>Lekce Core a Balance pom\u00e1haj\u00ed vybudovat siln\u00e9 core, zlep\u0161it stabilitu a celkovou kontrolu pohybu. Zam\u011b\u0159\u00ed\u0161 se hlavn\u011b na b\u0159icho, z\u00e1da a boky, ale zapoj\u00ed\u0161 cel\u00e9 t\u011blo. \u010cekaj\u00ed t\u011b cviky s vlastn\u00ed vahou i pom\u016fckami, kter\u00e9 ti pom\u016f\u017eou c\u00edtit se pevn\u011bji a l\u00e9pe se h\u00fdbat.<\/p>\n<a href=\"\/rozvrh\/#smichov\" > <em><svg aria-hidden=\"true\"><use href=\"#tf-fas-calendar-alt\"><\/use><\/svg><\/em> rozvrh <\/a> <a href=\"\/skupinove-lekce\" > <em><svg aria-hidden=\"true\"><use href=\"#tf-fas-people-group\"><\/use><\/svg><\/em> Skupinov\u00e9 lekce <\/a>\n<img src=\"https:\/\/spartangym.microweb.cz\/wp-content\/uploads\/2025\/07\/corebalance4.jpg\" width=\"2000\" height=\"1200\" title=\"Core a Balance\" alt=\"Core a Balance\">\n<img src=\"https:\/\/spartangym.microweb.cz\/wp-content\/uploads\/2025\/07\/corebalance2.jpg\" width=\"2000\" height=\"1200\" title=\"Core a Balance\" alt=\"Core a Balance\">\n<em style=\"color:#ffffff\"><svg aria-hidden=\"true\"><use href=\"#tf-fas-dot-circle\"><\/use><\/svg><\/em> \n <h3> Siln\u00fd core <\/h3> <p>Pos\u00edl\u00ed\u0161 st\u0159ed t\u011bla a z\u00edsk\u00e1\u0161 pevn\u011bj\u0161\u00ed b\u0159icho a z\u00e1da.<\/p>\n<em style=\"color:#ffffff\"><svg aria-hidden=\"true\"><use href=\"#tf-fas-balance-scale\"><\/use><\/svg><\/em> \n <h3> Lep\u0161\u00ed stabilita <\/h3> <p>Zlep\u0161\u00ed\u0161 rovnov\u00e1hu a kontrolu pohybu.<\/p>\n<em style=\"color:#ffffff\"><svg aria-hidden=\"true\"><use href=\"#tf-fas-person\"><\/use><\/svg><\/em> \n <h3> Komplexn\u00ed pos\u00edlen\u00ed t\u011bla <\/h3> <p>Zapoj\u00ed\u0161 cel\u00e9 t\u011blo s d\u016frazem na stabiliza\u010dn\u00ed svaly.\u00a0<\/p>\n<em style=\"color:#ffffff\"><svg aria-hidden=\"true\"><use href=\"#tf-fas-face-laugh-beam\"><\/use><\/svg><\/em> \n <h3> Funkn\u010dn\u00ed a vyv\u00e1\u017een\u00fd tr\u00e9nink <\/h3> <p>Kombinace s\u00edly, rovnov\u00e1hy a koordinace ti pom\u016f\u017ee c\u00edtit se l\u00e9pe v\u00a0ka\u017ed\u00e9m pohybu.<\/p>\n<h2>Tren\u00e9\u0159i lekce Core a Balance<\/h2> <p data-start=\"109\" data-end=\"323\">Tren\u00e9\u0159i lekce Core a Balance kladou d\u016fraz na preciznost a kontrolu. Pom\u016f\u017eou ti zpevnit t\u011blo, zlep\u0161it rovnov\u00e1hu a pohyb bez bolesti.<\/p>\n<h3 style=\"text-align: left;\">Blanka Carlsson<\/h3>\n<a href=\"https:\/\/www.instagram.com\/blanka_popp_carlsson\/\" rel=\"noopener\" target=\"_blank\"> <em style=\"background-color:rgba(0,0,0, 0);color:#ffffff\"><svg aria-hidden=\"true\"><use href=\"#tf-fab-instagram\"><\/use><\/svg><\/em> blanka_popp_carlsson <\/a>","_links":{"self":[{"href":"http:\/\/spartangym.microweb.cz\/en\/wp-json\/wp\/v2\/pages\/6279","targetHints":{"allow":["GET"]}}],"collection":[{"href":"http:\/\/spartangym.microweb.cz\/en\/wp-json\/wp\/v2\/pages"}],"about":[{"href":"http:\/\/spartangym.microweb.cz\/en\/wp-json\/wp\/v2\/types\/page"}],"author":[{"embeddable":true,"href":"http:\/\/spartangym.microweb.cz\/en\/wp-json\/wp\/v2\/users\/1"}],"replies":[{"embeddable":true,"href":"http:\/\/spartangym.microweb.cz\/en\/wp-json\/wp\/v2\/comments?post=6279"}],"version-history":[{"count":29,"href":"http:\/\/spartangym.microweb.cz\/en\/wp-json\/wp\/v2\/pages\/6279\/revisions"}],"predecessor-version":[{"id":7653,"href":"http:\/\/spartangym.microweb.cz\/en\/wp-json\/wp\/v2\/pages\/6279\/revisions\/7653"}],"up":[{"embeddable":true,"href":"http:\/\/spartangym.microweb.cz\/en\/wp-json\/wp\/v2\/pages\/4408"}],"wp:attachment":[{"href":"http:\/\/spartangym.microweb.cz\/en\/wp-json\/wp\/v2\/media?parent=6279"}],"curies":[{"name":"wp","href":"https:\/\/api.w.org\/{rel}","templated":true}]}}