{"id":6271,"date":"2025-06-26T16:22:17","date_gmt":"2025-06-26T14:22:17","guid":{"rendered":"https:\/\/spartangym.microweb.cz\/bricho-hyzde-copy\/"},"modified":"2025-07-31T13:48:25","modified_gmt":"2025-07-31T11:48:25","slug":"3d-pump","status":"publish","type":"page","link":"http:\/\/spartangym.microweb.cz\/en\/skupinove-lekce\/3d-pump\/","title":{"rendered":"3D Pump"},"content":{"rendered":"<p><\/p>\n\n<!--themify_builder_content-->\n<div id=\"themify_builder_content-6271\" data-postid=\"6271\" class=\"themify_builder_content themify_builder_content-6271 themify_builder tf_clear\">\n                    <div  data-lazy=\"1\" class=\"module_row themify_builder_row tb_fk5i722 tb_first tf_w\">\n            <span  class=\"builder_row_cover tf_abs\" data-lazy=\"1\"><\/span>            <div class=\"row_inner col_align_top tb_col_count_1 tf_box tf_rel\">\n                        <div  data-lazy=\"1\" class=\"module_column tb-column col-full tb_p5li080 first\">\n                            <div  data-lazy=\"1\" class=\"module_subrow themify_builder_sub_row tf_w col_align_top tb_col_count_1 tb_qi5g420\">\n                <div  data-lazy=\"1\" class=\"module_column sub_column col-full tb_1s07007 first\">\n                    <!-- module text -->\n<div  class=\"module module-text tb_tjvm222 moving\" data-lazy=\"1\">\n        <div  class=\"tb_text_wrap\">\n        <h1 style=\"text-align: left;\">3D Pump<\/h1>    <\/div>\n<\/div>\n<!-- \/module text -->        <\/div>\n                    <\/div>\n                <div  data-lazy=\"1\" class=\"module_subrow themify_builder_sub_row tf_w col_align_top gutter-none tb_col_count_2 tb_10iz268\">\n                <div  data-lazy=\"1\" class=\"module_column sub_column col4-2 tb_57vz228 first\">\n                    <!-- module text -->\n<div  class=\"module module-text tb_a7hz882\" data-lazy=\"1\">\n        <div  class=\"tb_text_wrap\">\n        <h2>Sm\u00edchov<\/h2>\n<p>This is a group class consisting of basic full-body exercises that promote the growth of quality muscle mass, resulting in intensive fat burning and improved physical fitness. This program is designed for both women and men of any age. Using a loading barbell or dumbbells and a high number of repetitions leads to a significant transformation of the body.<\/p>    <\/div>\n<\/div>\n<!-- \/module text --><!-- module buttons -->\n<div  class=\"module module-buttons tb_trkb090 buttons-horizontal solid  small circle\" data-lazy=\"1\">\n        <div class=\"module-buttons-item tf_in_flx\">\n                        <a href=\"http:\/\/spartangym.microweb.cz\/en\/rozvrh\/#smichov\" class=\"ui builder_button tf_in_flx red\" >\n                                    <em><svg  class=\"tf_fa tf-fas-calendar-alt\" aria-hidden=\"true\"><use href=\"#tf-fas-calendar-alt\"><\/use><\/svg><\/em>                                        schedule                                        <\/a>\n                <\/div>\n                    <div class=\"module-buttons-item tf_in_flx\">\n                        <a href=\"http:\/\/spartangym.microweb.cz\/en\/skupinove-lekce\/\" class=\"ui builder_button tf_in_flx tb_default_color\" >\n                                    <em><svg  class=\"tf_fa tf-fas-people-group\" aria-hidden=\"true\"><use href=\"#tf-fas-people-group\"><\/use><\/svg><\/em>                                        Group classes                                        <\/a>\n                <\/div>\n            <\/div>\n<!-- \/module buttons -->\n        <\/div>\n                    <div  data-lazy=\"1\" class=\"module_column sub_column col4-2 tb_3bl3204 last\">\n                            <\/div>\n                    <\/div>\n                <\/div>\n                        <\/div>\n        <\/div>\n                        <div  data-lazy=\"1\" class=\"module_row themify_builder_row tb_qjhv740 tf_w\">\n            <span  class=\"builder_row_cover tf_abs\" data-lazy=\"1\"><\/span>            <div class=\"row_inner col_align_middle tb_col_count_2 tf_box tf_rel\">\n                        <div  data-lazy=\"1\" class=\"module_column tb-column col4-2 tb_zzec204 first\">\n                    <!-- module image -->\n<div  class=\"module module-image tb_unoc992 image-top   auto_fullwidth tf_mw\" data-lazy=\"1\" data-lax-translate-y=\"(vh*1) 0,(vh*0) -70\" data-lax=\"true\">\n        <div class=\"image-wrap tf_rel tf_mw\">\n            <img loading=\"lazy\" decoding=\"async\" src=\"https:\/\/spartangym.microweb.cz\/wp-content\/uploads\/2025\/07\/3dpump1.jpg\" width=\"2000\" height=\"1200\" title=\"3D Pump\" alt=\"3D Pump\">    \n        <\/div>\n    <!-- \/image-wrap -->\n    \n        <\/div>\n<!-- \/module image --><!-- module image -->\n<div  class=\"module module-image tb_0li3074 image-right   auto_fullwidth tf_mw tb_gs525d7\" data-lazy=\"1\" data-lax-translate-y=\"(vh*1) 0,(vh*0) -140\" data-lax=\"true\">\n        <div class=\"image-wrap tf_rel tf_mw\">\n            <img loading=\"lazy\" decoding=\"async\" src=\"https:\/\/spartangym.microweb.cz\/wp-content\/uploads\/2025\/07\/3dpump4.jpeg\" width=\"2000\" height=\"1200\" title=\"3D Pump\" alt=\"3D Pump\">    \n        <\/div>\n    <!-- \/image-wrap -->\n    \n        <\/div>\n<!-- \/module image -->        <\/div>\n                    <div  data-lazy=\"1\" class=\"module_column tb-column col4-2 tb_3plq220 last\">\n                            <div  data-lazy=\"1\" class=\"module_subrow themify_builder_sub_row tf_w col_align_top tb_col_count_1 tb_w0gf929\">\n                <div  data-lazy=\"1\" class=\"module_column sub_column col-full tb_werb023 first\">\n                    <!-- module feature -->\n<div  class=\"module module-feature tb_ejel047 no-chart layout-icon-left size-custom\" data-layout-mobile=\"icon-left\" data-layout-desktop=\"icon-left\" data-lazy=\"1\">\n        <div class=\"module-feature-image tf_textc tf_rel\">\n                            <span class=\"module-feature-chart-html5 tf_box tf_rel tf_inline_b\" style=\"width:80px;height:80px;background-color:#c41215\">\n                                <span class=\"chart-html5-circle tf_w tf_h\">\n                                            <em class=\"module-feature-icon tf_rel\" style=\"color:#ffffff\"><svg  class=\"tf_fa tf-fas-fire\" aria-hidden=\"true\"><use href=\"#tf-fas-fire\"><\/use><\/svg><\/em>\n                                    <\/span>\n\n                \n            <\/span>\n                <\/div>\n    <div class=\"module-feature-content tf_textc\">\n                    <h3 class=\"module-feature-title\">\n                            Effective calorie burning                        <\/h3>\n                    <div class=\"tb_text_wrap\">\n            <p>High-intensity exercise will ensure effective calorie burning and help you achieve the necessary physical fitness.<\/p>        <\/div>\n    <\/div>\n<\/div>\n<!-- \/module feature -->\n<!-- module feature -->\n<div  class=\"module module-feature tb_pkqq204 no-chart layout-icon-left size-custom\" data-layout-mobile=\"icon-left\" data-layout-desktop=\"icon-left\" data-lazy=\"1\">\n        <div class=\"module-feature-image tf_textc tf_rel\">\n                            <span class=\"module-feature-chart-html5 tf_box tf_rel tf_inline_b\" style=\"width:80px;height:80px;background-color:#c41215\">\n                                <span class=\"chart-html5-circle tf_w tf_h\">\n                                            <em class=\"module-feature-icon tf_rel\" style=\"color:#ffffff\"><svg  class=\"tf_fa tf-fas-heartbeat\" aria-hidden=\"true\"><use href=\"#tf-fas-heartbeat\"><\/use><\/svg><\/em>\n                                    <\/span>\n\n                \n            <\/span>\n                <\/div>\n    <div class=\"module-feature-content tf_textc\">\n                    <h3 class=\"module-feature-title\">\n                            Enhancing performance quality                        <\/h3>\n                    <div class=\"tb_text_wrap\">\n            <p>You improve your physical fitness and support your cardiovascular system.<\/p>        <\/div>\n    <\/div>\n<\/div>\n<!-- \/module feature -->\n<!-- module feature -->\n<div  class=\"module module-feature tb_aio5042 no-chart layout-icon-left size-custom\" data-layout-mobile=\"icon-left\" data-layout-desktop=\"icon-left\" data-lazy=\"1\">\n        <div class=\"module-feature-image tf_textc tf_rel\">\n                            <span class=\"module-feature-chart-html5 tf_box tf_rel tf_inline_b\" style=\"width:80px;height:80px;background-color:#c41215\">\n                                <span class=\"chart-html5-circle tf_w tf_h\">\n                                            <em class=\"module-feature-icon tf_rel\" style=\"color:#ffffff\"><svg  class=\"tf_fa tf-fas-shuffle\" aria-hidden=\"true\"><use href=\"#tf-fas-shuffle\"><\/use><\/svg><\/em>\n                                    <\/span>\n\n                \n            <\/span>\n                <\/div>\n    <div class=\"module-feature-content tf_textc\">\n                    <h3 class=\"module-feature-title\">\n                            Diversity and variability                        <\/h3>\n                    <div class=\"tb_text_wrap\">\n            <p>Each workout brings a new combination of exercises, so you&#039;ll never get bored.<\/p>        <\/div>\n    <\/div>\n<\/div>\n<!-- \/module feature -->\n<!-- module feature -->\n<div  class=\"module module-feature tb_2650002 no-chart layout-icon-left size-custom\" data-layout-mobile=\"icon-left\" data-layout-desktop=\"icon-left\" data-lazy=\"1\">\n        <div class=\"module-feature-image tf_textc tf_rel\">\n                            <span class=\"module-feature-chart-html5 tf_box tf_rel tf_inline_b\" style=\"width:80px;height:80px;background-color:#c41215\">\n                                <span class=\"chart-html5-circle tf_w tf_h\">\n                                            <em class=\"module-feature-icon tf_rel\" style=\"color:#ffffff\"><svg  class=\"tf_fa tf-fas-face-laugh-beam\" aria-hidden=\"true\"><use href=\"#tf-fas-face-laugh-beam\"><\/use><\/svg><\/em>\n                                    <\/span>\n\n                \n            <\/span>\n                <\/div>\n    <div class=\"module-feature-content tf_textc\">\n                    <h3 class=\"module-feature-title\">\n                            Endorphin release                        <\/h3>\n                    <div class=\"tb_text_wrap\">\n            <p>You\u2019ll work out to motivating music, engage your whole body, and choose your weight to suit you. You\u2019ll leave the class feeling great.<\/p>        <\/div>\n    <\/div>\n<\/div>\n<!-- \/module feature -->\n        <\/div>\n                    <\/div>\n                <\/div>\n                        <\/div>\n        <\/div>\n                        <div  data-lazy=\"1\" class=\"module_row themify_builder_row tb_d5rp470 tf_w\">\n                        <div class=\"row_inner col_align_top tb_col_count_1 tf_box tf_rel\">\n                        <div  data-lazy=\"1\" class=\"module_column tb-column col-full tb_7q32087 first\">\n                    <!-- module text -->\n<div  class=\"module module-text tb_wbep007\" data-lazy=\"1\">\n        <div  class=\"tb_text_wrap\">\n        <h2>3D Pump coaches<\/h2>\n<p data-start=\"109\" data-end=\"323\">The coaches of the 3D Pump class will guide you with precise technique while energizing you. They know when to push harder, when to ease off \u2014 and above all, how to get you in shape.<\/p>    <\/div>\n<\/div>\n<!-- \/module text -->        <\/div>\n                        <\/div>\n        <\/div>\n                        <div  data-lazy=\"1\" class=\"module_row themify_builder_row tb_3f23222 tf_w\">\n                        <div class=\"row_inner col_align_top tb_col_count_1 tf_box tf_rel\">\n                        <div  data-lazy=\"1\" class=\"module_column tb-column col-full tb_0esq040 first\">\n                            <div  data-lazy=\"1\" class=\"module_subrow themify_builder_sub_row tf_w col_align_top tb_col_count_3 tb_102s710\">\n                <div  data-lazy=\"1\" class=\"module_column sub_column col3-1 tb_8h7w270 first\">\n        <span  class=\"builder_row_cover tf_abs\" data-lazy=\"1\"><\/span>                    <div  data-lazy=\"1\" class=\"module_subrow themify_builder_sub_row tf_w col_align_top tb_col_count_1 tb_4ofn900\">\n                <div  data-lazy=\"1\" class=\"module_column sub_column col-full tb_aiuv900 first\">\n                    <!-- module text -->\n<div  class=\"module module-text tb_wxzj900\" data-lazy=\"1\">\n        <div  class=\"tb_text_wrap\">\n        <h3 style=\"text-align: left;\">Tom\u00e1\u0161 Remsa<\/h3>    <\/div>\n<\/div>\n<!-- \/module text --><!-- module icon -->\n<div  class=\"module module-icon tb_ajto900    icon_vertical\" data-lazy=\"1\">\n            <div class=\"module-icon-item\">\n                            <a href=\"https:\/\/www.instagram.com\/checofitness\/\" rel=\"noopener\" target=\"_blank\">\n                                                                    <em class=\"tf_box\" style=\"background-color:rgba(0,0,0, 0);color:#ffffff\"><svg  class=\"tf_fa tf-fab-instagram\" aria-hidden=\"true\"><use href=\"#tf-fab-instagram\"><\/use><\/svg><\/em>\n                                                                            <span>checofitness<\/span>\n                                                                    <\/a>\n                    <\/div>\n            <div class=\"module-icon-item\">\n                            <a href=\"tel: 420 774 633 459\" rel=\"noopener\" target=\"_blank\">\n                                                                    <em class=\"tf_box\" style=\"background-color:rgba(0,0,0, 0);color:#ffffff\"><svg  class=\"tf_fa tf-fas-phone-alt\" aria-hidden=\"true\"><use href=\"#tf-fas-phone-alt\"><\/use><\/svg><\/em>\n                                                                            <span>+420 774 633 459<\/span>\n                                                                    <\/a>\n                    <\/div>\n    <\/div>\n<!-- \/module icon -->\n        <\/div>\n                    <\/div>\n                <\/div>\n                    <div  data-lazy=\"1\" class=\"module_column sub_column col3-1 tb_7ybt900\">\n        <span  class=\"builder_row_cover tf_abs\" data-lazy=\"1\"><\/span>                    <div  data-lazy=\"1\" class=\"module_subrow themify_builder_sub_row tf_w col_align_top tb_col_count_1 tb_a6w7730\">\n                <div  data-lazy=\"1\" class=\"module_column sub_column col-full tb_dkdq448 first\">\n                    <!-- module text -->\n<div  class=\"module module-text tb_26g8448\" data-lazy=\"1\">\n        <div  class=\"tb_text_wrap\">\n        <h3 style=\"text-align: left;\">\u0160\u00e1rka Buda\u0159ov\u00e1<\/h3>    <\/div>\n<\/div>\n<!-- \/module text --><!-- module icon -->\n<div  class=\"module module-icon tb_isrr448    icon_vertical\" data-lazy=\"1\">\n            <div class=\"module-icon-item\">\n                            <a href=\"tel:\u202a 420\u00a0777\u00a0725\u00a0220\u202c\" rel=\"noopener\" target=\"_blank\">\n                                                                    <em class=\"tf_box\" style=\"background-color:rgba(0,0,0, 0);color:#ffffff\"><svg  class=\"tf_fa tf-fab-whatsapp\" aria-hidden=\"true\"><use href=\"#tf-fab-whatsapp\"><\/use><\/svg><\/em>\n                                                                            <span>\u202a+420\u00a0777\u00a0725\u00a0220\u202c<\/span>\n                                                                    <\/a>\n                    <\/div>\n    <\/div>\n<!-- \/module icon -->\n        <\/div>\n                    <\/div>\n                <\/div>\n                    <div  data-lazy=\"1\" class=\"module_column sub_column col3-1 tb_1skm938 last\">\n                            <\/div>\n                    <\/div>\n                <\/div>\n                        <\/div>\n        <\/div>\n        <\/div>\n<!--\/themify_builder_content-->","protected":false},"excerpt":{"rendered":"","protected":false},"author":1,"featured_media":0,"parent":4408,"menu_order":0,"comment_status":"closed","ping_status":"closed","template":"","meta":{"footnotes":""},"class_list":["post-6271","page","type-page","status-publish","hentry","has-post-title","has-post-date","has-post-category","has-post-tag","has-post-comment","has-post-author",""],"builder_content":"<h1 style=\"text-align: left;\">3D Pump<\/h1>\n<h2>Sm\u00edchov<\/h2> <p>Jedn\u00e1 se o skupinovou lekci, kter\u00e1 se skl\u00e1d\u00e1 ze z\u00e1kladn\u00edch cvik\u016f pro cel\u00e9 t\u011blo podporuj\u00edc\u00ed n\u00e1r\u016fst kvalitn\u00ed svalov\u00e9 hmoty, \u010d\u00edm\u017e doch\u00e1z\u00ed k intenz\u00edvn\u00edmu spalov\u00e1n\u00ed tuk\u016f a zlep\u0161en\u00ed fyzick\u00e9 kondice. Tento program je ur\u010den jak pro \u017eeny, tak pro mu\u017ee jak\u00e9hokoliv v\u011bku. Za pomoci nakl\u00e1dac\u00ed \u010dinky, nebo jednoru\u010dn\u00edch \u010dinek a velk\u00e9ho po\u010dtu opakov\u00e1n\u00ed doch\u00e1z\u00ed k v\u00fdrazn\u00e9 transformaci na\u0161eho t\u011bla.<\/p>\n<a href=\"\/rozvrh\/#smichov\" > <em><svg aria-hidden=\"true\"><use href=\"#tf-fas-calendar-alt\"><\/use><\/svg><\/em> rozvrh <\/a> <a href=\"\/skupinove-lekce\" > <em><svg aria-hidden=\"true\"><use href=\"#tf-fas-people-group\"><\/use><\/svg><\/em> Skupinov\u00e9 lekce <\/a>\n<img src=\"https:\/\/spartangym.microweb.cz\/wp-content\/uploads\/2025\/07\/3dpump1.jpg\" width=\"2000\" height=\"1200\" title=\"3D Pump\" alt=\"3D Pump\">\n<img src=\"https:\/\/spartangym.microweb.cz\/wp-content\/uploads\/2025\/07\/3dpump4.jpeg\" width=\"2000\" height=\"1200\" title=\"3D Pump\" alt=\"3D Pump\">\n<em style=\"color:#ffffff\"><svg aria-hidden=\"true\"><use href=\"#tf-fas-fire\"><\/use><\/svg><\/em> \n <h3> Efektivn\u00ed spalov\u00e1n\u00ed kalori\u00ed <\/h3> <p>Vysok\u00e1 intenzita cvi\u010den\u00ed ti zajist\u00ed \u00fa\u010dinn\u00e9 sp\u00e1len\u00ed kalori\u00ed a dopom\u016f\u017ee ti k dosa\u017een\u00ed\u00a0pot\u0159ebn\u00e9 fyzick\u00e9 kondice.<\/p>\n<em style=\"color:#ffffff\"><svg aria-hidden=\"true\"><use href=\"#tf-fas-heartbeat\"><\/use><\/svg><\/em> \n <h3> Zv\u00fd\u0161en\u00ed kvality v\u00fdkonu <\/h3> <p>Zlep\u0161\u00ed\u0161 svou fyzickou kondici a podpo\u0159\u00ed\u0161 tv\u016fj kardiovaskul\u00e1rn\u00ed syst\u00e9m.<\/p>\n<em style=\"color:#ffffff\"><svg aria-hidden=\"true\"><use href=\"#tf-fas-shuffle\"><\/use><\/svg><\/em> \n <h3> Pestrost a variabilita <\/h3> <p>Ka\u017ed\u00fd tr\u00e9nink p\u0159in\u00e1\u0161\u00ed novou kombinaci cvik\u016f, tak\u017ee se nikdy nebude\u0161 nudit.<\/p>\n<em style=\"color:#ffffff\"><svg aria-hidden=\"true\"><use href=\"#tf-fas-face-laugh-beam\"><\/use><\/svg><\/em> \n <h3> Vyplaven\u00ed endorfin\u016f <\/h3> <p>Cvi\u010dit bude\u0161 p\u0159i motivuj\u00edc\u00ed hudb\u011b, zapoj\u00ed\u0161 cel\u00e9 t\u011blo a zvol\u00ed\u0161 z\u00e1t\u011b\u017e v\u017edy podle sebe. Z lekce bude\u0161 odch\u00e1zet se skv\u011bl\u00fdm pocitem.<\/p>\n<h2>Tren\u00e9\u0159i lekce 3D Pump<\/h2> <p data-start=\"109\" data-end=\"323\">Tren\u00e9\u0159i lekce 3D Pump t\u011b povedou technicky p\u0159esn\u011b a z\u00e1rove\u0148 t\u011b nabij\u00ed energi\u00ed. V\u011bd\u00ed, kdy p\u0159idat, kdy ubrat \u2013 a hlavn\u011b, jak t\u011b dostat do formy.<\/p>\n<h3 style=\"text-align: left;\">Tom\u00e1\u0161 Remsa<\/h3>\n<a href=\"https:\/\/www.instagram.com\/checofitness\/\" rel=\"noopener\" target=\"_blank\"> <em style=\"background-color:rgba(0,0,0, 0);color:#ffffff\"><svg aria-hidden=\"true\"><use href=\"#tf-fab-instagram\"><\/use><\/svg><\/em> checofitness <\/a> <a href=\"tel:+420 774 633 459\" rel=\"noopener\" target=\"_blank\"> <em style=\"background-color:rgba(0,0,0, 0);color:#ffffff\"><svg aria-hidden=\"true\"><use href=\"#tf-fas-phone-alt\"><\/use><\/svg><\/em> +420 774 633 459 <\/a>\n<h3 style=\"text-align: left;\">\u0160\u00e1rka Buda\u0159ov\u00e1<\/h3>\n<a href=\"tel:\u202a+420\u00a0777\u00a0725\u00a0220\u202c\" rel=\"noopener\" target=\"_blank\"> <em style=\"background-color:rgba(0,0,0, 0);color:#ffffff\"><svg aria-hidden=\"true\"><use href=\"#tf-fab-whatsapp\"><\/use><\/svg><\/em> \u202a+420\u00a0777\u00a0725\u00a0220\u202c <\/a>","_links":{"self":[{"href":"http:\/\/spartangym.microweb.cz\/en\/wp-json\/wp\/v2\/pages\/6271","targetHints":{"allow":["GET"]}}],"collection":[{"href":"http:\/\/spartangym.microweb.cz\/en\/wp-json\/wp\/v2\/pages"}],"about":[{"href":"http:\/\/spartangym.microweb.cz\/en\/wp-json\/wp\/v2\/types\/page"}],"author":[{"embeddable":true,"href":"http:\/\/spartangym.microweb.cz\/en\/wp-json\/wp\/v2\/users\/1"}],"replies":[{"embeddable":true,"href":"http:\/\/spartangym.microweb.cz\/en\/wp-json\/wp\/v2\/comments?post=6271"}],"version-history":[{"count":37,"href":"http:\/\/spartangym.microweb.cz\/en\/wp-json\/wp\/v2\/pages\/6271\/revisions"}],"predecessor-version":[{"id":7618,"href":"http:\/\/spartangym.microweb.cz\/en\/wp-json\/wp\/v2\/pages\/6271\/revisions\/7618"}],"up":[{"embeddable":true,"href":"http:\/\/spartangym.microweb.cz\/en\/wp-json\/wp\/v2\/pages\/4408"}],"wp:attachment":[{"href":"http:\/\/spartangym.microweb.cz\/en\/wp-json\/wp\/v2\/media?parent=6271"}],"curies":[{"name":"wp","href":"https:\/\/api.w.org\/{rel}","templated":true}]}}