{"id":6263,"date":"2025-06-26T16:12:03","date_gmt":"2025-06-26T14:12:03","guid":{"rendered":"https:\/\/spartangym.microweb.cz\/hiit-copy\/"},"modified":"2025-07-31T13:58:34","modified_gmt":"2025-07-31T11:58:34","slug":"bricho-hyzde","status":"publish","type":"page","link":"http:\/\/spartangym.microweb.cz\/en\/skupinove-lekce\/bricho-hyzde\/","title":{"rendered":"Abs and Glutes"},"content":{"rendered":"<p><\/p>\n\n<!--themify_builder_content-->\n<div id=\"themify_builder_content-6263\" data-postid=\"6263\" class=\"themify_builder_content themify_builder_content-6263 themify_builder tf_clear\">\n                    <div  data-lazy=\"1\" class=\"module_row themify_builder_row tb_ys2c612 tb_first tf_w\">\n            <span  class=\"builder_row_cover tf_abs\" data-lazy=\"1\"><\/span>            <div class=\"row_inner col_align_top tb_col_count_1 tf_box tf_rel\">\n                        <div  data-lazy=\"1\" class=\"module_column tb-column col-full tb_ufnc820 first\">\n                            <div  data-lazy=\"1\" class=\"module_subrow themify_builder_sub_row tf_w col_align_top tb_col_count_1 tb_oezl162\">\n                <div  data-lazy=\"1\" class=\"module_column sub_column col-full tb_8ox7728 first\">\n                    <!-- module text -->\n<div  class=\"module module-text tb_8ng0207 moving\" data-lazy=\"1\">\n        <div  class=\"tb_text_wrap\">\n        <h1 style=\"text-align: left;\">Abs and Glutes<\/h1>    <\/div>\n<\/div>\n<!-- \/module text -->        <\/div>\n                    <\/div>\n                <div  data-lazy=\"1\" class=\"module_subrow themify_builder_sub_row tf_w col_align_top gutter-none tb_col_count_2 tb_x5li122\">\n                <div  data-lazy=\"1\" class=\"module_column sub_column col4-2 tb_14zc020 first\">\n                    <!-- module text -->\n<div  class=\"module module-text tb_fdx7111\" data-lazy=\"1\">\n        <div  class=\"tb_text_wrap\">\n        <h2>Sm\u00edchov<\/h2>\n<p>Suitable for women and men alike. Strength training and light cardio work to burn subcutaneous fat while toning and strengthening the abs and glutes. We use barbells, weight plates, dumbbells, and bodyweight. Each person selects the load according to their level and current fitness.<\/p>    <\/div>\n<\/div>\n<!-- \/module text --><!-- module buttons -->\n<div  class=\"module module-buttons tb_ys1a201 buttons-horizontal solid  small circle\" data-lazy=\"1\">\n        <div class=\"module-buttons-item tf_in_flx\">\n                        <a href=\"http:\/\/spartangym.microweb.cz\/en\/rozvrh\/#smichov\" class=\"ui builder_button tf_in_flx red\" >\n                                    <em><svg  class=\"tf_fa tf-fas-calendar-alt\" aria-hidden=\"true\"><use href=\"#tf-fas-calendar-alt\"><\/use><\/svg><\/em>                                        schedule                                        <\/a>\n                <\/div>\n                    <div class=\"module-buttons-item tf_in_flx\">\n                        <a href=\"http:\/\/spartangym.microweb.cz\/en\/skupinove-lekce\/\" class=\"ui builder_button tf_in_flx tb_default_color\" >\n                                    <em><svg  class=\"tf_fa tf-fas-people-group\" aria-hidden=\"true\"><use href=\"#tf-fas-people-group\"><\/use><\/svg><\/em>                                        Group classes                                        <\/a>\n                <\/div>\n            <\/div>\n<!-- \/module buttons -->\n        <\/div>\n                    <div  data-lazy=\"1\" class=\"module_column sub_column col4-2 tb_qwiz002 last\">\n                            <\/div>\n                    <\/div>\n                <\/div>\n                        <\/div>\n        <\/div>\n                        <div  data-lazy=\"1\" class=\"module_row themify_builder_row tb_4k2h280 tf_w\">\n            <span  class=\"builder_row_cover tf_abs\" data-lazy=\"1\"><\/span>            <div class=\"row_inner col_align_middle tb_col_count_2 tf_box tf_rel\">\n                        <div  data-lazy=\"1\" class=\"module_column tb-column col4-2 tb_59ky281 first\">\n                    <!-- module image -->\n<div  class=\"module module-image tb_ursb809 image-top   auto_fullwidth tf_mw\" data-lazy=\"1\" data-lax-translate-y=\"(vh*1) 0,(vh*0) -70\" data-lax=\"true\">\n        <div class=\"image-wrap tf_rel tf_mw\">\n            <img loading=\"lazy\" decoding=\"async\" src=\"https:\/\/spartangym.microweb.cz\/wp-content\/uploads\/2025\/07\/brichohyzde4.jpeg\" width=\"2000\" height=\"1200\" title=\"Abs and Glutes\" alt=\"B\u0159icho a H\u00fd\u017ed\u011b\">    \n        <\/div>\n    <!-- \/image-wrap -->\n    \n        <\/div>\n<!-- \/module image --><!-- module image -->\n<div  class=\"module module-image tb_3gp7220 image-right   auto_fullwidth tf_mw tb_gs525d7\" data-lazy=\"1\" data-lax-translate-y=\"(vh*1) 0,(vh*0) -140\" data-lax=\"true\">\n        <div class=\"image-wrap tf_rel tf_mw\">\n            <img loading=\"lazy\" decoding=\"async\" src=\"https:\/\/spartangym.microweb.cz\/wp-content\/uploads\/2025\/07\/brichohyzde1.jpeg\" width=\"2000\" height=\"1200\" title=\"Abs and Glutes\" alt=\"B\u0159icho a H\u00fd\u017ed\u011b\">    \n        <\/div>\n    <!-- \/image-wrap -->\n    \n        <\/div>\n<!-- \/module image -->        <\/div>\n                    <div  data-lazy=\"1\" class=\"module_column tb-column col4-2 tb_mky3229 last\">\n                            <div  data-lazy=\"1\" class=\"module_subrow themify_builder_sub_row tf_w col_align_top tb_col_count_1 tb_bvd8212\">\n                <div  data-lazy=\"1\" class=\"module_column sub_column col-full tb_l3we082 first\">\n                    <!-- module feature -->\n<div  class=\"module module-feature tb_kpmt620 no-chart layout-icon-left size-custom\" data-layout-mobile=\"icon-left\" data-layout-desktop=\"icon-left\" data-lazy=\"1\">\n        <div class=\"module-feature-image tf_textc tf_rel\">\n                            <span class=\"module-feature-chart-html5 tf_box tf_rel tf_inline_b\" style=\"width:80px;height:80px;background-color:#c41215\">\n                                <span class=\"chart-html5-circle tf_w tf_h\">\n                                            <em class=\"module-feature-icon tf_rel\" style=\"color:#ffffff\"><svg  class=\"tf_fa tf-fas-fire\" aria-hidden=\"true\"><use href=\"#tf-fas-fire\"><\/use><\/svg><\/em>\n                                    <\/span>\n\n                \n            <\/span>\n                <\/div>\n    <div class=\"module-feature-content tf_textc\">\n                    <h3 class=\"module-feature-title\">\n                            Effective calorie burning                        <\/h3>\n                    <div class=\"tb_text_wrap\">\n            <p>By alternating strength training with cardio you achieve faster subcutaneous fat burning.<\/p>        <\/div>\n    <\/div>\n<\/div>\n<!-- \/module feature -->\n<!-- module feature -->\n<div  class=\"module module-feature tb_49ya807 no-chart layout-icon-left size-custom\" data-layout-mobile=\"icon-left\" data-layout-desktop=\"icon-left\" data-lazy=\"1\">\n        <div class=\"module-feature-image tf_textc tf_rel\">\n                            <span class=\"module-feature-chart-html5 tf_box tf_rel tf_inline_b\" style=\"width:80px;height:80px;background-color:#c41215\">\n                                <span class=\"chart-html5-circle tf_w tf_h\">\n                                            <em class=\"module-feature-icon tf_rel\" style=\"color:#ffffff\"><svg  class=\"tf_fa tf-fas-arrow-up-right-dots\" aria-hidden=\"true\"><use href=\"#tf-fas-arrow-up-right-dots\"><\/use><\/svg><\/em>\n                                    <\/span>\n\n                \n            <\/span>\n                <\/div>\n    <div class=\"module-feature-content tf_textc\">\n                    <h3 class=\"module-feature-title\">\n                            Firm, sculpted glutes                        <\/h3>\n                    <div class=\"tb_text_wrap\">\n            <p>By selecting the right exercises and weights, you\u2019ll achieve a round, lifted butt \u2013 the push-up effect.<\/p>        <\/div>\n    <\/div>\n<\/div>\n<!-- \/module feature -->\n<!-- module feature -->\n<div  class=\"module module-feature tb_vinw220 no-chart layout-icon-left size-custom\" data-layout-mobile=\"icon-left\" data-layout-desktop=\"icon-left\" data-lazy=\"1\">\n        <div class=\"module-feature-image tf_textc tf_rel\">\n                            <span class=\"module-feature-chart-html5 tf_box tf_rel tf_inline_b\" style=\"width:80px;height:80px;background-color:#c41215\">\n                                <span class=\"chart-html5-circle tf_w tf_h\">\n                                            <em class=\"module-feature-icon tf_rel\" style=\"color:#ffffff\"><svg  class=\"tf_fa tf-fas-person\" aria-hidden=\"true\"><use href=\"#tf-fas-person\"><\/use><\/svg><\/em>\n                                    <\/span>\n\n                \n            <\/span>\n                <\/div>\n    <div class=\"module-feature-content tf_textc\">\n                    <h3 class=\"module-feature-title\">\n                            Flat tummy for your swimsuit                        <\/h3>\n                    <div class=\"tb_text_wrap\">\n            <p>We\u2019ll train your abs in every way \u2013 obliques, lower and rectus muscles \u2013 with weights and cardio.<\/p>        <\/div>\n    <\/div>\n<\/div>\n<!-- \/module feature -->\n<!-- module feature -->\n<div  class=\"module module-feature tb_mugi108 no-chart layout-icon-left size-custom\" data-layout-mobile=\"icon-left\" data-layout-desktop=\"icon-left\" data-lazy=\"1\">\n        <div class=\"module-feature-image tf_textc tf_rel\">\n                            <span class=\"module-feature-chart-html5 tf_box tf_rel tf_inline_b\" style=\"width:80px;height:80px;background-color:#c41215\">\n                                <span class=\"chart-html5-circle tf_w tf_h\">\n                                            <em class=\"module-feature-icon tf_rel\" style=\"color:#ffffff\"><svg  class=\"tf_fa tf-fas-face-laugh-beam\" aria-hidden=\"true\"><use href=\"#tf-fas-face-laugh-beam\"><\/use><\/svg><\/em>\n                                    <\/span>\n\n                \n            <\/span>\n                <\/div>\n    <div class=\"module-feature-content tf_textc\">\n                    <h3 class=\"module-feature-title\">\n                            Endorphin release                        <\/h3>\n                    <div class=\"tb_text_wrap\">\n            <p>Fun music, alternating strength and cardio intervals \u2013 no prolonged lying on the floor.<\/p>        <\/div>\n    <\/div>\n<\/div>\n<!-- \/module feature -->\n        <\/div>\n                    <\/div>\n                <\/div>\n                        <\/div>\n        <\/div>\n                        <div  data-lazy=\"1\" class=\"module_row themify_builder_row tb_etm1131 tf_w\">\n                        <div class=\"row_inner col_align_top tb_col_count_1 tf_box tf_rel\">\n                        <div  data-lazy=\"1\" class=\"module_column tb-column col-full tb_98bk280 first\">\n                    <!-- module text -->\n<div  class=\"module module-text tb_zk4v081\" data-lazy=\"1\">\n        <div  class=\"tb_text_wrap\">\n        <h2>Abs and Glutes coaches<\/h2>\n<p data-start=\"109\" data-end=\"323\">Our trainers know how to tone your abs and sculpt your glutes effectively and without unnecessary talk. Each class has a clear goal, the right pace, and a solid dose of energy.<\/p>    <\/div>\n<\/div>\n<!-- \/module text -->        <\/div>\n                        <\/div>\n        <\/div>\n                        <div  data-lazy=\"1\" class=\"module_row themify_builder_row tb_cezv130 tf_w\">\n                        <div class=\"row_inner col_align_top tb_col_count_1 tf_box tf_rel\">\n                        <div  data-lazy=\"1\" class=\"module_column tb-column col-full tb_1uff208 first\">\n                            <div  data-lazy=\"1\" class=\"module_subrow themify_builder_sub_row tf_w col_align_top tb_col_count_3 tb_b4rv800\">\n                <div  data-lazy=\"1\" class=\"module_column sub_column col3-1 tb_70t1770 first\">\n        <span  class=\"builder_row_cover tf_abs\" data-lazy=\"1\"><\/span>                    <div  data-lazy=\"1\" class=\"module_subrow themify_builder_sub_row tf_w col_align_top tb_col_count_1 tb_aevn900\">\n                <div  data-lazy=\"1\" class=\"module_column sub_column col-full tb_dkdq448 first\">\n                    <!-- module text -->\n<div  class=\"module module-text tb_26g8448\" data-lazy=\"1\">\n        <div  class=\"tb_text_wrap\">\n        <h3 style=\"text-align: left;\">\u0160\u00e1rka Buda\u0159ov\u00e1<\/h3>    <\/div>\n<\/div>\n<!-- \/module text --><!-- module icon -->\n<div  class=\"module module-icon tb_isrr448    icon_vertical\" data-lazy=\"1\">\n            <div class=\"module-icon-item\">\n                            <a href=\"tel:\u202a 420\u00a0777\u00a0725\u00a0220\u202c\">\n                                                                    <em class=\"tf_box\" style=\"background-color:rgba(0,0,0, 0);color:#ffffff\"><svg  class=\"tf_fa tf-fab-whatsapp\" aria-hidden=\"true\"><use href=\"#tf-fab-whatsapp\"><\/use><\/svg><\/em>\n                                                                            <span>\u202a+420\u00a0777\u00a0725\u00a0220\u202c<\/span>\n                                                                    <\/a>\n                    <\/div>\n    <\/div>\n<!-- \/module icon -->\n        <\/div>\n                    <\/div>\n                <\/div>\n                    <div  data-lazy=\"1\" class=\"module_column sub_column col3-1 tb_6kg2301\">\n                            <\/div>\n                    <div  data-lazy=\"1\" class=\"module_column sub_column col3-1 tb_6wbw145 last\">\n                            <\/div>\n                    <\/div>\n                <\/div>\n                        <\/div>\n        <\/div>\n        <\/div>\n<!--\/themify_builder_content-->","protected":false},"excerpt":{"rendered":"","protected":false},"author":1,"featured_media":0,"parent":4408,"menu_order":0,"comment_status":"closed","ping_status":"closed","template":"","meta":{"footnotes":""},"class_list":["post-6263","page","type-page","status-publish","hentry","has-post-title","has-post-date","has-post-category","has-post-tag","has-post-comment","has-post-author",""],"builder_content":"<h1 style=\"text-align: left;\">B\u0159icho a H\u00fd\u017ed\u011b<\/h1>\n<h2>Sm\u00edchov<\/h2> <p>Vhodn\u00e9 pro \u017eeny, ale i mu\u017ee. Posilov\u00e1n\u00ed i m\u00edrn\u00e9 kardio p\u016fsob\u00ed tak, abychom z\u00e1rove\u0148 spalovali podko\u017en\u00ed tuk a celkov\u011b zpevnili i pos\u00edlili b\u0159icho a h\u00fd\u017ed\u011b. Vyu\u017e\u00edv\u00e1me ty\u010d, kotou\u010de, \u010dinky i vlastn\u00ed v\u00e1hu t\u011bla. Z\u00e1t\u011b\u017e si vol\u00ed ka\u017ed\u00fd dle sv\u00e9 pokro\u010dilosti a aktu\u00e1ln\u00ed fyzick\u00e9 kondice.<\/p>\n<a href=\"\/rozvrh\/#smichov\" > <em><svg aria-hidden=\"true\"><use href=\"#tf-fas-calendar-alt\"><\/use><\/svg><\/em> rozvrh <\/a> <a href=\"\/skupinove-lekce\" > <em><svg aria-hidden=\"true\"><use href=\"#tf-fas-people-group\"><\/use><\/svg><\/em> Skupinov\u00e9 lekce <\/a>\n<img src=\"https:\/\/spartangym.microweb.cz\/wp-content\/uploads\/2025\/07\/brichohyzde4.jpeg\" width=\"2000\" height=\"1200\" title=\"B\u0159icho a H\u00fd\u017ed\u011b\" alt=\"B\u0159icho a H\u00fd\u017ed\u011b\">\n<img src=\"https:\/\/spartangym.microweb.cz\/wp-content\/uploads\/2025\/07\/brichohyzde1.jpeg\" width=\"2000\" height=\"1200\" title=\"B\u0159icho a H\u00fd\u017ed\u011b\" alt=\"B\u0159icho a H\u00fd\u017ed\u011b\">\n<em style=\"color:#ffffff\"><svg aria-hidden=\"true\"><use href=\"#tf-fas-fire\"><\/use><\/svg><\/em> \n <h3> Efektivn\u00ed spalov\u00e1n\u00ed kalori\u00ed <\/h3> <p>St\u0159\u00edd\u00e1n\u00edm posilov\u00e1n\u00ed s kardiem dos\u00e1hne\u0161 rychlej\u0161\u00edho spalov\u00e1n\u00ed podko\u017en\u00edho tuku.<\/p>\n<em style=\"color:#ffffff\"><svg aria-hidden=\"true\"><use href=\"#tf-fas-arrow-up-right-dots\"><\/use><\/svg><\/em> \n <h3> Pevn\u00fd a vypracovan\u00fd zade\u010dek <\/h3> <p>C\u00edlen\u00fdm v\u00fdb\u011brem t\u011bch spr\u00e1vn\u00fdch cvik\u016f a z\u00e1t\u011b\u017e\u00ed doc\u00edl\u00ed\u0161 kulat\u00e9ho zvednut\u00e9ho zade\u010dku \u2013 push up efekt.<\/p>\n<em style=\"color:#ffffff\"><svg aria-hidden=\"true\"><use href=\"#tf-fas-person\"><\/use><\/svg><\/em> \n <h3> Ploch\u00e9 b\u0159\u00ed\u0161ko do plavek <\/h3> <p>B\u0159\u00ed\u0161ko procvi\u010d\u00edme na v\u0161echny zp\u016fsoby \u2013 \u0161ikm\u00e9, spodn\u00ed i p\u0159\u00edm\u00e9 svaly \u2013 s \u010dinkami i kardiov\u011b.<\/p>\n<em style=\"color:#ffffff\"><svg aria-hidden=\"true\"><use href=\"#tf-fas-face-laugh-beam\"><\/use><\/svg><\/em> \n <h3> Vyplaven\u00ed endorfin\u016f <\/h3> <p>Z\u00e1bavn\u00e1 hudba, intervalov\u00e9 st\u0159\u00edd\u00e1n\u00ed posilov\u00e1n\u00ed a kardia - \u017e\u00e1dn\u00e9 zdlouhav\u00e9 le\u017een\u00ed na zemi.<\/p>\n<h2>Tren\u00e9\u0159i lekce B\u0159icho a H\u00fd\u017ed\u011b<\/h2> <p data-start=\"109\" data-end=\"323\">Na\u0161i tren\u00e9\u0159i v\u011bd\u00ed, jak zpevnit b\u0159icho a vytvarovat h\u00fd\u017ed\u011b efektivn\u011b a bez zbyte\u010dn\u00fdch \u0159e\u010d\u00ed. Ka\u017ed\u00e1 lekce m\u00e1 jasn\u00fd c\u00edl, spr\u00e1vn\u00e9 tempo a po\u0159\u00e1dnou d\u00e1vku energie.<\/p>\n<h3 style=\"text-align: left;\">\u0160\u00e1rka Buda\u0159ov\u00e1<\/h3>\n<a href=\"tel:\u202a+420\u00a0777\u00a0725\u00a0220\u202c\"> <em style=\"background-color:rgba(0,0,0, 0);color:#ffffff\"><svg aria-hidden=\"true\"><use href=\"#tf-fab-whatsapp\"><\/use><\/svg><\/em> \u202a+420\u00a0777\u00a0725\u00a0220\u202c <\/a>","_links":{"self":[{"href":"http:\/\/spartangym.microweb.cz\/en\/wp-json\/wp\/v2\/pages\/6263","targetHints":{"allow":["GET"]}}],"collection":[{"href":"http:\/\/spartangym.microweb.cz\/en\/wp-json\/wp\/v2\/pages"}],"about":[{"href":"http:\/\/spartangym.microweb.cz\/en\/wp-json\/wp\/v2\/types\/page"}],"author":[{"embeddable":true,"href":"http:\/\/spartangym.microweb.cz\/en\/wp-json\/wp\/v2\/users\/1"}],"replies":[{"embeddable":true,"href":"http:\/\/spartangym.microweb.cz\/en\/wp-json\/wp\/v2\/comments?post=6263"}],"version-history":[{"count":25,"href":"http:\/\/spartangym.microweb.cz\/en\/wp-json\/wp\/v2\/pages\/6263\/revisions"}],"predecessor-version":[{"id":7655,"href":"http:\/\/spartangym.microweb.cz\/en\/wp-json\/wp\/v2\/pages\/6263\/revisions\/7655"}],"up":[{"embeddable":true,"href":"http:\/\/spartangym.microweb.cz\/en\/wp-json\/wp\/v2\/pages\/4408"}],"wp:attachment":[{"href":"http:\/\/spartangym.microweb.cz\/en\/wp-json\/wp\/v2\/media?parent=6263"}],"curies":[{"name":"wp","href":"https:\/\/api.w.org\/{rel}","templated":true}]}}