{"id":6253,"date":"2025-06-26T16:06:30","date_gmt":"2025-06-26T14:06:30","guid":{"rendered":"https:\/\/spartangym.microweb.cz\/kruhovy-trenink-copy\/"},"modified":"2025-07-31T14:02:37","modified_gmt":"2025-07-31T12:02:37","slug":"hiit","status":"publish","type":"page","link":"http:\/\/spartangym.microweb.cz\/en\/skupinove-lekce\/hiit\/","title":{"rendered":"HIIT"},"content":{"rendered":"<p><\/p>\n\n<!--themify_builder_content-->\n<div id=\"themify_builder_content-6253\" data-postid=\"6253\" class=\"themify_builder_content themify_builder_content-6253 themify_builder tf_clear\">\n                    <div  data-lazy=\"1\" class=\"module_row themify_builder_row tb_buyz494 tb_first tf_w\">\n            <span  class=\"builder_row_cover tf_abs\" data-lazy=\"1\"><\/span>            <div class=\"row_inner col_align_top tb_col_count_1 tf_box tf_rel\">\n                        <div  data-lazy=\"1\" class=\"module_column tb-column col-full tb_x6dp343 first\">\n                            <div  data-lazy=\"1\" class=\"module_subrow themify_builder_sub_row tf_w col_align_top tb_col_count_1 tb_6ljd623\">\n                <div  data-lazy=\"1\" class=\"module_column sub_column col-full tb_bgz9034 first\">\n                    <!-- module text -->\n<div  class=\"module module-text tb_2u1m333 moving\" data-lazy=\"1\">\n        <div  class=\"tb_text_wrap\">\n        <h1 style=\"text-align: left;\">HIIT<\/h1>    <\/div>\n<\/div>\n<!-- \/module text -->        <\/div>\n                    <\/div>\n                <div  data-lazy=\"1\" class=\"module_subrow themify_builder_sub_row tf_w col_align_top gutter-none tb_col_count_2 tb_s1td880\">\n                <div  data-lazy=\"1\" class=\"module_column sub_column col4-2 tb_7x4j645 first\">\n                    <!-- module text -->\n<div  class=\"module module-text tb_6dmy036\" data-lazy=\"1\">\n        <div  class=\"tb_text_wrap\">\n        <h2>Sm\u00edchov<\/h2>\n<p>Intense interval training that burns fat, builds strength, and improves fitness \u2014 all in a short amount of time. We alternate short, explosive exercises with breaks, so you\u2019re going full power. But anyone can handle it. Need to get in shape, clear your mind, and really sweat? This is exactly for you!<\/p>    <\/div>\n<\/div>\n<!-- \/module text --><!-- module buttons -->\n<div  class=\"module module-buttons tb_97lb600 buttons-horizontal solid  small circle\" data-lazy=\"1\">\n        <div class=\"module-buttons-item tf_in_flx\">\n                        <a href=\"http:\/\/spartangym.microweb.cz\/en\/rozvrh\/#smichov\" class=\"ui builder_button tf_in_flx red\" >\n                                    <em><svg  class=\"tf_fa tf-fas-calendar-alt\" aria-hidden=\"true\"><use href=\"#tf-fas-calendar-alt\"><\/use><\/svg><\/em>                                        schedule                                        <\/a>\n                <\/div>\n                    <div class=\"module-buttons-item tf_in_flx\">\n                        <a href=\"http:\/\/spartangym.microweb.cz\/en\/skupinove-lekce\/\" class=\"ui builder_button tf_in_flx tb_default_color\" >\n                                    <em><svg  class=\"tf_fa tf-fas-people-group\" aria-hidden=\"true\"><use href=\"#tf-fas-people-group\"><\/use><\/svg><\/em>                                        Group classes                                        <\/a>\n                <\/div>\n            <\/div>\n<!-- \/module buttons -->\n        <\/div>\n                    <div  data-lazy=\"1\" class=\"module_column sub_column col4-2 tb_j4k0074 last\">\n                            <\/div>\n                    <\/div>\n                <\/div>\n                        <\/div>\n        <\/div>\n                        <div  data-lazy=\"1\" class=\"module_row themify_builder_row tb_ipik304 tf_w\">\n            <span  class=\"builder_row_cover tf_abs\" data-lazy=\"1\"><\/span>            <div class=\"row_inner col_align_middle tb_col_count_2 tf_box tf_rel\">\n                        <div  data-lazy=\"1\" class=\"module_column tb-column col4-2 tb_vvd5338 first\">\n                    <!-- module image -->\n<div  class=\"module module-image tb_9v7d292 image-top   auto_fullwidth tf_mw\" data-lazy=\"1\" data-lax-translate-y=\"(vh*1) 0,(vh*0) -70\" data-lax=\"true\">\n        <div class=\"image-wrap tf_rel tf_mw\">\n            <img loading=\"lazy\" decoding=\"async\" src=\"https:\/\/spartangym.microweb.cz\/wp-content\/uploads\/2025\/06\/hiit1-scaled.jpeg\" width=\"2000\" height=\"1200\" title=\"HIIT\" alt=\"HIIT\">    \n        <\/div>\n    <!-- \/image-wrap -->\n    \n        <\/div>\n<!-- \/module image --><!-- module image -->\n<div  class=\"module module-image tb_68fl906 image-right   auto_fullwidth tf_mw tb_gs525d7\" data-lazy=\"1\" data-lax-translate-y=\"(vh*1) 0,(vh*0) -140\" data-lax=\"true\">\n        <div class=\"image-wrap tf_rel tf_mw\">\n            <img loading=\"lazy\" decoding=\"async\" src=\"https:\/\/spartangym.microweb.cz\/wp-content\/uploads\/2025\/06\/hiit2-scaled.jpg\" width=\"2000\" height=\"1200\" title=\"HIIT\" alt=\"HIIT\">    \n        <\/div>\n    <!-- \/image-wrap -->\n    \n        <\/div>\n<!-- \/module image -->        <\/div>\n                    <div  data-lazy=\"1\" class=\"module_column tb-column col4-2 tb_wlzy030 last\">\n                            <div  data-lazy=\"1\" class=\"module_subrow themify_builder_sub_row tf_w col_align_top tb_col_count_1 tb_aazx316\">\n                <div  data-lazy=\"1\" class=\"module_column sub_column col-full tb_0sih017 first\">\n                    <!-- module feature -->\n<div  class=\"module module-feature tb_r25u344 no-chart layout-icon-left size-custom\" data-layout-mobile=\"icon-left\" data-layout-desktop=\"icon-left\" data-lazy=\"1\">\n        <div class=\"module-feature-image tf_textc tf_rel\">\n                            <span class=\"module-feature-chart-html5 tf_box tf_rel tf_inline_b\" style=\"width:80px;height:80px;background-color:#c41215\">\n                                <span class=\"chart-html5-circle tf_w tf_h\">\n                                            <em class=\"module-feature-icon tf_rel\" style=\"color:#ffffff\"><svg  class=\"tf_fa tf-fas-fire\" aria-hidden=\"true\"><use href=\"#tf-fas-fire\"><\/use><\/svg><\/em>\n                                    <\/span>\n\n                \n            <\/span>\n                <\/div>\n    <div class=\"module-feature-content tf_textc\">\n                    <h3 class=\"module-feature-title\">\n                            Effective calorie burning                        <\/h3>\n                    <div class=\"tb_text_wrap\">\n            <p>The interval style will help you burn calories quickly and improve your metabolism.<\/p>        <\/div>\n    <\/div>\n<\/div>\n<!-- \/module feature -->\n<!-- module feature -->\n<div  class=\"module module-feature tb_xpe0036 no-chart layout-icon-left size-custom\" data-layout-mobile=\"icon-left\" data-layout-desktop=\"icon-left\" data-lazy=\"1\">\n        <div class=\"module-feature-image tf_textc tf_rel\">\n                            <span class=\"module-feature-chart-html5 tf_box tf_rel tf_inline_b\" style=\"width:80px;height:80px;background-color:#c41215\">\n                                <span class=\"chart-html5-circle tf_w tf_h\">\n                                            <em class=\"module-feature-icon tf_rel\" style=\"color:#ffffff\"><svg  class=\"tf_fa tf-fas-dumbbell\" aria-hidden=\"true\"><use href=\"#tf-fas-dumbbell\"><\/use><\/svg><\/em>\n                                    <\/span>\n\n                \n            <\/span>\n                <\/div>\n    <div class=\"module-feature-content tf_textc\">\n                    <h3 class=\"module-feature-title\">\n                            Building strength and fitness                        <\/h3>\n                    <div class=\"tb_text_wrap\">\n            <p>The combination of dynamic exercises strengthens the entire body and takes your fitness to the next level.<\/p>        <\/div>\n    <\/div>\n<\/div>\n<!-- \/module feature -->\n<!-- module feature -->\n<div  class=\"module module-feature tb_amdh040 no-chart layout-icon-left size-custom\" data-layout-mobile=\"icon-left\" data-layout-desktop=\"icon-left\" data-lazy=\"1\">\n        <div class=\"module-feature-image tf_textc tf_rel\">\n                            <span class=\"module-feature-chart-html5 tf_box tf_rel tf_inline_b\" style=\"width:80px;height:80px;background-color:#c41215\">\n                                <span class=\"chart-html5-circle tf_w tf_h\">\n                                            <em class=\"module-feature-icon tf_rel\" style=\"color:#ffffff\"><svg  class=\"tf_fa tf-fas-bolt\" aria-hidden=\"true\"><use href=\"#tf-fas-bolt\"><\/use><\/svg><\/em>\n                                    <\/span>\n\n                \n            <\/span>\n                <\/div>\n    <div class=\"module-feature-content tf_textc\">\n                    <h3 class=\"module-feature-title\">\n                            Short but intense                        <\/h3>\n                    <div class=\"tb_text_wrap\">\n            <p>No lengthy workouts, just a solid burst of energy in a short time.<\/p>        <\/div>\n    <\/div>\n<\/div>\n<!-- \/module feature -->\n<!-- module feature -->\n<div  class=\"module module-feature tb_sq5e044 no-chart layout-icon-left size-custom\" data-layout-mobile=\"icon-left\" data-layout-desktop=\"icon-left\" data-lazy=\"1\">\n        <div class=\"module-feature-image tf_textc tf_rel\">\n                            <span class=\"module-feature-chart-html5 tf_box tf_rel tf_inline_b\" style=\"width:80px;height:80px;background-color:#c41215\">\n                                <span class=\"chart-html5-circle tf_w tf_h\">\n                                            <em class=\"module-feature-icon tf_rel\" style=\"color:#ffffff\"><svg  class=\"tf_fa tf-fas-layer-group\" aria-hidden=\"true\"><use href=\"#tf-fas-layer-group\"><\/use><\/svg><\/em>\n                                    <\/span>\n\n                \n            <\/span>\n                <\/div>\n    <div class=\"module-feature-content tf_textc\">\n                    <h3 class=\"module-feature-title\">\n                            For all levels                        <\/h3>\n                    <div class=\"tb_text_wrap\">\n            <p>P\u0159izp\u016fsob\u00ed\u0161 si tempo podle sebe, tak\u017ee se do toho m\u016f\u017ee\u0161 op\u0159\u00edt, a\u0165 u\u017e jsi za\u010d\u00e1te\u010dn\u00edk nebo prof\u00edk.<\/p>        <\/div>\n    <\/div>\n<\/div>\n<!-- \/module feature -->\n        <\/div>\n                    <\/div>\n                <\/div>\n                        <\/div>\n        <\/div>\n                        <div  data-lazy=\"1\" class=\"module_row themify_builder_row tb_81dc344 tf_w\">\n                        <div class=\"row_inner col_align_top tb_col_count_1 tf_box tf_rel\">\n                        <div  data-lazy=\"1\" class=\"module_column tb-column col-full tb_k32w054 first\">\n                    <!-- module text -->\n<div  class=\"module module-text tb_oyw4000\" data-lazy=\"1\">\n        <div  class=\"tb_text_wrap\">\n        <h2>HIIT coaches<\/h2>\n<p data-start=\"109\" data-end=\"323\">HIIT with us takes place under the guidance of an experienced trainer who will guide you through each station and make sure you exercise correctly and effectively. The trainer will adjust the pace to your abilities and ensure that you get the most out of each lesson.<\/p>    <\/div>\n<\/div>\n<!-- \/module text -->        <\/div>\n                        <\/div>\n        <\/div>\n                        <div  data-lazy=\"1\" class=\"module_row themify_builder_row tb_jy9m003 tf_w\">\n                        <div class=\"row_inner col_align_top tb_col_count_1 tf_box tf_rel\">\n                        <div  data-lazy=\"1\" class=\"module_column tb-column col-full tb_pf1p003 first\">\n                            <div  data-lazy=\"1\" class=\"module_subrow themify_builder_sub_row tf_w col_align_top tb_col_count_3 tb_5kui831\">\n                <div  data-lazy=\"1\" class=\"module_column sub_column col3-1 tb_pft6831 first\">\n        <span  class=\"builder_row_cover tf_abs\" data-lazy=\"1\"><\/span>                    <div  data-lazy=\"1\" class=\"module_subrow themify_builder_sub_row tf_w col_align_top tb_col_count_1 tb_juq8831\">\n                <div  data-lazy=\"1\" class=\"module_column sub_column col-full tb_7a6d831 first\">\n                    <!-- module text -->\n<div  class=\"module module-text tb_2cd5831\" data-lazy=\"1\">\n        <div  class=\"tb_text_wrap\">\n        <h3 style=\"text-align: left;\">Lucie Bretschnajdrov\u00e1<\/h3>    <\/div>\n<\/div>\n<!-- \/module text --><!-- module icon -->\n<div  class=\"module module-icon tb_ovvw831    icon_vertical\" data-lazy=\"1\">\n            <div class=\"module-icon-item\">\n                            <a href=\"https:\/\/www.instagram.com\/luciebretsnajdrova\/\" rel=\"noopener\" target=\"_blank\">\n                                                                    <em class=\"tf_box\" style=\"background-color:rgba(0,0,0, 0);color:#ffffff\"><svg  class=\"tf_fa tf-fab-instagram\" aria-hidden=\"true\"><use href=\"#tf-fab-instagram\"><\/use><\/svg><\/em>\n                                                                            <span>luciebretsnajdrova<\/span>\n                                                                    <\/a>\n                    <\/div>\n    <\/div>\n<!-- \/module icon -->\n        <\/div>\n                    <\/div>\n                <\/div>\n                    <div  data-lazy=\"1\" class=\"module_column sub_column col3-1 tb_ydre831\">\n                            <\/div>\n                    <div  data-lazy=\"1\" class=\"module_column sub_column col3-1 tb_8y2l831 last\">\n                            <\/div>\n                    <\/div>\n                <\/div>\n                        <\/div>\n        <\/div>\n        <\/div>\n<!--\/themify_builder_content-->","protected":false},"excerpt":{"rendered":"","protected":false},"author":1,"featured_media":0,"parent":4408,"menu_order":0,"comment_status":"closed","ping_status":"closed","template":"","meta":{"footnotes":""},"class_list":["post-6253","page","type-page","status-publish","hentry","has-post-title","has-post-date","has-post-category","has-post-tag","has-post-comment","has-post-author",""],"builder_content":"<h1 style=\"text-align: left;\">HIIT<\/h1>\n<h2>Sm\u00edchov<\/h2> <p>Intenzivn\u00ed intervalov\u00fd tr\u00e9nink, kter\u00fd spaluje tuky, buduje s\u00edlu a zlep\u0161uje kondici. A to v\u0161e za kr\u00e1tk\u00fd \u010das. St\u0159\u00edd\u00e1me kr\u00e1tk\u00e9 a v\u00fdbu\u0161n\u00e9 cviky s pauzami, tak\u017ee jede\u0161 na maximum. Ale zvl\u00e1dne to ka\u017ed\u00fd. Pot\u0159ebuje\u0161 se dostat do formy, vypnout hlavu a po\u0159\u00e1dn\u011b se zapotit? Tak tohle je p\u0159esn\u011b pro tebe!<\/p>\n<a href=\"\/rozvrh\/#smichov\" > <em><svg aria-hidden=\"true\"><use href=\"#tf-fas-calendar-alt\"><\/use><\/svg><\/em> rozvrh <\/a> <a href=\"\/skupinove-lekce\" > <em><svg aria-hidden=\"true\"><use href=\"#tf-fas-people-group\"><\/use><\/svg><\/em> Skupinov\u00e9 lekce <\/a>\n<img src=\"https:\/\/spartangym.microweb.cz\/wp-content\/uploads\/2025\/06\/hiit1-scaled.jpeg\" width=\"2000\" height=\"1200\" title=\"HIIT\" alt=\"HIIT\">\n<img src=\"https:\/\/spartangym.microweb.cz\/wp-content\/uploads\/2025\/06\/hiit2-scaled.jpg\" width=\"2000\" height=\"1200\" title=\"HIIT\" alt=\"HIIT\">\n<em style=\"color:#ffffff\"><svg aria-hidden=\"true\"><use href=\"#tf-fas-fire\"><\/use><\/svg><\/em> \n <h3> Efektivn\u00ed spalov\u00e1n\u00ed kalori\u00ed <\/h3> <p>Intervalov\u00fd styl ti pom\u016f\u017ee rychle sp\u00e1lit kalorie a zlep\u0161it metabolismus.<\/p>\n<em style=\"color:#ffffff\"><svg aria-hidden=\"true\"><use href=\"#tf-fas-dumbbell\"><\/use><\/svg><\/em> \n <h3> Budov\u00e1n\u00ed s\u00edly a kondice <\/h3> <p>Kombinace dynamick\u00fdch cvik\u016f pos\u00edl\u00ed cel\u00e9 t\u011blo a posune tvoji fyzi\u010dku na vy\u0161\u0161\u00ed level.<\/p>\n<em style=\"color:#ffffff\"><svg aria-hidden=\"true\"><use href=\"#tf-fas-bolt\"><\/use><\/svg><\/em> \n <h3> Kr\u00e1tk\u00fd, ale intenzivn\u00ed <\/h3> <p>\u017d\u00e1dn\u00e9 zdlouhav\u00e9 cvi\u010den\u00ed, ale po\u0159\u00e1dn\u00e1 d\u00e1vka energie v kr\u00e1tk\u00e9m \u010dase.<\/p>\n<em style=\"color:#ffffff\"><svg aria-hidden=\"true\"><use href=\"#tf-fas-layer-group\"><\/use><\/svg><\/em> \n <h3> Pro v\u0161echny \u00farovn\u011b <\/h3> <p>P\u0159izp\u016fsob\u00ed\u0161 si tempo podle sebe, tak\u017ee se do toho m\u016f\u017ee\u0161 op\u0159\u00edt, a\u0165 u\u017e jsi za\u010d\u00e1te\u010dn\u00edk nebo prof\u00edk.<\/p>\n<h2>HIIT tren\u00e9\u0159i<\/h2> <p data-start=\"109\" data-end=\"323\">HIIT u n\u00e1s prob\u00edh\u00e1 pod veden\u00edm zku\u0161en\u00e9ho tren\u00e9ra, kter\u00fd t\u011b provede ka\u017ed\u00fdm stanovi\u0161t\u011bm a postar\u00e1 se, abys cvi\u010dil\/a spr\u00e1vn\u011b a efektivn\u011b. Tren\u00e9r p\u0159izp\u016fsob\u00ed tempo tv\u00fdm mo\u017enostem a zajist\u00ed, \u017ee se z ka\u017ed\u00e9 lekce dostane maximum.<\/p>\n<h3 style=\"text-align: left;\">Lucie Bret\u0161najdrov\u00e1<\/h3>\n<a href=\"https:\/\/www.instagram.com\/luciebretsnajdrova\/\" rel=\"noopener\" target=\"_blank\"> <em style=\"background-color:rgba(0,0,0, 0);color:#ffffff\"><svg aria-hidden=\"true\"><use href=\"#tf-fab-instagram\"><\/use><\/svg><\/em> luciebretsnajdrova <\/a>","_links":{"self":[{"href":"http:\/\/spartangym.microweb.cz\/en\/wp-json\/wp\/v2\/pages\/6253","targetHints":{"allow":["GET"]}}],"collection":[{"href":"http:\/\/spartangym.microweb.cz\/en\/wp-json\/wp\/v2\/pages"}],"about":[{"href":"http:\/\/spartangym.microweb.cz\/en\/wp-json\/wp\/v2\/types\/page"}],"author":[{"embeddable":true,"href":"http:\/\/spartangym.microweb.cz\/en\/wp-json\/wp\/v2\/users\/1"}],"replies":[{"embeddable":true,"href":"http:\/\/spartangym.microweb.cz\/en\/wp-json\/wp\/v2\/comments?post=6253"}],"version-history":[{"count":23,"href":"http:\/\/spartangym.microweb.cz\/en\/wp-json\/wp\/v2\/pages\/6253\/revisions"}],"predecessor-version":[{"id":7663,"href":"http:\/\/spartangym.microweb.cz\/en\/wp-json\/wp\/v2\/pages\/6253\/revisions\/7663"}],"up":[{"embeddable":true,"href":"http:\/\/spartangym.microweb.cz\/en\/wp-json\/wp\/v2\/pages\/4408"}],"wp:attachment":[{"href":"http:\/\/spartangym.microweb.cz\/en\/wp-json\/wp\/v2\/media?parent=6253"}],"curies":[{"name":"wp","href":"https:\/\/api.w.org\/{rel}","templated":true}]}}