{"id":6199,"date":"2025-06-26T15:11:02","date_gmt":"2025-06-26T13:11:02","guid":{"rendered":"https:\/\/spartangym.microweb.cz\/clinic-joga-copy\/"},"modified":"2025-07-31T13:53:03","modified_gmt":"2025-07-31T11:53:03","slug":"clinic-joga","status":"publish","type":"page","link":"http:\/\/spartangym.microweb.cz\/en\/skupinove-lekce\/clinic-joga\/","title":{"rendered":"Clinic Yoga"},"content":{"rendered":"<p><\/p>\n\n<!--themify_builder_content-->\n<div id=\"themify_builder_content-6199\" data-postid=\"6199\" class=\"themify_builder_content themify_builder_content-6199 themify_builder tf_clear\">\n                    <div  data-lazy=\"1\" class=\"module_row themify_builder_row tb_ku1r669 tb_first tf_w\">\n            <span  class=\"builder_row_cover tf_abs\" data-lazy=\"1\"><\/span>            <div class=\"row_inner col_align_top tb_col_count_1 tf_box tf_rel\">\n                        <div  data-lazy=\"1\" class=\"module_column tb-column col-full tb_jfdx551 first\">\n                            <div  data-lazy=\"1\" class=\"module_subrow themify_builder_sub_row tf_w col_align_top tb_col_count_1 tb_qkld466\">\n                <div  data-lazy=\"1\" class=\"module_column sub_column col-full tb_z91c405 first\">\n                    <!-- module text -->\n<div  class=\"module module-text tb_fumu640 moving\" data-lazy=\"1\">\n        <div  class=\"tb_text_wrap\">\n        <h1 style=\"text-align: left;\">Clinic Yoga<\/h1>    <\/div>\n<\/div>\n<!-- \/module text -->        <\/div>\n                    <\/div>\n                <div  data-lazy=\"1\" class=\"module_subrow themify_builder_sub_row tf_w col_align_top gutter-none tb_col_count_2 tb_krwp655\">\n                <div  data-lazy=\"1\" class=\"module_column sub_column col4-2 tb_2vy7504 first\">\n                    <!-- module text -->\n<div  class=\"module module-text tb_os4b490\" data-lazy=\"1\">\n        <div  class=\"tb_text_wrap\">\n        <h2>Sm\u00edchov<\/h2>\n<p>The class focuses on working with basic asanas, adapted according to rehabilitation and physiotherapy concepts. Traditional yoga poses are presented in a way that ensures safe exercise while activating deep abdominal and back muscles, promoting safe stretching, increased flexibility, and mobility. Emphasis is placed on precise execution of the exercises (positions). The goal is to compensate for sedentary work, develop body awareness, and learn proper movement habits.<\/p>    <\/div>\n<\/div>\n<!-- \/module text --><!-- module buttons -->\n<div  class=\"module module-buttons tb_pw1n404 buttons-horizontal solid  small circle\" data-lazy=\"1\">\n        <div class=\"module-buttons-item tf_in_flx\">\n                        <a href=\"http:\/\/spartangym.microweb.cz\/en\/rozvrh\/#smichov\" class=\"ui builder_button tf_in_flx red\" >\n                                    <em><svg  class=\"tf_fa tf-fas-calendar-alt\" aria-hidden=\"true\"><use href=\"#tf-fas-calendar-alt\"><\/use><\/svg><\/em>                                        schedule                                        <\/a>\n                <\/div>\n                    <div class=\"module-buttons-item tf_in_flx\">\n                        <a href=\"http:\/\/spartangym.microweb.cz\/en\/skupinove-lekce\/\" class=\"ui builder_button tf_in_flx tb_default_color\" >\n                                    <em><svg  class=\"tf_fa tf-fas-people-group\" aria-hidden=\"true\"><use href=\"#tf-fas-people-group\"><\/use><\/svg><\/em>                                        Group classes                                        <\/a>\n                <\/div>\n            <\/div>\n<!-- \/module buttons -->\n        <\/div>\n                    <div  data-lazy=\"1\" class=\"module_column sub_column col4-2 tb_70n8405 last\">\n                            <\/div>\n                    <\/div>\n                <\/div>\n                        <\/div>\n        <\/div>\n                        <div  data-lazy=\"1\" class=\"module_row themify_builder_row tb_qso1569 tf_w\">\n            <span  class=\"builder_row_cover tf_abs\" data-lazy=\"1\"><\/span>            <div class=\"row_inner col_align_middle tb_col_count_2 tf_box tf_rel\">\n                        <div  data-lazy=\"1\" class=\"module_column tb-column col4-2 tb_sc2w540 first\">\n                    <!-- module image -->\n<div  class=\"module module-image tb_fuhe660 image-top   auto_fullwidth tf_mw\" data-lazy=\"1\" data-lax-translate-y=\"(vh*1) 0,(vh*0) -70\" data-lax=\"true\">\n        <div class=\"image-wrap tf_rel tf_mw\">\n            <img loading=\"lazy\" decoding=\"async\" src=\"https:\/\/spartangym.microweb.cz\/wp-content\/uploads\/2025\/06\/clinic-joga2.jpg\" width=\"2000\" height=\"1200\" title=\"Clinic Yoga\" alt=\"Clinic J\u00f3ga\">    \n        <\/div>\n    <!-- \/image-wrap -->\n    \n        <\/div>\n<!-- \/module image --><!-- module image -->\n<div  class=\"module module-image tb_fyuk705 image-right   auto_fullwidth tf_mw tb_gs525d7\" data-lazy=\"1\" data-lax-translate-y=\"(vh*1) 0,(vh*0) -140\" data-lax=\"true\">\n        <div class=\"image-wrap tf_rel tf_mw\">\n            <img loading=\"lazy\" decoding=\"async\" src=\"https:\/\/spartangym.microweb.cz\/wp-content\/uploads\/2025\/06\/clinic-joga3.jpg\" width=\"2000\" height=\"1200\" title=\"Clinic Yoga\" alt=\"Clinic J\u00f3ga\">    \n        <\/div>\n    <!-- \/image-wrap -->\n    \n        <\/div>\n<!-- \/module image -->        <\/div>\n                    <div  data-lazy=\"1\" class=\"module_column tb-column col4-2 tb_2rbf995 last\">\n                            <div  data-lazy=\"1\" class=\"module_subrow themify_builder_sub_row tf_w col_align_top tb_col_count_1 tb_6b4n669\">\n                <div  data-lazy=\"1\" class=\"module_column sub_column col-full tb_whoo070 first\">\n                    <!-- module feature -->\n<div  class=\"module module-feature tb_7ykw633 no-chart layout-icon-left size-custom\" data-layout-mobile=\"icon-left\" data-layout-desktop=\"icon-left\" data-lazy=\"1\">\n        <div class=\"module-feature-image tf_textc tf_rel\">\n                            <span class=\"module-feature-chart-html5 tf_box tf_rel tf_inline_b\" style=\"width:80px;height:80px;background-color:#c41215\">\n                                <span class=\"chart-html5-circle tf_w tf_h\">\n                                            <em class=\"module-feature-icon tf_rel\" style=\"color:#ffffff\"><svg  class=\"tf_fa tf-fas-arrows-left-right-to-line\" aria-hidden=\"true\"><use href=\"#tf-fas-arrows-left-right-to-line\"><\/use><\/svg><\/em>\n                                    <\/span>\n\n                \n            <\/span>\n                <\/div>\n    <div class=\"module-feature-content tf_textc\">\n                    <h3 class=\"module-feature-title\">\n                            Improving flexibility and mobility                        <\/h3>\n                    <div class=\"tb_text_wrap\">\n            <p>As a result of improved flexibility and mobility, your range of motion increases. This will help you perform many other physical activities more effectively, including other forms of training. And last but not least, it helps prevent injuries.<\/p>        <\/div>\n    <\/div>\n<\/div>\n<!-- \/module feature -->\n<!-- module feature -->\n<div  class=\"module module-feature tb_mlok500 no-chart layout-icon-left size-custom\" data-layout-mobile=\"icon-left\" data-layout-desktop=\"icon-left\" data-lazy=\"1\">\n        <div class=\"module-feature-image tf_textc tf_rel\">\n                            <span class=\"module-feature-chart-html5 tf_box tf_rel tf_inline_b\" style=\"width:80px;height:80px;background-color:#c41215\">\n                                <span class=\"chart-html5-circle tf_w tf_h\">\n                                            <em class=\"module-feature-icon tf_rel\" style=\"color:#ffffff\"><svg  class=\"tf_fa tf-fas-circle-dot\" aria-hidden=\"true\"><use href=\"#tf-fas-circle-dot\"><\/use><\/svg><\/em>\n                                    <\/span>\n\n                \n            <\/span>\n                <\/div>\n    <div class=\"module-feature-content tf_textc\">\n                    <h3 class=\"module-feature-title\">\n                            Core activation                        <\/h3>\n                    <div class=\"tb_text_wrap\">\n            <p>You work on spine stabilization, improving posture, enhancing balance and coordination, relieving pain, and preventing injuries.<\/p>        <\/div>\n    <\/div>\n<\/div>\n<!-- \/module feature -->\n<!-- module feature -->\n<div  class=\"module module-feature tb_7qoi576 no-chart layout-icon-left size-custom\" data-layout-mobile=\"icon-left\" data-layout-desktop=\"icon-left\" data-lazy=\"1\">\n        <div class=\"module-feature-image tf_textc tf_rel\">\n                            <span class=\"module-feature-chart-html5 tf_box tf_rel tf_inline_b\" style=\"width:80px;height:80px;background-color:#c41215\">\n                                <span class=\"chart-html5-circle tf_w tf_h\">\n                                            <em class=\"module-feature-icon tf_rel\" style=\"color:#ffffff\"><svg  class=\"tf_fa tf-fas-repeat\" aria-hidden=\"true\"><use href=\"#tf-fas-repeat\"><\/use><\/svg><\/em>\n                                    <\/span>\n\n                \n            <\/span>\n                <\/div>\n    <div class=\"module-feature-content tf_textc\">\n                    <h3 class=\"module-feature-title\">\n                            Developing proper habits                        <\/h3>\n                    <div class=\"tb_text_wrap\">\n            <p>You learn proper posture and work on eliminating bad habits usually linked to today\u2019s hectic lifestyle.<\/p>        <\/div>\n    <\/div>\n<\/div>\n<!-- \/module feature -->\n<!-- module feature -->\n<div  class=\"module module-feature tb_1yni765 no-chart layout-icon-left size-custom\" data-layout-mobile=\"icon-left\" data-layout-desktop=\"icon-left\" data-lazy=\"1\">\n        <div class=\"module-feature-image tf_textc tf_rel\">\n                            <span class=\"module-feature-chart-html5 tf_box tf_rel tf_inline_b\" style=\"width:80px;height:80px;background-color:#c41215\">\n                                <span class=\"chart-html5-circle tf_w tf_h\">\n                                            <em class=\"module-feature-icon tf_rel\" style=\"color:#ffffff\"><svg  class=\"tf_fa tf-fas-brain\" aria-hidden=\"true\"><use href=\"#tf-fas-brain\"><\/use><\/svg><\/em>\n                                    <\/span>\n\n                \n            <\/span>\n                <\/div>\n    <div class=\"module-feature-content tf_textc\">\n                    <h3 class=\"module-feature-title\">\n                            Mindfulness                        <\/h3>\n                    <div class=\"tb_text_wrap\">\n            <p>Conscious focus on the body and movement. You engage in movement with full attention, working on greater control over your body and increasing the efficiency of your movements.<\/p>        <\/div>\n    <\/div>\n<\/div>\n<!-- \/module feature -->\n        <\/div>\n                    <\/div>\n                <\/div>\n                        <\/div>\n        <\/div>\n                        <div  data-lazy=\"1\" class=\"module_row themify_builder_row tb_01az665 tf_w\">\n                        <div class=\"row_inner col_align_top tb_col_count_1 tf_box tf_rel\">\n                        <div  data-lazy=\"1\" class=\"module_column tb-column col-full tb_7vtl767 first\">\n                    <!-- module text -->\n<div  class=\"module module-text tb_z0k7609\" data-lazy=\"1\">\n        <div  class=\"tb_text_wrap\">\n        <h2>Clinic Yoga coaches<\/h2>\n<p data-start=\"109\" data-end=\"323\">The class is led by an experienced coach who will help you with each position, adjust the exercises to your needs, and ensure proper technique. The goal is to make the practice safe, effective, and beneficial for the entire body.<\/p>    <\/div>\n<\/div>\n<!-- \/module text -->        <\/div>\n                        <\/div>\n        <\/div>\n                        <div  data-lazy=\"1\" class=\"module_row themify_builder_row tb_qe2a901 tf_w\">\n                        <div class=\"row_inner col_align_top tb_col_count_1 tf_box tf_rel\">\n                        <div  data-lazy=\"1\" class=\"module_column tb-column col-full tb_djkf500 first\">\n                            <div  data-lazy=\"1\" class=\"module_subrow themify_builder_sub_row tf_w col_align_top tb_col_count_3 tb_8buj806\">\n                <div  data-lazy=\"1\" class=\"module_column sub_column col3-1 tb_8xg8050 first\">\n        <span  class=\"builder_row_cover tf_abs\" data-lazy=\"1\"><\/span>                    <div  data-lazy=\"1\" class=\"module_subrow themify_builder_sub_row tf_w col_align_top tb_col_count_1 tb_m648560\">\n                <div  data-lazy=\"1\" class=\"module_column sub_column col-full tb_1xt8107 first\">\n                    <!-- module text -->\n<div  class=\"module module-text tb_zz90107\" data-lazy=\"1\">\n        <div  class=\"tb_text_wrap\">\n        <h3 style=\"text-align: left;\">Martina Mare\u0161ov\u00e1<\/h3>    <\/div>\n<\/div>\n<!-- \/module text --><!-- module icon -->\n<div  class=\"module module-icon tb_ffi1107    icon_vertical\" data-lazy=\"1\">\n            <div class=\"module-icon-item\">\n                            <a href=\"https:\/\/www.instagram.com\/martinamaresova2018\/\" rel=\"noopener\" target=\"_blank\">\n                                                                    <em class=\"tf_box\" style=\"background-color:rgba(0,0,0, 0);color:#ffffff\"><svg  class=\"tf_fa tf-fab-instagram\" aria-hidden=\"true\"><use href=\"#tf-fab-instagram\"><\/use><\/svg><\/em>\n                                                                            <span>martinamaresova2018<\/span>\n                                                                    <\/a>\n                    <\/div>\n            <div class=\"module-icon-item\">\n                                                                <em class=\"tf_box\" style=\"background-color:rgba(0,0,0, 0);color:#ffffff\"><svg  class=\"tf_fa tf-fab-facebook-messenger\" aria-hidden=\"true\"><use href=\"#tf-fab-facebook-messenger\"><\/use><\/svg><\/em>\n                                                                            <span>martina.maresova77<\/span>\n                                                            <\/div>\n    <\/div>\n<!-- \/module icon -->\n        <\/div>\n                    <\/div>\n                <\/div>\n                    <div  data-lazy=\"1\" class=\"module_column sub_column col3-1 tb_gd7t700\">\n                            <\/div>\n                    <div  data-lazy=\"1\" class=\"module_column sub_column col3-1 tb_fg1z81 last\">\n                            <\/div>\n                    <\/div>\n                <\/div>\n                        <\/div>\n        <\/div>\n        <\/div>\n<!--\/themify_builder_content-->","protected":false},"excerpt":{"rendered":"","protected":false},"author":1,"featured_media":0,"parent":4408,"menu_order":0,"comment_status":"closed","ping_status":"closed","template":"","meta":{"footnotes":""},"class_list":["post-6199","page","type-page","status-publish","hentry","has-post-title","has-post-date","has-post-category","has-post-tag","has-post-comment","has-post-author",""],"builder_content":"<h1 style=\"text-align: left;\">Clinic J\u00f3ga<\/h1>\n<h2>Sm\u00edchov<\/h2> <p>Lekce je zam\u011b\u0159ena na\u00a0pr\u00e1ci se z\u00e1kladn\u00edmi \u00e1sanami, kter\u00e9 jsou upraveny na z\u00e1klad\u011b rehabilita\u010dn\u00edch a fyzioterapeutick\u00fdch koncept\u016f.\u00a0Klasick\u00e9 j\u00f3gov\u00e9 pozice jsou v lekci prezentov\u00e1ny tak, aby cvi\u010den\u00ed bylo bezpe\u010dn\u00e9 a vedlo k aktivaci hluboko ulo\u017een\u00fdch b\u0159i\u0161n\u00edch i z\u00e1dov\u00fdch sval\u016f a z\u00e1rove\u0148 t\u00edm do\u0161lo k bezpe\u010dn\u00e9mu prota\u017een\u00ed a zv\u00fd\u0161en\u00ed flexibility a mobility.\u00a0D\u016fraz je kladen na preciznost proveden\u00ed cvik\u016f (pozic). C\u00edlem je kompenzace sedav\u00e9ho zam\u011bstn\u00e1n\u00ed, uv\u011bdom\u011bn\u00ed si vlastn\u00edho t\u011bla a u\u010den\u00ed se spr\u00e1vn\u00fdm n\u00e1vyk\u016fm.<\/p>\n<a href=\"\/rozvrh\/#smichov\" > <em><svg aria-hidden=\"true\"><use href=\"#tf-fas-calendar-alt\"><\/use><\/svg><\/em> rozvrh <\/a> <a href=\"\/skupinove-lekce\" > <em><svg aria-hidden=\"true\"><use href=\"#tf-fas-people-group\"><\/use><\/svg><\/em> Skupinov\u00e9 lekce <\/a>\n<img src=\"https:\/\/spartangym.microweb.cz\/wp-content\/uploads\/2025\/06\/clinic-joga2.jpg\" width=\"2000\" height=\"1200\" title=\"Clinic J\u00f3ga\" alt=\"Clinic J\u00f3ga\">\n<img src=\"https:\/\/spartangym.microweb.cz\/wp-content\/uploads\/2025\/06\/clinic-joga3.jpg\" width=\"2000\" height=\"1200\" title=\"Clinic J\u00f3ga\" alt=\"Clinic J\u00f3ga\">\n<em style=\"color:#ffffff\"><svg aria-hidden=\"true\"><use href=\"#tf-fas-arrows-left-right-to-line\"><\/use><\/svg><\/em> \n <h3> Zlep\u0161en\u00ed flexibility a mobility <\/h3> <p>V d\u016fsledku zlep\u0161en\u00ed flexibility a mobility doch\u00e1z\u00ed ke\u00a0zlep\u0161en\u00ed pohybov\u00e9ho rozsahu. N\u00e1sledn\u011b ti to pom\u016f\u017ee k efektivn\u00edmu vykon\u00e1v\u00e1n\u00ed mnoha dal\u0161\u00edch fyzick\u00fdch aktivit v\u010detn\u011b jin\u00fdch forem tr\u00e9ninku. A v neposledn\u00ed \u0159ad\u011b t\u00edmto pracuje\u0161 na prevenci vzniku zran\u011bn\u00ed.<\/p>\n<em style=\"color:#ffffff\"><svg aria-hidden=\"true\"><use href=\"#tf-fas-circle-dot\"><\/use><\/svg><\/em> \n <h3> Aktivace st\u0159edu t\u011bla <\/h3> <p>Pracuje\u0161 tak na stabilizaci p\u00e1te\u0159e, zlep\u0161en\u00ed dr\u017een\u00ed t\u011bla, zlep\u0161en\u00ed rovnov\u00e1hy a koordinace, odstran\u011bn\u00ed bolest\u00ed a prevenci zran\u011bn\u00ed.<\/p>\n<em style=\"color:#ffffff\"><svg aria-hidden=\"true\"><use href=\"#tf-fas-repeat\"><\/use><\/svg><\/em> \n <h3> Z\u00edsk\u00e1v\u00e1n\u00ed spr\u00e1vn\u00fdch n\u00e1vyk\u016f <\/h3> <p>U\u010d\u00ed\u0161 se spr\u00e1vn\u00e9mu dr\u017een\u00ed t\u011bla a pracuje\u0161 na odbour\u00e1v\u00e1n\u00ed \u0161patn\u00fdch n\u00e1vyk\u016f spojen\u00fdch v\u011bt\u0161inou se sou\u010dasn\u00fdm hektick\u00fdm \u017eivotn\u00edm stylem.<\/p>\n<em style=\"color:#ffffff\"><svg aria-hidden=\"true\"><use href=\"#tf-fas-brain\"><\/use><\/svg><\/em> \n <h3> Mindfulness <\/h3> <p>V\u011bdom\u00e9 zam\u011b\u0159en\u00ed se na t\u011blo a pohyb. V\u011bnuje\u0161 se pohybu s plnou pozornost\u00ed a pracuje\u0161 tak na v\u011bt\u0161\u00ed kontrole nad sv\u00fdm t\u011blem a zv\u00fd\u0161en\u00ed efektivity pohyb\u016f.<\/p>\n<h2>Tren\u00e9\u0159i Clinic J\u00f3gy<\/h2> <p data-start=\"109\" data-end=\"323\">Lekce vede zku\u0161en\u00fd tren\u00e9r, kter\u00fd ti pom\u016f\u017ee s proveden\u00edm jednotliv\u00fdch pozic, p\u0159izp\u016fsob\u00ed cvi\u010den\u00ed tv\u00fdm pot\u0159eb\u00e1m a dohl\u00e9dne na spr\u00e1vnou techniku. C\u00edlem je, aby bylo cvi\u010den\u00ed bezpe\u010dn\u00e9, efektivn\u00ed a p\u0159\u00ednosn\u00e9 pro cel\u00e9 t\u011blo.<\/p>\n<h3 style=\"text-align: left;\">Martina Mare\u0161ov\u00e1<\/h3>\n<a href=\"https:\/\/www.instagram.com\/martinamaresova2018\/\" rel=\"noopener\" target=\"_blank\"> <em style=\"background-color:rgba(0,0,0, 0);color:#ffffff\"><svg aria-hidden=\"true\"><use href=\"#tf-fab-instagram\"><\/use><\/svg><\/em> martinamaresova2018 <\/a> <em style=\"background-color:rgba(0,0,0, 0);color:#ffffff\"><svg aria-hidden=\"true\"><use href=\"#tf-fab-facebook-messenger\"><\/use><\/svg><\/em> martina.maresova77","_links":{"self":[{"href":"http:\/\/spartangym.microweb.cz\/en\/wp-json\/wp\/v2\/pages\/6199","targetHints":{"allow":["GET"]}}],"collection":[{"href":"http:\/\/spartangym.microweb.cz\/en\/wp-json\/wp\/v2\/pages"}],"about":[{"href":"http:\/\/spartangym.microweb.cz\/en\/wp-json\/wp\/v2\/types\/page"}],"author":[{"embeddable":true,"href":"http:\/\/spartangym.microweb.cz\/en\/wp-json\/wp\/v2\/users\/1"}],"replies":[{"embeddable":true,"href":"http:\/\/spartangym.microweb.cz\/en\/wp-json\/wp\/v2\/comments?post=6199"}],"version-history":[{"count":19,"href":"http:\/\/spartangym.microweb.cz\/en\/wp-json\/wp\/v2\/pages\/6199\/revisions"}],"predecessor-version":[{"id":7641,"href":"http:\/\/spartangym.microweb.cz\/en\/wp-json\/wp\/v2\/pages\/6199\/revisions\/7641"}],"up":[{"embeddable":true,"href":"http:\/\/spartangym.microweb.cz\/en\/wp-json\/wp\/v2\/pages\/4408"}],"wp:attachment":[{"href":"http:\/\/spartangym.microweb.cz\/en\/wp-json\/wp\/v2\/media?parent=6199"}],"curies":[{"name":"wp","href":"https:\/\/api.w.org\/{rel}","templated":true}]}}