{"id":6098,"date":"2025-06-25T16:18:28","date_gmt":"2025-06-25T14:18:28","guid":{"rendered":"https:\/\/spartangym.microweb.cz\/kruhovy-trenink-copy\/"},"modified":"2025-07-31T14:05:53","modified_gmt":"2025-07-31T12:05:53","slug":"spartan-kruhac","status":"publish","type":"page","link":"http:\/\/spartangym.microweb.cz\/en\/skupinove-lekce\/spartan-kruhac\/","title":{"rendered":"Spartan circuit training"},"content":{"rendered":"<p><\/p>\n\n<!--themify_builder_content-->\n<div id=\"themify_builder_content-6098\" data-postid=\"6098\" class=\"themify_builder_content themify_builder_content-6098 themify_builder tf_clear\">\n                    <div  data-lazy=\"1\" class=\"module_row themify_builder_row tb_oaa8000 tb_first tf_w\">\n            <span  class=\"builder_row_cover tf_abs\" data-lazy=\"1\"><\/span>            <div class=\"row_inner col_align_top tb_col_count_1 tf_box tf_rel\">\n                        <div  data-lazy=\"1\" class=\"module_column tb-column col-full tb_r52o058 first\">\n                            <div  data-lazy=\"1\" class=\"module_subrow themify_builder_sub_row tf_w col_align_top tb_col_count_1 tb_abxf000\">\n                <div  data-lazy=\"1\" class=\"module_column sub_column col-full tb_y08e040 first\">\n                    <!-- module text -->\n<div  class=\"module module-text tb_kepn050 moving\" data-lazy=\"1\">\n        <div  class=\"tb_text_wrap\">\n        <h1 style=\"text-align: left;\">Spartan circuit training<\/h1>    <\/div>\n<\/div>\n<!-- \/module text -->        <\/div>\n                    <\/div>\n                <div  data-lazy=\"1\" class=\"module_subrow themify_builder_sub_row tf_w col_align_top gutter-none tb_col_count_2 tb_tc4p800\">\n                <div  data-lazy=\"1\" class=\"module_column sub_column col4-2 tb_6e75801 first\">\n                    <!-- module text -->\n<div  class=\"module module-text tb_dqho008\" data-lazy=\"1\">\n        <div  class=\"tb_text_wrap\">\n        <h2>Vinohrady<\/h2>\n<p>The Spartan circuit combines exercise intervals focused on developing strength, endurance, and flexibility. You\u2019ll move through various stations targeting key muscle groups. You\u2019ll use your body weight, resistance bands, dumbbells, and other equipment. The result is effective toning, body shaping, and rapid calorie burning.<\/p>    <\/div>\n<\/div>\n<!-- \/module text --><!-- module buttons -->\n<div  class=\"module module-buttons tb_1m3l002 buttons-horizontal solid  small circle\" data-lazy=\"1\">\n        <div class=\"module-buttons-item tf_in_flx\">\n                        <a href=\"http:\/\/spartangym.microweb.cz\/en\/rozvrh\/#vinohrady\" class=\"ui builder_button tf_in_flx red\" >\n                                    <em><svg  class=\"tf_fa tf-fas-calendar-alt\" aria-hidden=\"true\"><use href=\"#tf-fas-calendar-alt\"><\/use><\/svg><\/em>                                        schedule                                        <\/a>\n                <\/div>\n                    <div class=\"module-buttons-item tf_in_flx\">\n                        <a href=\"http:\/\/spartangym.microweb.cz\/en\/skupinove-lekce\/#tab-tb_7o86331-2\" class=\"ui builder_button tf_in_flx tb_default_color\" >\n                                    <em><svg  class=\"tf_fa tf-fas-people-group\" aria-hidden=\"true\"><use href=\"#tf-fas-people-group\"><\/use><\/svg><\/em>                                        Group classes                                        <\/a>\n                <\/div>\n            <\/div>\n<!-- \/module buttons -->\n        <\/div>\n                    <div  data-lazy=\"1\" class=\"module_column sub_column col4-2 tb_tghc058 last\">\n                            <\/div>\n                    <\/div>\n                <\/div>\n                        <\/div>\n        <\/div>\n                        <div  data-lazy=\"1\" class=\"module_row themify_builder_row tb_vd90000 tf_w\">\n            <span  class=\"builder_row_cover tf_abs\" data-lazy=\"1\"><\/span>            <div class=\"row_inner col_align_middle tb_col_count_2 tf_box tf_rel\">\n                        <div  data-lazy=\"1\" class=\"module_column tb-column col4-2 tb_4pg9208 first\">\n                    <!-- module image -->\n<div  class=\"module module-image tb_y00v005 image-top   auto_fullwidth tf_mw\" data-lazy=\"1\" data-lax-translate-y=\"(vh*1) 0,(vh*0) -70\" data-lax=\"true\">\n        <div class=\"image-wrap tf_rel tf_mw\">\n            <img loading=\"lazy\" decoding=\"async\" src=\"https:\/\/spartangym.microweb.cz\/wp-content\/uploads\/2025\/06\/IMG-20250625-WA0097.jpg\" width=\"2000\" height=\"1200\" title=\"Spartan circuit training\" alt=\"Spartan kruh\u00e1\u010d\">    \n        <\/div>\n    <!-- \/image-wrap -->\n    \n        <\/div>\n<!-- \/module image --><!-- module image -->\n<div  class=\"module module-image tb_oz1m022 image-right   auto_fullwidth tf_mw tb_gs525d7\" data-lazy=\"1\" data-lax-translate-y=\"(vh*1) 0,(vh*0) -140\" data-lax=\"true\">\n        <div class=\"image-wrap tf_rel tf_mw\">\n            <img loading=\"lazy\" decoding=\"async\" src=\"https:\/\/spartangym.microweb.cz\/wp-content\/uploads\/2025\/06\/IMG-20250625-WA0087.jpg\" width=\"2000\" height=\"1200\" title=\"Spartan circuit training\" alt=\"Spartan kruh\u00e1\u010d\">    \n        <\/div>\n    <!-- \/image-wrap -->\n    \n        <\/div>\n<!-- \/module image -->        <\/div>\n                    <div  data-lazy=\"1\" class=\"module_column tb-column col4-2 tb_n6v9280 last\">\n                            <div  data-lazy=\"1\" class=\"module_subrow themify_builder_sub_row tf_w col_align_top tb_col_count_1 tb_rqm8509\">\n                <div  data-lazy=\"1\" class=\"module_column sub_column col-full tb_chts300 first\">\n                    <!-- module feature -->\n<div  class=\"module module-feature tb_uck3088 no-chart layout-icon-left size-custom\" data-layout-mobile=\"icon-left\" data-layout-desktop=\"icon-left\" data-lazy=\"1\">\n        <div class=\"module-feature-image tf_textc tf_rel\">\n                            <span class=\"module-feature-chart-html5 tf_box tf_rel tf_inline_b\" style=\"width:80px;height:80px;background-color:#c41215\">\n                                <span class=\"chart-html5-circle tf_w tf_h\">\n                                            <em class=\"module-feature-icon tf_rel\" style=\"color:#ffffff\"><svg  class=\"tf_fa tf-fas-fire\" aria-hidden=\"true\"><use href=\"#tf-fas-fire\"><\/use><\/svg><\/em>\n                                    <\/span>\n\n                \n            <\/span>\n                <\/div>\n    <div class=\"module-feature-content tf_textc\">\n                    <h3 class=\"module-feature-title\">\n                            Effective calorie burning                        <\/h3>\n                    <div class=\"tb_text_wrap\">\n            <p>The interval style will help you burn calories quickly and improve your metabolism.<\/p>        <\/div>\n    <\/div>\n<\/div>\n<!-- \/module feature -->\n<!-- module feature -->\n<div  class=\"module module-feature tb_ufcy353 no-chart layout-icon-left size-custom\" data-layout-mobile=\"icon-left\" data-layout-desktop=\"icon-left\" data-lazy=\"1\">\n        <div class=\"module-feature-image tf_textc tf_rel\">\n                            <span class=\"module-feature-chart-html5 tf_box tf_rel tf_inline_b\" style=\"width:80px;height:80px;background-color:#c41215\">\n                                <span class=\"chart-html5-circle tf_w tf_h\">\n                                            <em class=\"module-feature-icon tf_rel\" style=\"color:#ffffff\"><svg  class=\"tf_fa tf-fas-dumbbell\" aria-hidden=\"true\"><use href=\"#tf-fas-dumbbell\"><\/use><\/svg><\/em>\n                                    <\/span>\n\n                \n            <\/span>\n                <\/div>\n    <div class=\"module-feature-content tf_textc\">\n                    <h3 class=\"module-feature-title\">\n                            Comprehensive strengthening                        <\/h3>\n                    <div class=\"tb_text_wrap\">\n            <p>You will exercise all the major muscle groups and build strength and endurance.<\/p>        <\/div>\n    <\/div>\n<\/div>\n<!-- \/module feature -->\n<!-- module feature -->\n<div  class=\"module module-feature tb_k2um034 no-chart layout-icon-left size-custom\" data-layout-mobile=\"icon-left\" data-layout-desktop=\"icon-left\" data-lazy=\"1\">\n        <div class=\"module-feature-image tf_textc tf_rel\">\n                            <span class=\"module-feature-chart-html5 tf_box tf_rel tf_inline_b\" style=\"width:80px;height:80px;background-color:#c41215\">\n                                <span class=\"chart-html5-circle tf_w tf_h\">\n                                            <em class=\"module-feature-icon tf_rel\" style=\"color:#ffffff\"><svg  class=\"tf_fa tf-fas-layer-group\" aria-hidden=\"true\"><use href=\"#tf-fas-layer-group\"><\/use><\/svg><\/em>\n                                    <\/span>\n\n                \n            <\/span>\n                <\/div>\n    <div class=\"module-feature-content tf_textc\">\n                    <h3 class=\"module-feature-title\">\n                            Diversity and variability                        <\/h3>\n                    <div class=\"tb_text_wrap\">\n            <p>Each workout brings a new combination of exercises, so you&#039;ll never get bored.<\/p>        <\/div>\n    <\/div>\n<\/div>\n<!-- \/module feature -->\n<!-- module feature -->\n<div  class=\"module module-feature tb_ld01000 no-chart layout-icon-left size-custom\" data-layout-mobile=\"icon-left\" data-layout-desktop=\"icon-left\" data-lazy=\"1\">\n        <div class=\"module-feature-image tf_textc tf_rel\">\n                            <span class=\"module-feature-chart-html5 tf_box tf_rel tf_inline_b\" style=\"width:80px;height:80px;background-color:#c41215\">\n                                <span class=\"chart-html5-circle tf_w tf_h\">\n                                            <em class=\"module-feature-icon tf_rel\" style=\"color:#ffffff\"><svg  class=\"tf_fa tf-fas-person-running\" aria-hidden=\"true\"><use href=\"#tf-fas-person-running\"><\/use><\/svg><\/em>\n                                    <\/span>\n\n                \n            <\/span>\n                <\/div>\n    <div class=\"module-feature-content tf_textc\">\n                    <h3 class=\"module-feature-title\">\n                            Higher fitness and stamina                        <\/h3>\n                    <div class=\"tb_text_wrap\">\n            <p>You will improve your fitness and support heart activity for overall health and energy.<\/p>        <\/div>\n    <\/div>\n<\/div>\n<!-- \/module feature -->\n        <\/div>\n                    <\/div>\n                <\/div>\n                        <\/div>\n        <\/div>\n                        <div  data-lazy=\"1\" class=\"module_row themify_builder_row tb_3270085 tf_w\">\n                        <div class=\"row_inner col_align_top tb_col_count_1 tf_box tf_rel\">\n                        <div  data-lazy=\"1\" class=\"module_column tb-column col-full tb_e28v005 first\">\n                    <!-- module text -->\n<div  class=\"module module-text tb_apao005\" data-lazy=\"1\">\n        <div  class=\"tb_text_wrap\">\n        <h2>Spartan circuit training coaches<\/h2>\n<p data-start=\"109\" data-end=\"323\">Circuit training with us takes place under the guidance of an experienced trainer who will guide you through each station and make sure you exercise correctly and effectively. The trainer will adjust the pace to your abilities and ensure that you get the most out of each lesson.<\/p>    <\/div>\n<\/div>\n<!-- \/module text -->        <\/div>\n                        <\/div>\n        <\/div>\n                        <div  data-lazy=\"1\" class=\"module_row themify_builder_row tb_qk6e500 tf_w\">\n                        <div class=\"row_inner col_align_top tb_col_count_1 tf_box tf_rel\">\n                        <div  data-lazy=\"1\" class=\"module_column tb-column col-full tb_l5cc400 first\">\n                            <div  data-lazy=\"1\" class=\"module_subrow themify_builder_sub_row tf_w col_align_top tb_col_count_3 tb_x7wd535\">\n                <div  data-lazy=\"1\" class=\"module_column sub_column col3-1 tb_wpsk884 first\">\n        <span  class=\"builder_row_cover tf_abs\" data-lazy=\"1\"><\/span>                    <div  data-lazy=\"1\" class=\"module_subrow themify_builder_sub_row tf_w col_align_top tb_col_count_1 tb_32o1550\">\n                <div  data-lazy=\"1\" class=\"module_column sub_column col-full tb_1xt8107 first\">\n                    <!-- module text -->\n<div  class=\"module module-text tb_zz90107\" data-lazy=\"1\">\n        <div  class=\"tb_text_wrap\">\n        <h3 style=\"text-align: left;\">Martin Svoboda<\/h3>    <\/div>\n<\/div>\n<!-- \/module text --><!-- module icon -->\n<div  class=\"module module-icon tb_mztu702    icon_vertical\" data-lazy=\"1\">\n            <div class=\"module-icon-item\">\n                                                                <em class=\"tf_box\" style=\"background-color:rgba(0,0,0, 0);color:#ffffff\"><svg  class=\"tf_fa tf-fas-user-tag\" aria-hidden=\"true\"><use href=\"#tf-fas-user-tag\"><\/use><\/svg><\/em>\n                                                                            <span>Founder and conditioning coach<\/span>\n                                                            <\/div>\n            <div class=\"module-icon-item\">\n                            <a href=\"https:\/\/www.instagram.com\/svoboda_martin_spartangym\/\" rel=\"noopener\" target=\"_blank\">\n                                                                    <em class=\"tf_box\" style=\"background-color:rgba(0,0,0, 0);color:#ffffff\"><svg  class=\"tf_fa tf-fab-instagram\" aria-hidden=\"true\"><use href=\"#tf-fab-instagram\"><\/use><\/svg><\/em>\n                                                                            <span>svoboda_martin_spartangym<\/span>\n                                                                    <\/a>\n                    <\/div>\n            <div class=\"module-icon-item\">\n                            <a href=\"mailto:svobodamartin07@gmail.com\" rel=\"noopener\" target=\"_blank\">\n                                                                    <em class=\"tf_box\" style=\"background-color:rgba(0,0,0, 0);color:#ffffff\"><svg  class=\"tf_fa tf-fas-envelope\" aria-hidden=\"true\"><use href=\"#tf-fas-envelope\"><\/use><\/svg><\/em>\n                                                                            <span>svobodamartin07@gmail.com<\/span>\n                                                                    <\/a>\n                    <\/div>\n    <\/div>\n<!-- \/module icon -->\n        <\/div>\n                    <\/div>\n                <\/div>\n                    <div  data-lazy=\"1\" class=\"module_column sub_column col3-1 tb_m9kp769\">\n        <span  class=\"builder_row_cover tf_abs\" data-lazy=\"1\"><\/span>                    <div  data-lazy=\"1\" class=\"module_subrow themify_builder_sub_row tf_w col_align_top tb_col_count_1 tb_wiuz769\">\n                <div  data-lazy=\"1\" class=\"module_column sub_column col-full tb_sdl6769 first\">\n                    <!-- module text -->\n<div  class=\"module module-text tb_g74k769\" data-lazy=\"1\">\n        <div  class=\"tb_text_wrap\">\n        <h3 style=\"text-align: left;\">Pavla Modr\u00e1<\/h3>    <\/div>\n<\/div>\n<!-- \/module text --><!-- module icon -->\n<div  class=\"module module-icon tb_g2zf769    icon_vertical\" data-lazy=\"1\">\n            <div class=\"module-icon-item\">\n                                                                <em class=\"tf_box\" style=\"background-color:rgba(0,0,0, 0);color:#ffffff\"><svg  class=\"tf_fa tf-fas-user-tag\" aria-hidden=\"true\"><use href=\"#tf-fas-user-tag\"><\/use><\/svg><\/em>\n                                                                            <span>Physio coach<\/span>\n                                                            <\/div>\n            <div class=\"module-icon-item\">\n                            <a href=\"https:\/\/www.instagram.com\/pavla_modra_fyzio_koucka\/\" rel=\"noopener\" target=\"_blank\">\n                                                                    <em class=\"tf_box\" style=\"background-color:rgba(0,0,0, 0);color:#ffffff\"><svg  class=\"tf_fa tf-fab-instagram\" aria-hidden=\"true\"><use href=\"#tf-fab-instagram\"><\/use><\/svg><\/em>\n                                                                            <span>pavla_modra_fyzio_koucka<\/span>\n                                                                    <\/a>\n                    <\/div>\n            <div class=\"module-icon-item\">\n                            <a href=\"https:\/\/www.pavlamodra.com\/\" rel=\"noopener\" target=\"_blank\">\n                                                                    <em class=\"tf_box\" style=\"background-color:rgba(0,0,0, 0);color:#ffffff\"><svg  class=\"tf_fa tf-fas-globe\" aria-hidden=\"true\"><use href=\"#tf-fas-globe\"><\/use><\/svg><\/em>\n                                                                            <span>pavlamodra.com<\/span>\n                                                                    <\/a>\n                    <\/div>\n    <\/div>\n<!-- \/module icon -->\n        <\/div>\n                    <\/div>\n                <\/div>\n                    <div  data-lazy=\"1\" class=\"module_column sub_column col3-1 tb_l2vw623 last\">\n        <span  class=\"builder_row_cover tf_abs\" data-lazy=\"1\"><\/span>                    <div  data-lazy=\"1\" class=\"module_subrow themify_builder_sub_row tf_w col_align_top tb_col_count_1 tb_gzuz623\">\n                <div  data-lazy=\"1\" class=\"module_column sub_column col-full tb_2rns623 first\">\n                    <!-- module text -->\n<div  class=\"module module-text tb_qkhm623\" data-lazy=\"1\">\n        <div  class=\"tb_text_wrap\">\n        <h3 style=\"text-align: left;\">Simona Kroc<\/h3>    <\/div>\n<\/div>\n<!-- \/module text --><!-- module icon -->\n<div  class=\"module module-icon tb_86oq623    icon_vertical\" data-lazy=\"1\">\n            <div class=\"module-icon-item\">\n                                                                <em class=\"tf_box\" style=\"background-color:rgba(0,0,0, 0);color:#ffffff\"><svg  class=\"tf_fa tf-fas-user-tag\" aria-hidden=\"true\"><use href=\"#tf-fas-user-tag\"><\/use><\/svg><\/em>\n                                                                            <span>Personal coach<\/span>\n                                                            <\/div>\n            <div class=\"module-icon-item\">\n                            <a href=\"https:\/\/www.instagram.com\/zizala.la\/\" rel=\"noopener\" target=\"_blank\">\n                                                                    <em class=\"tf_box\" style=\"background-color:rgba(0,0,0, 0);color:#ffffff\"><svg  class=\"tf_fa tf-fab-instagram\" aria-hidden=\"true\"><use href=\"#tf-fab-instagram\"><\/use><\/svg><\/em>\n                                                                            <span>zizala.la<\/span>\n                                                                    <\/a>\n                    <\/div>\n            <div class=\"module-icon-item\">\n                            <a href=\"mailto:krocsimona@gmail.com\" rel=\"noopener\" target=\"_blank\">\n                                                                    <em class=\"tf_box\" style=\"background-color:rgba(0,0,0, 0);color:#ffffff\"><svg  class=\"tf_fa tf-fas-envelope\" aria-hidden=\"true\"><use href=\"#tf-fas-envelope\"><\/use><\/svg><\/em>\n                                                                            <span>krocsimona@gmail.com<\/span>\n                                                                    <\/a>\n                    <\/div>\n    <\/div>\n<!-- \/module icon -->\n        <\/div>\n                    <\/div>\n                <\/div>\n                    <\/div>\n                <\/div>\n                        <\/div>\n        <\/div>\n        <\/div>\n<!--\/themify_builder_content-->","protected":false},"excerpt":{"rendered":"","protected":false},"author":1,"featured_media":0,"parent":4408,"menu_order":0,"comment_status":"closed","ping_status":"closed","template":"","meta":{"footnotes":""},"class_list":["post-6098","page","type-page","status-publish","hentry","has-post-title","has-post-date","has-post-category","has-post-tag","has-post-comment","has-post-author",""],"builder_content":"<h1 style=\"text-align: left;\">Spartan kruh\u00e1\u010d<\/h1>\n<h2>Vinohrady<\/h2> <p>Spartan kruh\u00e1\u010d kombinuje intervaly cvi\u010den\u00ed zam\u011b\u0159en\u00e9 na rozvoj s\u00edly, vytrvalosti a flexibility. \u010cekaj\u00ed t\u011b r\u016fzn\u00e1 stanovi\u0161t\u011b, kde pos\u00edl\u00ed\u0161 kl\u00ed\u010dov\u00e9 svalov\u00e9 partie. Vyu\u017eije\u0161 v\u00e1hu vlastn\u00edho t\u011bla, odporov\u00e9 gumy, \u010dinky a dal\u0161\u00ed pom\u016fcky. V\u00fdsledkem je efektivn\u00ed zpevn\u011bn\u00ed, formov\u00e1n\u00ed t\u011bla a rychl\u00e9 spalov\u00e1n\u00ed kalori\u00ed.<\/p>\n<a href=\"\/rozvrh\/#vinohrady\" > <em><svg aria-hidden=\"true\"><use href=\"#tf-fas-calendar-alt\"><\/use><\/svg><\/em> rozvrh <\/a> <a href=\"\/skupinove-lekce\/#tab-tb_7o86331-2\" > <em><svg aria-hidden=\"true\"><use href=\"#tf-fas-people-group\"><\/use><\/svg><\/em> Skupinov\u00e9 lekce <\/a>\n<img src=\"https:\/\/spartangym.microweb.cz\/wp-content\/uploads\/2025\/06\/IMG-20250625-WA0097.jpg\" width=\"2000\" height=\"1200\" title=\"Spartan kruh\u00e1\u010d\" alt=\"Spartan kruh\u00e1\u010d\">\n<img src=\"https:\/\/spartangym.microweb.cz\/wp-content\/uploads\/2025\/06\/IMG-20250625-WA0087.jpg\" width=\"2000\" height=\"1200\" title=\"Spartan kruh\u00e1\u010d\" alt=\"Spartan kruh\u00e1\u010d\">\n<em style=\"color:#ffffff\"><svg aria-hidden=\"true\"><use href=\"#tf-fas-fire\"><\/use><\/svg><\/em> \n <h3> Efektivn\u00ed spalov\u00e1n\u00ed kalori\u00ed <\/h3> <p>Intervalov\u00fd styl ti pom\u016f\u017ee rychle sp\u00e1lit kalorie a zlep\u0161it metabolismus.<\/p>\n<em style=\"color:#ffffff\"><svg aria-hidden=\"true\"><use href=\"#tf-fas-dumbbell\"><\/use><\/svg><\/em> \n <h3> Komplexn\u00ed pos\u00edlen\u00ed <\/h3> <p>Procvi\u010d\u00ed\u0161 v\u0161echny hlavn\u00ed svalov\u00e9 partie a vybuduje\u0161 s\u00edlu i vytrvalost.<\/p>\n<em style=\"color:#ffffff\"><svg aria-hidden=\"true\"><use href=\"#tf-fas-layer-group\"><\/use><\/svg><\/em> \n <h3> Pestrost a variabilita <\/h3> <p>Ka\u017ed\u00fd tr\u00e9nink p\u0159in\u00e1\u0161\u00ed novou kombinaci cvik\u016f, tak\u017ee se nikdy nebude\u0161 nudit.<\/p>\n<em style=\"color:#ffffff\"><svg aria-hidden=\"true\"><use href=\"#tf-fas-person-running\"><\/use><\/svg><\/em> \n <h3> Vy\u0161\u0161\u00ed kondice a v\u00fddr\u017e <\/h3> <p>Zlep\u0161\u00ed\u0161 svou kondici a podpo\u0159\u00ed\u0161 srde\u010dn\u00ed \u010dinnost pro celkov\u00e9 zdrav\u00ed a energii.<\/p>\n<h2>Tren\u00e9\u0159i Spartan kruh\u00e1\u010de<\/h2> <p data-start=\"109\" data-end=\"323\">Kruhov\u00fd tr\u00e9nink u n\u00e1s prob\u00edh\u00e1 pod veden\u00edm zku\u0161en\u00e9ho tren\u00e9ra, kter\u00fd t\u011b provede ka\u017ed\u00fdm stanovi\u0161t\u011bm a postar\u00e1 se, abys cvi\u010dil\/a spr\u00e1vn\u011b a efektivn\u011b. Tren\u00e9r p\u0159izp\u016fsob\u00ed tempo tv\u00fdm mo\u017enostem a zajist\u00ed, \u017ee se z ka\u017ed\u00e9 lekce dostane maximum.<\/p>\n<h3 style=\"text-align: left;\">Martin Svoboda<\/h3>\n<em style=\"background-color:rgba(0,0,0, 0);color:#ffffff\"><svg aria-hidden=\"true\"><use href=\"#tf-fas-user-tag\"><\/use><\/svg><\/em> Zakladatel a kondi\u010dn\u00ed tren\u00e9r <a href=\"https:\/\/www.instagram.com\/svoboda_martin_spartangym\/\" rel=\"noopener\" target=\"_blank\"> <em style=\"background-color:rgba(0,0,0, 0);color:#ffffff\"><svg aria-hidden=\"true\"><use href=\"#tf-fab-instagram\"><\/use><\/svg><\/em> svoboda_martin_spartangym <\/a> <a href=\"mailto:svobodamartin07@gmail.com\" rel=\"noopener\" target=\"_blank\"> <em style=\"background-color:rgba(0,0,0, 0);color:#ffffff\"><svg aria-hidden=\"true\"><use href=\"#tf-fas-envelope\"><\/use><\/svg><\/em> svobodamartin07@gmail.com <\/a>\n<h3 style=\"text-align: left;\">Pavla Modr\u00e1<\/h3>\n<em style=\"background-color:rgba(0,0,0, 0);color:#ffffff\"><svg aria-hidden=\"true\"><use href=\"#tf-fas-user-tag\"><\/use><\/svg><\/em> Fyziokou\u010dka a tren\u00e9rka <a href=\"https:\/\/www.instagram.com\/pavla_modra_fyzio_koucka\/\" rel=\"noopener\" target=\"_blank\"> <em style=\"background-color:rgba(0,0,0, 0);color:#ffffff\"><svg aria-hidden=\"true\"><use href=\"#tf-fab-instagram\"><\/use><\/svg><\/em> pavla_modra_fyzio_koucka <\/a> <a href=\"https:\/\/www.pavlamodra.com\/\" rel=\"noopener\" target=\"_blank\"> <em style=\"background-color:rgba(0,0,0, 0);color:#ffffff\"><svg aria-hidden=\"true\"><use href=\"#tf-fas-globe\"><\/use><\/svg><\/em> pavlamodra.com <\/a>\n<h3 style=\"text-align: left;\">Simona Kroc<\/h3>\n<em style=\"background-color:rgba(0,0,0, 0);color:#ffffff\"><svg aria-hidden=\"true\"><use href=\"#tf-fas-user-tag\"><\/use><\/svg><\/em> Osobn\u00ed tren\u00e9rka <a href=\"https:\/\/www.instagram.com\/zizala.la\/\" rel=\"noopener\" target=\"_blank\"> <em style=\"background-color:rgba(0,0,0, 0);color:#ffffff\"><svg aria-hidden=\"true\"><use href=\"#tf-fab-instagram\"><\/use><\/svg><\/em> zizala.la <\/a> <a href=\"mailto:krocsimona@gmail.com\" rel=\"noopener\" target=\"_blank\"> <em style=\"background-color:rgba(0,0,0, 0);color:#ffffff\"><svg aria-hidden=\"true\"><use href=\"#tf-fas-envelope\"><\/use><\/svg><\/em> krocsimona@gmail.com <\/a>","_links":{"self":[{"href":"http:\/\/spartangym.microweb.cz\/en\/wp-json\/wp\/v2\/pages\/6098","targetHints":{"allow":["GET"]}}],"collection":[{"href":"http:\/\/spartangym.microweb.cz\/en\/wp-json\/wp\/v2\/pages"}],"about":[{"href":"http:\/\/spartangym.microweb.cz\/en\/wp-json\/wp\/v2\/types\/page"}],"author":[{"embeddable":true,"href":"http:\/\/spartangym.microweb.cz\/en\/wp-json\/wp\/v2\/users\/1"}],"replies":[{"embeddable":true,"href":"http:\/\/spartangym.microweb.cz\/en\/wp-json\/wp\/v2\/comments?post=6098"}],"version-history":[{"count":55,"href":"http:\/\/spartangym.microweb.cz\/en\/wp-json\/wp\/v2\/pages\/6098\/revisions"}],"predecessor-version":[{"id":7668,"href":"http:\/\/spartangym.microweb.cz\/en\/wp-json\/wp\/v2\/pages\/6098\/revisions\/7668"}],"up":[{"embeddable":true,"href":"http:\/\/spartangym.microweb.cz\/en\/wp-json\/wp\/v2\/pages\/4408"}],"wp:attachment":[{"href":"http:\/\/spartangym.microweb.cz\/en\/wp-json\/wp\/v2\/media?parent=6098"}],"curies":[{"name":"wp","href":"https:\/\/api.w.org\/{rel}","templated":true}]}}